{"id":8386,"date":"2022-04-21T11:33:37","date_gmt":"2022-04-21T15:33:37","guid":{"rendered":"https:\/\/qprn.ca\/?page_id=8386"},"modified":"2024-02-23T14:12:38","modified_gmt":"2024-02-23T19:12:38","slug":"service-imagerie","status":"publish","type":"page","link":"https:\/\/qprn.ca\/fr\/service-imagerie\/","title":{"rendered":"Service imagerie"},"content":{"rendered":"\n<p>Les techniques non invasives sont prim\u00e9es afin d&rsquo;am\u00e9liorer la compr\u00e9hension des m\u00e9canismes sous-jacents \u00e0 la douleur, mais \u00e9galement pour r\u00e9pondre aux besoins des p\u00f4les pr\u00e9cliniques et cliniques qui visent \u00e0 am\u00e9liorer la pr\u00e9dictibilit\u00e9 d&rsquo;outils diagnostic visant \u00e0 optimiser les trajectoires de soins dans un contexte de maladies chroniques. Le membres expert.e.s du RQRD peuvent vous former, vous aider \u00e0 acc\u00e9der \u00e0 des structures de pointe et vous accompagner dans le d\u00e9veloppement de votre projet, ainsi que dans la collecte et l\u2019interpr\u00e9tation des donn\u00e9es.<\/p>\n\n\n\n<div style=\"height:20px\" aria-hidden=\"true\" class=\"wp-block-spacer\"><\/div>\n\n\n\n<div class=\"wp-block-columns is-layout-flex wp-container-core-columns-is-layout-9d6595d7 wp-block-columns-is-layout-flex\">\n<div class=\"wp-block-column is-layout-flow wp-block-column-is-layout-flow\">\n<figure class=\"wp-block-image size-full\"><img loading=\"lazy\" decoding=\"async\" width=\"700\" height=\"467\" src=\"https:\/\/qprn.ca\/wp-content\/uploads\/2022\/04\/pexels-cottonbro-5723877-00-1.jpg\" alt=\"\" class=\"wp-image-8389\" title=\"\"><\/figure>\n\n\n\n<h3 class=\"wp-block-heading\">\u00e9quipements et localisation<\/h3>\n\n\n\n<p><strong>Imagerie par r\u00e9sonance magn\u00e9tique<\/strong><br>&#8211; Universit\u00e9 de Montr\u00e9al, Institut universitaire de g\u00e9riatrie<br>&#8211; Centre Universitaire Sant\u00e9 McGill, Hopital g\u00e9n\u00e9ral de Montr\u00e9al<br>&#8211; Universit\u00e9 Laval, Centre de recherche CERVO<br>&#8211; Universit\u00e9 Concordia<br>&#8211; Universit\u00e9 de Sherbrooke<br>&#8211; Universit\u00e9 McGill, Institut-h\u00f4pital neurologique de Montr\u00e9al (IRM7T)<\/p>\n\n\n\n<p><strong>Imagerie par r\u00e9sonance magn\u00e9tique humain\/rongeur<\/strong><br>&#8211; Institut universitaire en sant\u00e9 mentale Douglas<br>&#8211; Universit\u00e9 McGill, Institut-h\u00f4pital neurologique de Montr\u00e9al (IRM7T)<br><br><strong>Tomographie par \u00e9mission de positrons<\/strong><br>&#8211; Universit\u00e9 McGill, Institut-h\u00f4pital neurologique de Montr\u00e9al<br>&#8211; Universit\u00e9 de Montr\u00e9al, Centre hospitalier Universit\u00e9 Montr\u00e9al<br>&#8211; Universit\u00e9 Concordia<br>&#8211; Universit\u00e9 de Sherbrooke<\/p>\n\n\n\n<p><strong>Magn\u00e9toenc\u00e9phalographie<\/strong><br>&#8211; Universit\u00e9 de Montr\u00e9al, d\u00e9partement de psychologie<br>&#8211; Universit\u00e9 McGill, Institut-h\u00f4pital neurologique de Montr\u00e9al<br><br><br><br><\/p>\n<\/div>\n\n\n\n<div class=\"wp-block-column is-layout-flow wp-block-column-is-layout-flow\">\n<figure class=\"wp-block-image size-full is-resized\"><img loading=\"lazy\" decoding=\"async\" width=\"700\" height=\"467\" src=\"https:\/\/qprn.ca\/wp-content\/uploads\/2022\/04\/pexels-cottonbro-5723883-00.jpg\" alt=\"\" class=\"wp-image-8392\" style=\"width:557px;height:371px\" title=\"\"><\/figure>\n\n\n\n<h3 class=\"wp-block-heading\">conseils\/suivi et formation<\/h3>\n\n\n\n<p><strong>Conseils<\/strong><br>&#8211; Conseil de planification d\u2019exp\u00e9rimentations<br>&#8211; Tests pilotes<br>&#8211; Contr\u00f4le qualit\u00e9 (test s\u00e9quences IRM)<br>&#8211; Analyses et transfert de donn\u00e9es<br>&#8211; \u00c9criture de subventions<br><br><strong>Formation<\/strong><br>&#8211; Aide pour \u00e9tudiants<br>&#8211; Ateliers de formation<br><\/p>\n<\/div>\n<\/div>\n\n\n\n<p>L\u2019exp\u00e9rience de nos membres peut enrichir, acc\u00e9l\u00e9rer et propulser vos projets.<\/p>\n\n\n\n<p><strong><a href=\"m&#97;&#x69;&#x6c;t&#111;&#58;&#x6d;&#x61;t&#104;&#105;&#x65;&#x75;&#46;&#114;&#x6f;&#x79;&#x33;&#64;&#109;&#x63;&#x67;i&#108;&#108;&#x2e;&#x63;a?subject=RQRD_Service imagerie\" target=\"_blank\" rel=\"noreferrer noopener\">Contactez-nous<\/a><\/strong><\/p>\n","protected":false},"excerpt":{"rendered":"<p>Les techniques non invasives sont prim\u00e9es afin d&rsquo;am\u00e9liorer la compr\u00e9hension des m\u00e9canismes sous-jacents \u00e0 la&#8230;<\/p>\n","protected":false},"author":3,"featured_media":0,"parent":0,"menu_order":0,"comment_status":"closed","ping_status":"closed","template":"","meta":{"_acf_changed":false,"footnotes":""},"class_list":["post-8386","page","type-page","status-publish","hentry"],"acf":[],"_links":{"self":[{"href":"https:\/\/qprn.ca\/fr\/wp-json\/wp\/v2\/pages\/8386","targetHints":{"allow":["GET"]}}],"collection":[{"href":"https:\/\/qprn.ca\/fr\/wp-json\/wp\/v2\/pages"}],"about":[{"href":"https:\/\/qprn.ca\/fr\/wp-json\/wp\/v2\/types\/page"}],"author":[{"embeddable":true,"href":"https:\/\/qprn.ca\/fr\/wp-json\/wp\/v2\/users\/3"}],"replies":[{"embeddable":true,"href":"https:\/\/qprn.ca\/fr\/wp-json\/wp\/v2\/comments?post=8386"}],"version-history":[{"count":0,"href":"https:\/\/qprn.ca\/fr\/wp-json\/wp\/v2\/pages\/8386\/revisions"}],"wp:attachment":[{"href":"https:\/\/qprn.ca\/fr\/wp-json\/wp\/v2\/media?parent=8386"}],"curies":[{"name":"wp","href":"https:\/\/api.w.org\/{rel}","templated":true}]}}