{"id":82,"date":"2019-07-03T01:18:47","date_gmt":"2019-07-03T05:18:47","guid":{"rendered":"https:\/\/qprn.ca\/?page_id=82"},"modified":"2026-04-23T10:04:08","modified_gmt":"2026-04-23T14:04:08","slug":"nous-joindre","status":"publish","type":"page","link":"https:\/\/qprn.ca\/fr\/nous-joindre\/","title":{"rendered":"Nous Joindre"},"content":{"rendered":"<script type=\"text\/javascript\">\n\/* <![CDATA[ *\/\nvar gform;gform||(document.addEventListener(\"gform_main_scripts_loaded\",function(){gform.scriptsLoaded=!0}),document.addEventListener(\"gform\/theme\/scripts_loaded\",function(){gform.themeScriptsLoaded=!0}),window.addEventListener(\"DOMContentLoaded\",function(){gform.domLoaded=!0}),gform={domLoaded:!1,scriptsLoaded:!1,themeScriptsLoaded:!1,isFormEditor:()=>\"function\"==typeof InitializeEditor,callIfLoaded:function(o){return!(!gform.domLoaded||!gform.scriptsLoaded||!gform.themeScriptsLoaded&&!gform.isFormEditor()||(gform.isFormEditor()&&console.warn(\"The use of gform.initializeOnLoaded() is deprecated in the form editor context and will be removed in Gravity Forms 3.1.\"),o(),0))},initializeOnLoaded:function(o){gform.callIfLoaded(o)||(document.addEventListener(\"gform_main_scripts_loaded\",()=>{gform.scriptsLoaded=!0,gform.callIfLoaded(o)}),document.addEventListener(\"gform\/theme\/scripts_loaded\",()=>{gform.themeScriptsLoaded=!0,gform.callIfLoaded(o)}),window.addEventListener(\"DOMContentLoaded\",()=>{gform.domLoaded=!0,gform.callIfLoaded(o)}))},hooks:{action:{},filter:{}},addAction:function(o,r,e,t){gform.addHook(\"action\",o,r,e,t)},addFilter:function(o,r,e,t){gform.addHook(\"filter\",o,r,e,t)},doAction:function(o){gform.doHook(\"action\",o,arguments)},applyFilters:function(o){return gform.doHook(\"filter\",o,arguments)},removeAction:function(o,r){gform.removeHook(\"action\",o,r)},removeFilter:function(o,r,e){gform.removeHook(\"filter\",o,r,e)},addHook:function(o,r,e,t,n){null==gform.hooks[o][r]&&(gform.hooks[o][r]=[]);var d=gform.hooks[o][r];null==n&&(n=r+\"_\"+d.length),gform.hooks[o][r].push({tag:n,callable:e,priority:t=null==t?10:t})},doHook:function(r,o,e){var t;if(e=Array.prototype.slice.call(e,1),null!=gform.hooks[r][o]&&((o=gform.hooks[r][o]).sort(function(o,r){return o.priority-r.priority}),o.forEach(function(o){\"function\"!=typeof(t=o.callable)&&(t=window[t]),\"action\"==r?t.apply(null,e):e[0]=t.apply(null,e)})),\"filter\"==r)return e[0]},removeHook:function(o,r,t,n){var e;null!=gform.hooks[o][r]&&(e=(e=gform.hooks[o][r]).filter(function(o,r,e){return!!(null!=n&&n!=o.tag||null!=t&&t!=o.priority)}),gform.hooks[o][r]=e)}});\n\/* ]]> *\/\n<\/script>\n\n                <div class='gf_browser_gecko gform_wrapper gform_legacy_markup_wrapper gform-theme--no-framework' data-form-theme='legacy' data-form-index='0' id='gform_wrapper_2' style='display:none'><form method='post' enctype='multipart\/form-data'  id='gform_2'  action='\/fr\/wp-json\/wp\/v2\/pages\/82' data-formid='2' novalidate>\n                        <div class='gform-body gform_body'><ul id='gform_fields_2' class='gform_fields top_label form_sublabel_below description_below validation_below'><li id=\"field_2_18\" class=\"gfield gfield--type-honeypot gform_validation_container field_sublabel_below gfield--has-description field_description_below field_validation_below gfield_visibility_visible\"  ><label class='gfield_label gform-field-label' for='input_2_18'>Email<\/label><div class='ginput_container'><input name='input_18' id='input_2_18' type='text' value='' autocomplete='new-password'\/><\/div><div class='gfield_description' id='gfield_description_2_18'>Ce champ n\u2019est utilis\u00e9 qu\u2019\u00e0 des fins de validation et devrait rester inchang\u00e9.<\/div><\/li><li id=\"field_2_1\" class=\"gfield gfield--type-text gfield--input-type-text gf_left_half gfield_contains_required field_sublabel_below gfield--no-description field_description_below hidden_label field_validation_below gfield_visibility_visible\"  ><label class='gfield_label gform-field-label' for='input_2_1'>Nom \/ Last name<span class=\"gfield_required\"><span class=\"gfield_required gfield_required_asterisk\">*<\/span><\/span><\/label><div class='ginput_container ginput_container_text'><input name='input_1' id='input_2_1' type='text' value='' class='medium'    placeholder='Nom \/ Last name' aria-required=\"true\" aria-invalid=\"false\"   \/><\/div><\/li><li id=\"field_2_2\" class=\"gfield gfield--type-text gfield--input-type-text gf_right_half gfield_contains_required field_sublabel_below gfield--no-description field_description_below hidden_label field_validation_below gfield_visibility_visible\"  ><label class='gfield_label gform-field-label' for='input_2_2'>Pr\u00e9nom<span class=\"gfield_required\"><span class=\"gfield_required gfield_required_asterisk\">*<\/span><\/span><\/label><div class='ginput_container ginput_container_text'><input name='input_2' id='input_2_2' type='text' value='' class='medium'    placeholder='Pr\u00e9nom \/ First name' aria-required=\"true\" aria-invalid=\"false\"   \/><\/div><\/li><li id=\"field_2_3\" class=\"gfield gfield--type-email gfield--input-type-email gf_left_half gfield_contains_required field_sublabel_below gfield--no-description field_description_below hidden_label field_validation_below gfield_visibility_visible\"  ><label class='gfield_label gform-field-label' for='input_2_3'>Courriel<span class=\"gfield_required\"><span class=\"gfield_required gfield_required_asterisk\">*<\/span><\/span><\/label><div class='ginput_container ginput_container_email'>\n                            <input name='input_3' id='input_2_3' type='email' value='' class='medium'   placeholder='Courriel \/ Email' aria-required=\"true\" aria-invalid=\"false\"  \/>\n                        <\/div><\/li><li id=\"field_2_4\" class=\"gfield gfield--type-phone gfield--input-type-phone gf_right_half field_sublabel_below gfield--no-description field_description_below hidden_label field_validation_below gfield_visibility_visible\"  ><label class='gfield_label gform-field-label' for='input_2_4'>T\u00e9l\u00e9phone<\/label><div class='ginput_container ginput_container_phone'><input name='input_4' id='input_2_4' type='tel' value='' class='medium'  placeholder='T\u00e9l\u00e9phone \/ Phone number'  aria-invalid=\"false\"   \/><\/div><\/li><li id=\"field_2_5\" class=\"gfield gfield--type-text gfield--input-type-text gf_left_half gfield_contains_required field_sublabel_below gfield--no-description field_description_below hidden_label field_validation_below gfield_visibility_visible\"  ><label class='gfield_label gform-field-label' for='input_2_5'>Objet<span class=\"gfield_required\"><span class=\"gfield_required gfield_required_asterisk\">*<\/span><\/span><\/label><div class='ginput_container ginput_container_text'><input name='input_5' id='input_2_5' type='text' value='' class='medium' maxlength='77'   placeholder='Objet \/ Subject' aria-required=\"true\" aria-invalid=\"false\"   \/><\/div><\/li><li id=\"field_2_7\" class=\"gfield gfield--type-select gfield--input-type-select gf_right_half gfield_contains_required field_sublabel_below gfield--no-description field_description_below hidden_label field_validation_below gfield_visibility_visible\"  ><label class='gfield_label gform-field-label' for='input_2_7'>Section du site<span class=\"gfield_required\"><span class=\"gfield_required gfield_required_asterisk\">*<\/span><\/span><\/label><div class='ginput_container ginput_container_select'><select name='input_7' id='input_2_7' class='medium gfield_select'    aria-required=\"true\" aria-invalid=\"false\" ><option value='' selected='selected' class='gf_placeholder'>&#8212; Veuillez choisir une section du site \/ Please select a section of the website &#8212;<\/option><option value='devenir-membre' >Devenir membre<\/option><option value='question-du-mois' >Question du mois<\/option><option value='programme-projets-pilotes' >Programme &#039;Projets pilotes&#039;<\/option><option value='programme-acces-registre' >Programme &#039;Acc\u00e8s registre&#039;<\/option><option value='programme-conferencier-invite' >Programme &#039;Conf\u00e9rencier invit\u00e9&#039;<\/option><option value='programme-je-m-affiche' >Programme &#039;Je m&#039;affiche&#039;<\/option><option value='programme-elargis-tes-horizons' >Programme &#039;\u00c9largis tes horizons&#039;<\/option><option value='programme-naps' >Programme &#039;NAPS&#039;<\/option><option value='programme-soutien-d-evenement' >Programme &#039;Soutien d\u2019\u00e9v\u00e8nement&#039;<\/option><option value='initiatives-strategiques-et-plateformes-techniques' >Consortiums et Plateformes technologiques<\/option><option value='partenariat-industrie-chercheur' >Partenariat Industrie-chercheur<\/option><option value='site-web-rqrd' >Site web RQRD<\/option><option value='autre' >Autre<\/option><\/select><\/div><\/li><li id=\"field_2_11\" class=\"gfield gfield--type-select gfield--input-type-select gf_left_half field_sublabel_below gfield--no-description field_description_below field_validation_below gfield_visibility_visible\"  ><label class='gfield_label gform-field-label' for='input_2_11'>Int\u00earet principal<\/label><div class='ginput_container ginput_container_select'><select name='input_11' id='input_2_11' class='medium gfield_select'     aria-invalid=\"false\" ><option value='' selected='selected' class='gf_placeholder'>&#8212; Veuillez choisir un int\u00e9r\u00eat principal &#8212;<\/option><option value='Comorbidit\u00e9s' >Comorbidit\u00e9s<\/option><option value='Douleur canc\u00e9reuse' >Douleur canc\u00e9reuse<\/option><option value='Douleur lombaire' >Douleur lombaire<\/option><option value='Douleur neuropathique' >Douleur neuropathique<\/option><option value='\u00c9pid\u00e9miologie &amp; trajectoires de soins' >\u00c9pid\u00e9miologie &amp; trajectoires de soins<\/option><option value='Essais sensoriels quantitatifs (QST)' >Essais sensoriels quantitatifs (QST)<\/option><option value='G\u00e9n\u00e9tique de la douleur' >G\u00e9n\u00e9tique de la douleur<\/option><option value='Imagerie spinale' >Imagerie spinale<\/option><option value='Imagerie c\u00e9r\u00e9brale' >Imagerie c\u00e9r\u00e9brale<\/option><option value='Optog\u00e9n\u00e9tique &amp; syst\u00e8mes sensitifs' >Optog\u00e9n\u00e9tique &amp; syst\u00e8mes sensitifs<\/option><option value='Qualit\u00e9 de vie (QoL)' >Qualit\u00e9 de vie (QoL)<\/option><option value='R\u00e9adaptation' >R\u00e9adaptation<\/option><option value='Rx (cannabis, opio\u00efdes, canaux ioniques)' >Rx (cannabis, opio\u00efdes, canaux ioniques)<\/option><option value='Sexe &amp; hormones' >Sexe &amp; hormones<\/option><option value='Technologies non-invasives (eg. TENS, tDCS)' >Technologies non-invasives (eg. TENS, tDCS)<\/option><option value='Transfert des connaissances (KT)' >Transfert des connaissances (KT)<\/option><option value='Autre' >Autre<\/option><\/select><\/div><\/li><li id=\"field_2_12\" class=\"gfield gfield--type-select gfield--input-type-select gf_right_half field_sublabel_below gfield--no-description field_description_below field_validation_below gfield_visibility_visible\"  ><label class='gfield_label gform-field-label' for='input_2_12'>Int\u00earet secondaire<\/label><div class='ginput_container ginput_container_select'><select name='input_12' id='input_2_12' class='medium gfield_select'     aria-invalid=\"false\" ><option value='' selected='selected' class='gf_placeholder'>&#8212; Veuillez choisir un int\u00e9r\u00eat secondaire &#8212;<\/option><option value='Comorbidit\u00e9s' >Comorbidit\u00e9s<\/option><option value='Douleur canc\u00e9reuse' >Douleur canc\u00e9reuse<\/option><option value='Douleur lombaire' >Douleur lombaire<\/option><option value='Neuropathic pain' >Douleur neuropathique<\/option><option value='\u00c9pid\u00e9miologie &amp; trajectoires de soins' >\u00c9pid\u00e9miologie &amp; trajectoires de soins<\/option><option value='Essais sensoriels quantitatifs (QST)' >Essais sensoriels quantitatifs (QST)<\/option><option value='G\u00e9n\u00e9tique de la douleur' >G\u00e9n\u00e9tique de la douleur<\/option><option value='Imagerie spinale' >Imagerie spinale<\/option><option value='Imagerie c\u00e9r\u00e9brale' >Imagerie c\u00e9r\u00e9brale<\/option><option value='Optog\u00e9n\u00e9tique &amp; syst\u00e8mes sensitifs' >Optog\u00e9n\u00e9tique &amp; syst\u00e8mes sensitifs<\/option><option value='Qualit\u00e9 de vie (QoL)' >Qualit\u00e9 de vie (QoL)<\/option><option value='Rehabilitation' >R\u00e9adaptation<\/option><option value='Rx (cannabis, opio\u00efdes, canaux ioniques)' >Rx (cannabis, opio\u00efdes, canaux ioniques)<\/option><option value='Sexe &amp; hormones' >Sexe &amp; hormones<\/option><option value='Technologies non-invasives (eg. TENS, tDCS)' >Technologies non-invasives (eg. TENS, tDCS)<\/option><option value='Transfert des connaissances (KT)' >Transfert des connaissances (KT)<\/option><option value='Autres' >Autre<\/option><\/select><\/div><\/li><li id=\"field_2_13\" class=\"gfield gfield--type-html gfield--input-type-html gfield_html gfield_html_formatted gfield_no_follows_desc field_sublabel_below gfield--no-description field_description_below field_validation_below gfield_visibility_visible\"  ><a href=\"https:\/\/qprn.ca\/fr\/programme-soutien-devenement\/\" target=\"_blank\">Instructions pour votre demande<\/a> <\/li><li id=\"field_2_6\" class=\"gfield gfield--type-textarea gfield--input-type-textarea gfield_contains_required field_sublabel_below gfield--no-description field_description_below field_validation_below gfield_visibility_visible\"  ><label class='gfield_label gform-field-label' for='input_2_6'>Message<span class=\"gfield_required\"><span class=\"gfield_required gfield_required_asterisk\">*<\/span><\/span><\/label><div class='ginput_container ginput_container_textarea'><textarea name='input_6' id='input_2_6' class='textarea medium'   maxlength='5000'  aria-required=\"true\" aria-invalid=\"false\"   rows='10' cols='50'><\/textarea><\/div><\/li><li id=\"field_2_9\" class=\"gfield gfield--type-fileupload gfield--input-type-fileupload custom_file_upload photo-joint field_sublabel_below gfield--no-description field_description_below field_validation_below gfield_visibility_visible\"  ><label class='gfield_label gform-field-label' for='input_2_9'>Joindre un fichier<\/label><div class='ginput_container ginput_container_fileupload'><input type='hidden' name='MAX_FILE_SIZE' value='5048576' \/><input name='input_9' id='input_2_9' type='file' class='medium' aria-describedby=\"gfield_upload_rules_2_9\" onchange='javascript:gformValidateFileSize( this, 5048576 );'  \/><span class='gfield_description gform_fileupload_rules' id='gfield_upload_rules_2_9'>Taille max. des fichiers\u00a0: 5 MB.<\/span><div class='gfield_description validation_message gfield_validation_message validation_message--hidden-on-empty' id='live_validation_message_2_9'><\/div> <\/div><\/li><li id=\"field_2_17\" class=\"gfield gfield--type-consent gfield--type-choice gfield--input-type-consent gfield--width-full gfield_contains_required field_sublabel_below gfield--no-description field_description_below field_validation_below gfield_visibility_visible\"  ><label class='gfield_label gform-field-label gfield_label_before_complex' >Politique de confidentialit\u00e9<span class=\"gfield_required\"><span class=\"gfield_required gfield_required_asterisk\">*<\/span><\/span><\/label><div class='ginput_container ginput_container_consent'><input name='input_17.1' id='input_2_17_1' type='checkbox' value='1'   aria-required=\"true\" aria-invalid=\"false\"   \/> <label class=\"gform-field-label gform-field-label--type-inline gfield_consent_label\" for='input_2_17_1' >J\u2019accepte la  <a href=\"https:\/\/qprn.ca\/fr\/politique-de-confidentialite\/\" target=\"_blank\">Politique de confidentialit\u00e9<\/a><\/label><input type='hidden' name='input_17.2' value='J\u2019accepte la  &lt;a href=&quot;https:\/\/qprn.ca\/fr\/politique-de-confidentialite\/&quot; target=&quot;_blank&quot;&gt;Politique de confidentialit\u00e9&lt;\/a&gt;' class='gform_hidden' \/><input type='hidden' name='input_17.3' value='19' class='gform_hidden' \/><\/div><\/li><li id=\"field_2_16\" class=\"gfield gfield--type-turnstile gfield--input-type-turnstile gfield--width-full field_sublabel_below gfield--no-description field_description_below field_validation_below gfield_visibility_visible\"  ><div class='ginput_container ginput_container_turnstile'><div class=\"cf-turnstile\" id=\"cf-turnstile_2\" data-js-turnstile data-response-field-name=\"cf-turnstile-response_2\" data-theme=\"light\" data-size=\"\" data-sitekey=\"0x4AAAAAAAYDhyVt-Wqz0h-r\"><\/div><\/div><\/li><\/ul><\/div>\n        <div class='gform-footer gform_footer top_label'> <input type=\"submit\" id=\"gform_submit_button_2\" class=\"gform_button button gravity-btn\" onclick=\"gform.submission.handleButtonClick(this);\" data-submission-type=\"submit\" value=\"Envoyer\"> \n            <input type='hidden' class='gform_hidden' name='gform_submission_method' data-js='gform_submission_method_2' value='postback' \/>\n            <input type='hidden' class='gform_hidden' name='gform_theme' data-js='gform_theme_2' id='gform_theme_2' value='legacy' \/>\n            <input type='hidden' class='gform_hidden' name='gform_style_settings' data-js='gform_style_settings_2' id='gform_style_settings_2' value='{&quot;inputPrimaryColor&quot;:&quot;#204ce5&quot;}' \/>\n            <input type='hidden' class='gform_hidden' name='is_submit_2' value='1' \/>\n            <input type='hidden' class='gform_hidden' name='gform_submit' value='2' \/>\n            \n            <input type='hidden' class='gform_hidden' name='gform_currency' data-currency='CAD' value='HLjF2qihWcyU48A8Az5JCipP2L6CWMsp7i+KGuR6SnVaEF0E1ba7r6794ygNYCHKosLLaTZ3CnEx6NGFgsmCXkkTwGDH0WUVEjg\/8f7aQ4P8BUM=' \/>\n            <input type='hidden' class='gform_hidden' name='gform_unique_id' value='' \/>\n            <input type='hidden' class='gform_hidden' name='state_2' value='WyJ7XCIxNy4xXCI6XCIyMmI1MWMzNDM3M2EwYWE4MzBlZjRkM2FiZjYzY2E4NFwiLFwiMTcuMlwiOlwiMjMzZGRmM2ZlZjQ4OWIzNDFmYjI3OWFhYjY3ODg5ZDVcIixcIjE3LjNcIjpcImZjMDFhZWJhYmIwNjAwMzY5NDJjNzU1OGU0ZTA3YjgzXCJ9IiwiMjUxZWM2Mjc0YzgzOWUwNWE1Njk3ODI3ZmQyMDg5ZTEiXQ==' \/>\n            <input type='hidden' autocomplete='off' class='gform_hidden' name='gform_target_page_number_2' id='gform_target_page_number_2' value='0' \/>\n            <input type='hidden' autocomplete='off' class='gform_hidden' name='gform_source_page_number_2' id='gform_source_page_number_2' value='1' \/>\n            <input type='hidden' name='gform_field_values' value='' \/>\n            \n        <\/div>\n                        <\/form>\n                        <\/div><script type=\"text\/javascript\">\n\/* <![CDATA[ *\/\n gform.initializeOnLoaded( function() {gformInitSpinner( 2, 'https:\/\/qprn.ca\/wp-content\/plugins\/gravityforms\/images\/spinner.svg', true );jQuery('#gform_ajax_frame_2').on('load',function(){var contents = jQuery(this).contents().find('*').html();var is_postback = contents.indexOf('GF_AJAX_POSTBACK') >= 0;if(!is_postback){return;}var form_content = jQuery(this).contents().find('#gform_wrapper_2');var is_confirmation = jQuery(this).contents().find('#gform_confirmation_wrapper_2').length > 0;var is_redirect = contents.indexOf('gformRedirect(){') >= 0;var is_form = form_content.length > 0 && ! is_redirect && ! is_confirmation;var mt = parseInt(jQuery('html').css('margin-top'), 10) + parseInt(jQuery('body').css('margin-top'), 10) + 100;if(is_form){form_content.find('form').css('opacity', 0);jQuery('#gform_wrapper_2').html(form_content.html());if(form_content.hasClass('gform_validation_error')){jQuery('#gform_wrapper_2').addClass('gform_validation_error');} else {jQuery('#gform_wrapper_2').removeClass('gform_validation_error');}setTimeout( function() { \/* delay the scroll by 50 milliseconds to fix a bug in chrome *\/  }, 50 );if(window['gformInitDatepicker']) {gformInitDatepicker();}if(window['gformInitPriceFields']) {gformInitPriceFields();}var current_page = jQuery('#gform_source_page_number_2').val();gformInitSpinner( 2, 'https:\/\/qprn.ca\/wp-content\/plugins\/gravityforms\/images\/spinner.svg', true );jQuery(document).trigger('gform_page_loaded', [2, current_page]);window['gf_submitting_2'] = false;}else if(!is_redirect){var confirmation_content = jQuery(this).contents().find('.GF_AJAX_POSTBACK').html();if(!confirmation_content){confirmation_content = contents;}jQuery('#gform_wrapper_2').replaceWith(confirmation_content);jQuery(document).trigger('gform_confirmation_loaded', [2]);window['gf_submitting_2'] = false;wp.a11y.speak(jQuery('#gform_confirmation_message_2').text());}else{jQuery('#gform_2').append(contents);if(window['gformRedirect']) {gformRedirect();}}jQuery(document).trigger(\"gform_pre_post_render\", [{ formId: \"2\", currentPage: \"current_page\", abort: function() { this.preventDefault(); } }]);        if (event && event.defaultPrevented) {                return;        }        const gformWrapperDiv = document.getElementById( \"gform_wrapper_2\" );        if ( gformWrapperDiv ) {            const visibilitySpan = document.createElement( \"span\" );            visibilitySpan.id = \"gform_visibility_test_2\";            gformWrapperDiv.insertAdjacentElement( \"afterend\", visibilitySpan );        }        const visibilityTestDiv = document.getElementById( \"gform_visibility_test_2\" );        let postRenderFired = false;        function triggerPostRender() {            if ( postRenderFired ) {                return;            }            postRenderFired = true;            gform.core.triggerPostRenderEvents( 2, current_page );            if ( visibilityTestDiv ) {                visibilityTestDiv.parentNode.removeChild( visibilityTestDiv );            }        }        function debounce( func, wait, immediate ) {            var timeout;            return function() {                var context = this, args = arguments;                var later = function() {                    timeout = null;                    if ( !immediate ) func.apply( context, args );                };                var callNow = immediate && !timeout;                clearTimeout( timeout );                timeout = setTimeout( later, wait );                if ( callNow ) func.apply( context, args );            };        }        const debouncedTriggerPostRender = debounce( function() {            triggerPostRender();        }, 200 );        if ( visibilityTestDiv && visibilityTestDiv.offsetParent === null ) {            const observer = new MutationObserver( ( mutations ) => {                mutations.forEach( ( mutation ) => {                    if ( mutation.type === 'attributes' && visibilityTestDiv.offsetParent !== null ) {                        debouncedTriggerPostRender();                        observer.disconnect();                    }                });            });            observer.observe( document.body, {                attributes: true,                childList: false,                subtree: true,                attributeFilter: [ 'style', 'class' ],            });        } else {            triggerPostRender();        }    } );} ); \n\/* ]]> *\/\n<\/script>\n","protected":false},"excerpt":{"rendered":"","protected":false},"author":2,"featured_media":0,"parent":0,"menu_order":0,"comment_status":"closed","ping_status":"closed","template":"","meta":{"_acf_changed":false,"footnotes":""},"class_list":["post-82","page","type-page","status-publish","hentry"],"acf":[],"_links":{"self":[{"href":"https:\/\/qprn.ca\/fr\/wp-json\/wp\/v2\/pages\/82","targetHints":{"allow":["GET"]}}],"collection":[{"href":"https:\/\/qprn.ca\/fr\/wp-json\/wp\/v2\/pages"}],"about":[{"href":"https:\/\/qprn.ca\/fr\/wp-json\/wp\/v2\/types\/page"}],"author":[{"embeddable":true,"href":"https:\/\/qprn.ca\/fr\/wp-json\/wp\/v2\/users\/2"}],"replies":[{"embeddable":true,"href":"https:\/\/qprn.ca\/fr\/wp-json\/wp\/v2\/comments?post=82"}],"version-history":[{"count":1,"href":"https:\/\/qprn.ca\/fr\/wp-json\/wp\/v2\/pages\/82\/revisions"}],"predecessor-version":[{"id":21318,"href":"https:\/\/qprn.ca\/fr\/wp-json\/wp\/v2\/pages\/82\/revisions\/21318"}],"wp:attachment":[{"href":"https:\/\/qprn.ca\/fr\/wp-json\/wp\/v2\/media?parent=82"}],"curies":[{"name":"wp","href":"https:\/\/api.w.org\/{rel}","templated":true}]}}