{"id":67,"date":"2019-07-03T01:03:18","date_gmt":"2019-07-03T05:03:18","guid":{"rendered":"https:\/\/qprn.ca\/?page_id=67"},"modified":"2026-03-23T14:31:47","modified_gmt":"2026-03-23T18:31:47","slug":"a-propos","status":"publish","type":"page","link":"https:\/\/qprn.ca\/fr\/a-propos\/","title":{"rendered":"\u00c0 propos"},"content":{"rendered":"\n<h2 class=\"wp-block-heading\">la vision du RQRD<\/h2>\n\n\n\n<p><a href=\"https:\/\/qprn.ca\/fr\/2021\/11\/15\/20eme-anniversaire-du-rqrd\/\" target=\"_blank\" rel=\"noreferrer noopener\">Depuis plus de 20 ans<\/a>, la vision \u00e0 long terme du RQRD est d\u2019\u00eatre chef de file internationalement reconnu dans le domaine de la recherche sur la douleur, en f\u00e9d\u00e9rant et en faisant rayonner les forces vives du Qu\u00e9bec et sa rel\u00e8ve hautement qualifi\u00e9e. Le RQRD repr\u00e9sente un large \u00e9ventail d\u2019acteurs et actrices de la recherche, des soins et de l\u2019exp\u00e9rience v\u00e9cue qui ont pour but de<\/p>\n\n\n\n<ol class=\"wp-block-list\">\n<li>comprendre les bases cellulaires et mol\u00e9culaires de la douleur,<\/li>\n\n\n\n<li>am\u00e9liorer les efforts de pr\u00e9vention,<\/li>\n\n\n\n<li>appliquer l\u2019action intersectorielle pour am\u00e9liorer la sant\u00e9 des populations affect\u00e9es de mani\u00e8re disproportionn\u00e9e par la douleur,<\/li>\n\n\n\n<li>outiller les personnes utilisatrices de connaissances en tenant compte des besoins ancr\u00e9s \u00e0 l\u2019\u00e9cosyst\u00e8me et<\/li>\n\n\n\n<li>am\u00e9liorer l\u2019\u00e9valuation et le traitement (pharmacologique et non pharmacologique) de la douleur pour assurer une application efficiente et efficace des connaissances et adopter les meilleures pratiques dans les multiples secteurs de notre syst\u00e8me de sant\u00e9.<\/li>\n<\/ol>\n\n\n\n<div style=\"height:20px\" aria-hidden=\"true\" class=\"wp-block-spacer\"><\/div>\n\n\n<div class=\"wp-block-image\">\n<figure class=\"aligncenter size-large\"><a href=\"https:\/\/qprn.ca\/wp-content\/uploads\/2020\/07\/figure_mission_RQRD.jpg\"><img loading=\"lazy\" decoding=\"async\" width=\"1223\" height=\"934\" src=\"https:\/\/qprn.ca\/wp-content\/uploads\/2020\/07\/figure_mission_RQRD-1223x934.jpg\" alt=\"\" class=\"wp-image-2738\" title=\"\" srcset=\"https:\/\/qprn.ca\/wp-content\/uploads\/2020\/07\/figure_mission_RQRD-1223x934.jpg 1223w, https:\/\/qprn.ca\/wp-content\/uploads\/2020\/07\/figure_mission_RQRD-768x587.jpg 768w, https:\/\/qprn.ca\/wp-content\/uploads\/2020\/07\/figure_mission_RQRD-1536x1173.jpg 1536w, https:\/\/qprn.ca\/wp-content\/uploads\/2020\/07\/figure_mission_RQRD-2048x1564.jpg 2048w\" sizes=\"auto, (max-width: 1223px) 100vw, 1223px\" \/><\/a><figcaption class=\"wp-element-caption\"> <\/figcaption><\/figure>\n<\/div>\n\n\n<div style=\"height:20px\" aria-hidden=\"true\" class=\"wp-block-spacer\"><\/div>\n\n\n\n<h2 class=\"wp-block-heading\">R\u00e9seau de recherche<\/h2>\n\n\n\n<p>La mission du R\u00e9seau Douleur est rendue possible gr\u00e2ce aux efforts concert\u00e9s d\u2019un groupe de chercheurs et chercheuses rattach\u00e9(e)s aux quatre universit\u00e9s constituant les assises des R\u00e9seaux universitaires int\u00e9gr\u00e9s de sant\u00e9 (RUIS) de la province, soit l\u2019Universit\u00e9 Laval, l\u2019Universit\u00e9 McGill, l\u2019Universit\u00e9 de Montr\u00e9al et l\u2019Universit\u00e9 de Sherbrooke. Nous comptons \u00e9galement sur des membres affili\u00e9(e)s au r\u00e9seau des Universit\u00e9s du Qu\u00e9bec, \u00e0 l\u2019Universit\u00e9 Concordia, l\u2019universit\u00e9 Bishop et TELUQ.<br>Le r\u00e9seau b\u00e9n\u00e9ficie \u00e9galement de collaborations avec des <a href=\"https:\/\/qprn.ca\/fr\/nos-membres\/?_sft_investigator_type=partenaire\" target=\"_blank\" rel=\"noreferrer noopener\">partenaires<\/a> de choix ainsi que des sp\u00e9cialistes de la sant\u00e9.<\/p>\n\n\n\n<figure class=\"wp-block-gallery has-nested-images columns-6 wp-block-gallery-2 is-layout-flex wp-block-gallery-is-layout-flex\">\n<figure class=\"wp-block-image size-full\"><img loading=\"lazy\" decoding=\"async\" width=\"358\" height=\"149\" data-id=\"9758\" src=\"https:\/\/qprn.ca\/wp-content\/uploads\/2022\/09\/mcgill_v3.png\" alt=\"\" class=\"wp-image-9758\" title=\"\"><\/figure>\n\n\n\n<figure class=\"wp-block-image size-full\"><img loading=\"lazy\" decoding=\"async\" width=\"314\" height=\"150\" data-id=\"9742\" src=\"https:\/\/qprn.ca\/wp-content\/uploads\/2022\/09\/udem_v3.png\" alt=\"\" class=\"wp-image-9742\" title=\"\"><\/figure>\n\n\n\n<figure class=\"wp-block-image size-full\"><img loading=\"lazy\" decoding=\"async\" width=\"344\" height=\"150\" data-id=\"9744\" src=\"https:\/\/qprn.ca\/wp-content\/uploads\/2022\/09\/uds_v3.png\" alt=\"\" class=\"wp-image-9744\" title=\"\"><\/figure>\n\n\n\n<figure class=\"wp-block-image size-full\"><img loading=\"lazy\" decoding=\"async\" width=\"314\" height=\"149\" data-id=\"9746\" src=\"https:\/\/qprn.ca\/wp-content\/uploads\/2022\/09\/ulaval_v3.png\" alt=\"\" class=\"wp-image-9746\" title=\"\"><\/figure>\n\n\n\n<figure class=\"wp-block-image size-full\"><img loading=\"lazy\" decoding=\"async\" width=\"355\" height=\"150\" data-id=\"9750\" src=\"https:\/\/qprn.ca\/wp-content\/uploads\/2022\/09\/uqat_v3.png\" alt=\"\" class=\"wp-image-9750\" title=\"\"><\/figure>\n\n\n\n<figure class=\"wp-block-image size-full\"><img loading=\"lazy\" decoding=\"async\" width=\"355\" height=\"150\" data-id=\"9752\" src=\"https:\/\/qprn.ca\/wp-content\/uploads\/2022\/09\/uqo_v3.png\" alt=\"\" class=\"wp-image-9752\" title=\"\"><\/figure>\n\n\n\n<figure class=\"wp-block-image size-full\"><img loading=\"lazy\" decoding=\"async\" width=\"355\" height=\"149\" data-id=\"9754\" src=\"https:\/\/qprn.ca\/wp-content\/uploads\/2022\/09\/uqtr_v3.png\" alt=\"\" class=\"wp-image-9754\" title=\"\"><\/figure>\n\n\n\n<figure class=\"wp-block-image size-full\"><img loading=\"lazy\" decoding=\"async\" width=\"358\" height=\"149\" data-id=\"9756\" src=\"https:\/\/qprn.ca\/wp-content\/uploads\/2022\/09\/concordia_v3.png\" alt=\"\" class=\"wp-image-9756\" title=\"\"><\/figure>\n\n\n\n<figure class=\"wp-block-image size-full\"><img loading=\"lazy\" decoding=\"async\" width=\"314\" height=\"150\" data-id=\"9748\" src=\"https:\/\/qprn.ca\/wp-content\/uploads\/2022\/09\/uqac_v3.png\" alt=\"\" class=\"wp-image-9748\" title=\"\"><\/figure>\n\n\n\n<figure class=\"wp-block-image size-large\"><img loading=\"lazy\" decoding=\"async\" width=\"314\" height=\"149\" data-id=\"11384\" src=\"https:\/\/qprn.ca\/wp-content\/uploads\/2023\/05\/logo_u_bishops.png\" alt=\"\" class=\"wp-image-11384\" title=\"\"><\/figure>\n\n\n\n<figure class=\"wp-block-image size-large\"><img loading=\"lazy\" decoding=\"async\" width=\"314\" height=\"149\" data-id=\"11382\" src=\"https:\/\/qprn.ca\/wp-content\/uploads\/2023\/05\/logo_teluq.png\" alt=\"\" class=\"wp-image-11382\" title=\"\"><\/figure>\n\n\n\n<figure class=\"wp-block-image size-full\"><img loading=\"lazy\" decoding=\"async\" width=\"627\" height=\"301\" data-id=\"13941\" src=\"https:\/\/qprn.ca\/wp-content\/uploads\/2024\/03\/Logo_UQAM.png\" alt=\"\" class=\"wp-image-13941\" title=\"\"><\/figure>\n<\/figure>\n\n\n\n<div style=\"height:20px\" aria-hidden=\"true\" class=\"wp-block-spacer\"><\/div>\n\n\n\n<h2 class=\"wp-block-heading\">Financement du RQRD<\/h2>\n\n\n\n<p><a href=\"https:\/\/frq.gouv.qc.ca\/programme\/reseaux-thematiques-2021-2022\/\" rel=\"noopener\">Les Fonds de recherche du Qu\u00e9bec (FRQ)<\/a> permettent :<\/p>\n\n\n\n<ul class=\"wp-block-list\">\n<li>d&rsquo;assurer le financement du r\u00e9seau,<\/li>\n\n\n\n<li>de faire avancer la recherche sur la douleur persistante,<\/li>\n\n\n\n<li>de parfaire l&rsquo;\u00e9ducation du public et des professionnel(le)s au sujet de la douleur,<\/li>\n\n\n\n<li>d&rsquo;augmenter notre compr\u00e9hension de la douleur persistante et,<\/li>\n\n\n\n<li>d&rsquo;aider les sp\u00e9cialistes \u00e0 poser des diagnostics et \u00e0 traiter la douleur persistante de fa\u00e7on plus efficace.<\/li>\n<\/ul>\n\n\n\n<div style=\"height:20px\" aria-hidden=\"true\" class=\"wp-block-spacer\"><\/div>\n\n\n\n<h2 class=\"wp-block-heading\">Comit\u00e9s<\/h2>\n\n\n\n<h3 class=\"wp-block-heading\">Comit\u00e9 de gestion RQRD<\/h3>\n\n\n\n<div class=\"wp-block-columns is-layout-flex wp-container-core-columns-is-layout-9d6595d7 wp-block-columns-is-layout-flex\">\n<div class=\"wp-block-column is-layout-flow wp-block-column-is-layout-flow\"><div class=\"wp-block-image is-resized is-style-circle-mask bk\">\n<figure class=\"aligncenter size-large\"><img decoding=\"async\" src=\"https:\/\/qprn.ca\/wp-content\/uploads\/2019\/12\/louis-gendron-300x300.jpg\" alt=\"\" class=\"wp-image-415\" title=\"\"><figcaption class=\"wp-element-caption\"><strong>Codirecteur<\/strong><br>Responsable des affaires pr\u00e9cliniques<br>Louis Gendron, PhD<br> Universit\u00e9 de Sherbrooke  <\/figcaption><\/figure>\n<\/div><\/div>\n\n\n\n<div class=\"wp-block-column is-layout-flow wp-block-column-is-layout-flow\"><div class=\"wp-block-image is-resized is-style-circle-mask bk\">\n<figure class=\"aligncenter size-thumbnail\"><img loading=\"lazy\" decoding=\"async\" width=\"300\" height=\"300\" src=\"https:\/\/qprn.ca\/wp-content\/uploads\/2020\/04\/Lacasse-Anais-300x300.jpg\" alt=\"\" class=\"wp-image-1478\" title=\"\"><figcaption class=\"wp-element-caption\"><strong>Codirectrice<\/strong><br>Responsable des affaires cliniques<br>Ana\u00efs Lacasse, PhD<br>Universit\u00e9 du Qu\u00e9bec en Abitibi-T\u00e9miscamingue<\/figcaption><\/figure>\n<\/div><\/div>\n<\/div>\n\n\n\n<div class=\"wp-block-columns is-layout-flex wp-container-core-columns-is-layout-9d6595d7 wp-block-columns-is-layout-flex\">\n<div class=\"wp-block-column is-layout-flow wp-block-column-is-layout-flow\"><div class=\"wp-block-image is-resized is-style-circle-mask bk\">\n<figure class=\"aligncenter size-large\"><img decoding=\"async\" src=\"https:\/\/qprn.ca\/wp-content\/uploads\/2026\/01\/Beaudry-Helene.png\" alt=\"\" title=\"\"><figcaption class=\"wp-element-caption\"><strong>Directrice ex\u00e9cutive<\/strong><br>H\u00e9l\u00e8ne Beaudry, PhD<\/figcaption><\/figure>\n<\/div><\/div>\n\n\n\n<div class=\"wp-block-column is-layout-flow wp-block-column-is-layout-flow\"><\/div>\n\n\n\n<div class=\"wp-block-column is-layout-flow wp-block-column-is-layout-flow\"><div class=\"wp-block-image is-resized is-style-circle-mask bk\">\n<figure class=\"aligncenter size-large\"><img loading=\"lazy\" decoding=\"async\" width=\"934\" height=\"934\" src=\"https:\/\/qprn.ca\/wp-content\/uploads\/2022\/05\/W_EIk_jQ-934x934.jpg\" alt=\"\" class=\"wp-image-8692\" title=\"\" srcset=\"https:\/\/qprn.ca\/wp-content\/uploads\/2022\/05\/W_EIk_jQ-934x934.jpg 934w, https:\/\/qprn.ca\/wp-content\/uploads\/2022\/05\/W_EIk_jQ-300x300.jpg 300w, https:\/\/qprn.ca\/wp-content\/uploads\/2022\/05\/W_EIk_jQ-768x768.jpg 768w, https:\/\/qprn.ca\/wp-content\/uploads\/2022\/05\/W_EIk_jQ.jpg 1002w\" sizes=\"auto, (max-width: 934px) 100vw, 934px\" \/><figcaption class=\"wp-element-caption\"><strong>Coordonnatrice scientifique<\/strong><br>Iulia Tufa, BSc<\/figcaption><\/figure>\n<\/div><\/div>\n<\/div>\n\n\n\n<h3 class=\"wp-block-heading\">Comit\u00e9 de direction du RQRD<\/h3>\n\n\n\n<div style=\"height:20px\" aria-hidden=\"true\" class=\"wp-block-spacer\"><\/div>\n\n\n\n<p>Le Comit\u00e9 de direction du r\u00e9seau est compos\u00e9 de : <\/p>\n\n\n\n<div style=\"height:20px\" aria-hidden=\"true\" class=\"wp-block-spacer\"><\/div>\n\n\n\n<h6 class=\"wp-block-heading\">\u2022 Comit\u00e9 de gestion<\/h6>\n\n\n\n<div style=\"height:20px\" aria-hidden=\"true\" class=\"wp-block-spacer\"><\/div>\n\n\n\n<h6 class=\"wp-block-heading\">\u2022 Un(e) repr\u00e9sentant(e) de l\u2019Association qu\u00e9b\u00e9coise de la douleur chronique (AQDC)<\/h6>\n\n\n\n<p><a href=\"https:\/\/douleurquebec.ca\/en\/about\/\" target=\"_blank\" rel=\"noreferrer noopener\">Pierre Genest<\/a><\/p>\n\n\n\n<p><strong>\u2022 Un(e) repr\u00e9sentant(e) de la Soci\u00e9t\u00e9 qu\u00e9b\u00e9coise de la douleur (SQD)<\/strong><\/p>\n\n\n\n<p><a href=\"https:\/\/www.linkedin.com\/in\/philippe-de-grandpre-6992b176\/?originalSubdomain=ca\" target=\"_blank\" rel=\"noreferrer noopener\">Philippe De Grandpr\u00e9<\/a><\/p>\n\n\n\n<h6 class=\"wp-block-heading\">\u2022 Deux repr\u00e9sentants du R\u00e9seau qu\u00e9b\u00e9cois des \u00e9tudiants-chercheurs sur la douleur (RQECD)<\/h6>\n\n\n\n<p><a href=\"https:\/\/www.linkedin.com\/in\/maxime-kusik-432221233\/?trk=people_directory\" target=\"_blank\" rel=\"noreferrer noopener\">Maxime Kusik<\/a><br><a href=\"https:\/\/www.linkedin.com\/in\/karen-ghoussoub-276b5422a\/?originalSubdomain=ca\" target=\"_blank\" rel=\"noreferrer noopener\">Karen Ghoussoub<\/a><\/p>\n\n\n\n<h6 class=\"wp-block-heading\">\u2022 Un(e) repr\u00e9sentant(e) de chaque universit\u00e9<\/h6>\n\n\n\n<p><a href=\"https:\/\/qprn.ca\/fr\/investigator\/philippe-sarret\/\">Ph<\/a><a href=\"https:\/\/qprn.ca\/fr\/investigator\/philippe-sarret\/\" target=\"_blank\" rel=\"noreferrer noopener\">ilippe Sarret<\/a> (Universit\u00e9 de Sherbrooke)<br><a href=\"https:\/\/qprn.ca\/fr\/investigator\/pierre-rainville\/\" target=\"_blank\" rel=\"noreferrer noopener\">Pierre Rainville<\/a> (Universit\u00e9 de Montr\u00e9al)<br><a href=\"https:\/\/qprn.ca\/fr\/investigator\/gilles-lavigne\/\" target=\"_blank\" rel=\"noreferrer noopener\">Gilles Lavigne<\/a> (CR-CHUM)<br><a href=\"https:\/\/qprn.ca\/fr\/investigator\/yves-de-koninck\/\" target=\"_blank\" rel=\"noreferrer noopener\">Yves de Koninck<\/a> (Universit\u00e9 Laval)<br><a href=\"https:\/\/qprn.ca\/fr\/investigator\/reza-sharif-naeini\/\" target=\"_blank\" rel=\"noreferrer noopener\">Reza Sharif Naeini<\/a> (Universit\u00e9 McGill)<\/p>\n\n\n\n<div style=\"height:20px\" aria-hidden=\"true\" class=\"wp-block-spacer\"><\/div>\n\n\n\n<h3 class=\"wp-block-heading\">Comit\u00e9 scientifique du RQRD<\/h3>\n\n\n\n<div style=\"height:20px\" aria-hidden=\"true\" class=\"wp-block-spacer\"><\/div>\n\n\n\n<p>Le Comit\u00e9 scientifique du r\u00e9seau est compos\u00e9 de :<\/p>\n\n\n\n<div style=\"height:20px\" aria-hidden=\"true\" class=\"wp-block-spacer\"><\/div>\n\n\n\n<h6 class=\"wp-block-heading\">\u2022 <strong>Comit\u00e9 de gestion<\/strong><\/h6>\n\n\n\n<div style=\"height:20px\" aria-hidden=\"true\" class=\"wp-block-spacer\"><\/div>\n\n\n\n<h6 class=\"wp-block-heading\">\u2022 Responsables des <a href=\"https:\/\/qprn.ca\/fr\/notre-mission\/#initiatives\" target=\"_blank\" rel=\"noreferrer noopener\">Consortiums multidisciplinaires<\/a><\/h6>\n\n\n\n<p>Consortium qu\u00e9b\u00e9cois sur l&rsquo;<strong>efficacit\u00e9 et la s\u00e9curit\u00e9 des approches th\u00e9rapeutiques<\/strong> : <a href=\"https:\/\/qprn.ca\/fr\/investigator\/reza-sharif-naeini\/\">\u00c9ric Troncy<\/a>, (Universit\u00e9 de Montr\u00e9al), <a href=\"https:\/\/qprn.ca\/fr\/investigator\/reza-sharif-naeini\/\">M\u00e9lanie B\u00e9rub\u00e9<\/a>, (Universit\u00e9 Laval) et <a href=\"https:\/\/qprn.ca\/fr\/investigator\/laurent-dupuis\/\" target=\"_blank\" rel=\"noreferrer noopener\">Laurent Dupuis<\/a>, patient partenaire, Claudie Audet et Alexia Coulombe Lev\u00eaque<strong> <\/strong>(repr\u00e9sentantes de la communaut\u00e9 \u00e9tudiante)<br>Consortium qu\u00e9b\u00e9cois sur les <strong>th\u00e9rapies et les approches \u00e9co-bio-psycho-sociales<\/strong> : <a href=\"https:\/\/qprn.ca\/fr\/investigator\/audrey-grant\/\">Audrey Grant<\/a>, (Universit\u00e9 McGill), <a href=\"https:\/\/qprn.ca\/fr\/investigator\/caroline-arbour\/\" target=\"_blank\" rel=\"noreferrer noopener\">Caroline Arbour<\/a>, (Universit\u00e9 de Montr\u00e9al) et <a href=\"https:\/\/qprn.ca\/fr\/investigator\/caroline-arbour\/\" target=\"_blank\" rel=\"noreferrer noopener\">Sabrina Paquet<\/a>, patiente partenaire, Celina D&rsquo;Avila Felipe et Fr\u00e9d\u00e9rique Dupuis (repr\u00e9sentantes de la communaut\u00e9 \u00e9tudiante)<br>Consortium qu\u00e9b\u00e9cois sur la <strong>pr\u00e9vention de la douleur et la sant\u00e9 durable pour toutes et tous<\/strong> : <a href=\"https:\/\/qprn.ca\/fr\/investigator\/estelle-carde\/\" target=\"_blank\" rel=\"noreferrer noopener\">Estelle Carde<\/a>, (Universit\u00e9 de Montr\u00e9al), <a href=\"https:\/\/qprn.ca\/fr\/investigator\/jason-bouffard\/\">Jason Bouffard<\/a> (Universit\u00e9 Laval) , <a href=\"https:\/\/qprn.ca\/fr\/investigator\/amy-doucet\/\" target=\"_blank\" rel=\"noreferrer noopener\">Amy Doucet<\/a>, patiente partenaire, <a href=\"https:\/\/qprn.ca\/fr\/investigator\/maripier-arcand-langlois\/\">Maripier Arcand-Langlois<\/a>, patiente partenaire, Jos\u00e9anne Desrosiers et \u00c9milie Fortin (repr\u00e9sentantes de la communaut\u00e9 \u00e9tudiante) <br>Consortium qu\u00e9b\u00e9cois sur le <strong>continuum et les trajectoires de soins en douleur<\/strong> : <a href=\"https:\/\/qprn.ca\/fr\/investigator\/gabrielle-page\/\" target=\"_blank\" rel=\"noreferrer noopener\">Gabrielle Pag\u00e9<\/a>, (Universit\u00e9 de Montr\u00e9al), <a href=\"https:\/\/qprn.ca\/fr\/investigator\/gabrielle-page\/\" target=\"_blank\" rel=\"noreferrer noopener\">Marc-Andr\u00e9 Blanchette<\/a>, (Universit\u00e9 du Qu\u00e9bec \u00e0 Trois-Rivi\u00e8res) et <a href=\"https:\/\/qprn.ca\/fr\/investigator\/gabrielle-page\/\" target=\"_blank\" rel=\"noreferrer noopener\">Lesley Norris-Singer<\/a>, patiente partenaire, Andr\u00e9anne Bernier et Genevi\u00e8ve Laporte<strong> <\/strong>(repr\u00e9sentantes de la communaut\u00e9 \u00e9tudiante)<br>Consortium qu\u00e9b\u00e9cois sur la <strong>sant\u00e9 des personnes v\u00e9t\u00e9ranes vivant avec la douleur chronique<\/strong> : <a href=\"https:\/\/qprn.ca\/fr\/investigator\/timothy-wideman\/\" target=\"_blank\" rel=\"noreferrer noopener\">Timothy Wideman<\/a>, (Universit\u00e9 McGill), H\u00e9l\u00e8ne LeScelleur, patiente partenaire, Maureen Ahiatsi et Marim\u00e9e Godbout-Parent (repr\u00e9sentantes de la communaut\u00e9 \u00e9tudiante)<\/p>\n\n\n\n<h6 class=\"wp-block-heading\">\u2022 Responsables des <a href=\"https:\/\/qprn.ca\/fr\/nos-solutions\/#plateformes\" target=\"_blank\" rel=\"noreferrer noopener\">Plateformes techniques<\/a><\/h6>\n\n\n\n<p>Plateforme technique sur les <strong>outils mol\u00e9culaires et l&rsquo;imagerie cellulaire<\/strong>: <a href=\"https:\/\/qprn.ca\/fr\/investigator\/marie-eve-paquet\/\" data-type=\"investigator\" data-id=\"2646\">Marie-\u00c8ve Paquet<\/a> (Universit\u00e9 Laval)<br>Plateforme technique sur les <strong>syst\u00e8mes pr\u00e9cliniques<\/strong> : <a href=\"https:\/\/qprn.ca\/fr\/investigator\/magali-millecamps\/\" data-type=\"investigator\" data-id=\"15896\">Magali Millecamps<\/a> (Universit\u00e9 de Montr\u00e9al)<br>Plateforme technique sur l&rsquo;<strong>imagerie c\u00e9r\u00e9brale<\/strong> : <a href=\"https:\/\/qprn.ca\/fr\/investigator\/pierre-rainville\/\" target=\"_blank\" rel=\"noreferrer noopener\">Pierre Rainville<\/a> (Universit\u00e9 de Montr\u00e9al) et <a href=\"https:\/\/qprn.ca\/fr\/investigator\/mathieu-roy\/\" target=\"_blank\" rel=\"noreferrer noopener\">Mathieu Roy<\/a> (Universit\u00e9 McGill)<br>Plateforme technique sur l&rsquo;<strong>analyse g\u00e9n\u00e9tique et la g\u00e9nomique<\/strong> : <a href=\"https:\/\/qprn.ca\/fr\/investigator\/audrey-grant\/\" data-type=\"investigator\" data-id=\"2526\">Audrey Grant<\/a> et <a href=\"https:\/\/qprn.ca\/fr\/investigator\/carolina-beraldo-meloto\/\" data-type=\"investigator\" data-id=\"1710\">Carolina Meloto<\/a> (Universit\u00e9 McGill)<\/p>\n","protected":false},"excerpt":{"rendered":"<p>la vision du RQRD Depuis plus de 20 ans, la vision \u00e0 long terme du&#8230;<\/p>\n","protected":false},"author":2,"featured_media":0,"parent":0,"menu_order":0,"comment_status":"closed","ping_status":"closed","template":"","meta":{"_acf_changed":false,"footnotes":""},"class_list":["post-67","page","type-page","status-publish","hentry"],"acf":[],"_links":{"self":[{"href":"https:\/\/qprn.ca\/fr\/wp-json\/wp\/v2\/pages\/67","targetHints":{"allow":["GET"]}}],"collection":[{"href":"https:\/\/qprn.ca\/fr\/wp-json\/wp\/v2\/pages"}],"about":[{"href":"https:\/\/qprn.ca\/fr\/wp-json\/wp\/v2\/types\/page"}],"author":[{"embeddable":true,"href":"https:\/\/qprn.ca\/fr\/wp-json\/wp\/v2\/users\/2"}],"replies":[{"embeddable":true,"href":"https:\/\/qprn.ca\/fr\/wp-json\/wp\/v2\/comments?post=67"}],"version-history":[{"count":2,"href":"https:\/\/qprn.ca\/fr\/wp-json\/wp\/v2\/pages\/67\/revisions"}],"predecessor-version":[{"id":20783,"href":"https:\/\/qprn.ca\/fr\/wp-json\/wp\/v2\/pages\/67\/revisions\/20783"}],"wp:attachment":[{"href":"https:\/\/qprn.ca\/fr\/wp-json\/wp\/v2\/media?parent=67"}],"curies":[{"name":"wp","href":"https:\/\/api.w.org\/{rel}","templated":true}]}}