{"id":582,"date":"2020-01-16T00:41:18","date_gmt":"2020-01-16T05:41:18","guid":{"rendered":"https:\/\/qprn.ca\/?page_id=582"},"modified":"2025-06-10T11:25:09","modified_gmt":"2025-06-10T15:25:09","slug":"reglement","status":"publish","type":"page","link":"https:\/\/qprn.ca\/fr\/projets-pilotes\/reglement\/","title":{"rendered":"R\u00e8glement : Projets pilotes"},"content":{"rendered":"\n<h3 class=\"wp-block-heading\">But du programme<\/h3>\n\n\n\n<p>Ce programme sert \u00e0 initier et promouvoir un aspect novateur et non subventionn\u00e9 de la recherche scientifique des chercheurs et des chercheuses membres du R\u00e9seau qu\u00e9b\u00e9cois de recherche sur la douleur (RQRD). Ceux-ci pourraient par exemple v\u00e9rifier la faisabilit\u00e9 d\u2019un concept innovant, obtenir des donn\u00e9es pr\u00e9liminaires qui permettront la pr\u00e9paration d\u2019une demande de subvention \u00e0 une des agences de financement reconnues, ou encore faciliter le d\u00e9marrage d\u2019une initiative \u00e0 haut risque. Selon la Charte du RQRD, seuls les membres r\u00e9guli\u00e8res et r\u00e9guliers du RQRD sont admissibles. Les projets \u00e9ligibles doivent \u00eatre en lien avec la douleur, ne doivent pas \u00eatre subventionn\u00e9s et doivent r\u00e9pondre \u00e0 au moins un des crit\u00e8res suivants  :<\/p>\n\n\n\n<ul class=\"wp-block-list\">\n<li>Soutien au d\u00e9marrage de carri\u00e8re : s&rsquo;adresse aux membres \u00e0 un stade de carri\u00e8re junior (en poste depuis moins de 5 ans en date du 30 septembre de l\u2019ann\u00e9e en cours), qui initient leurs programmes de recherche et n\u2019ont pas encore obtenu de financement d\u2019un organisme subventionnaire majeur. Un financement de 25 000$ est d\u2019ailleurs r\u00e9serv\u00e9 annuellement pour cette cat\u00e9gorie de candidature OU;<\/li>\n\n\n\n<li>Soutien \u00e0 l&rsquo;implantation dans l&rsquo;\u00e9cosyst\u00e8me du Qu\u00e9bec: s&rsquo;adresse aux membres nouvellement en poste au Qu\u00e9bec (depuis moins de 3 ans, peu importe le stade de carri\u00e8re) qui initient leurs programmes de recherche et n&rsquo;ont pas encore  obtenu de financement d&rsquo;un organisme OU;.<\/li>\n\n\n\n<li>Soutien \u00e0 la r\u00e9orientation des travaux: s&rsquo;adresse aux membres \u00e9tabli.e.s, mais qui r\u00e9orientent leurs travaux OU;<\/li>\n\n\n\n<li>Soutien au d\u00e9marrage de projets d&rsquo;envergure: s&rsquo;adresse aux membres \u00e9tabli.e.s qui veulent d\u00e9velopper de nouvelles collaborations afin de combiner leurs connaissances respectives pour accumuler des donn\u00e9es en vue de pr\u00e9senter une demande de subvention \u00e0 un organisme subventionnaire majeur.<\/li>\n<\/ul>\n\n\n\n<div style=\"height:20px\" aria-hidden=\"true\" class=\"wp-block-spacer\"><\/div>\n\n\n\n<h3 class=\"wp-block-heading\">Dur\u00e9e des octrois<\/h3>\n\n\n\n<p>Les octrois sont normalement accord\u00e9s pour une p\u00e9riode d\u2019une ann\u00e9e. Dans certaines circonstances exceptionnelles, le RQRD autorisera l\u2019\u00e9talement sur deux ann\u00e9es financi\u00e8res. Toute demande de prolongation doit parvenir au plus tard 9 mois suivant la date d\u2019autorisation de transfert du financement par la direction du RQRD et ne pourra pas exc\u00e9der la fin de l&rsquo;ann\u00e9e financi\u00e8re suivante.<\/p>\n\n\n\n<div style=\"height:20px\" aria-hidden=\"true\" class=\"wp-block-spacer\"><\/div>\n\n\n\n<h3 class=\"wp-block-heading\">Chevauchement<\/h3>\n\n\n\n<p>Tout chevauchement scientifique et budg\u00e9taire \u00e0 d\u2019autres sources de financement n\u2019est pas permis.<\/p>\n\n\n\n<div style=\"height:20px\" aria-hidden=\"true\" class=\"wp-block-spacer\"><\/div>\n\n\n\n<h3 class=\"wp-block-heading\">Crit\u00e8res d\u2019admissibilit\u00e9<\/h3>\n\n\n\n<ul class=\"wp-block-list\">\n<li>Le chercheur ou la chercheuse principal.e doit \u00eatre un.e membre r\u00e9gulier.\u00e8re du RQRD avant l&rsquo;annonce du concours annuel et maintenir son statut pendant toute la p\u00e9riode de l\u2019octroi (la demande d\u2019adh\u00e9sion doit avoir \u00e9t\u00e9 re\u00e7ue avant la date de lancement du concours);<\/li>\n\n\n\n<li>Le chercheur ou la chercheuse principal.e doit r\u00e9sider au Qu\u00e9bec au moment de l\u2019utilisation des fonds accord\u00e9s par le RQRD.<\/li>\n\n\n\n<li>Il est possible d\u2019\u00eatre co-applicant sur plus d&rsquo;une candidature.<\/li>\n<\/ul>\n\n\n\n<div style=\"height:20px\" aria-hidden=\"true\" class=\"wp-block-spacer\"><\/div>\n\n\n\n<h3 class=\"wp-block-heading\">Obligations des investigateurs envers le programme<\/h3>\n\n\n\n<p>Les candidat.e.s subventionn\u00e9.e.s s\u2019engagent \u00e0 :<\/p>\n\n\n\n<ol class=\"wp-block-list\">\n<li>Reconnaitre le support du RQRD comme organisme de financement initial dans toute publication (abr\u00e9g\u00e9, article avec revue de pairs, etc.) ou pr\u00e9sentation qui d\u00e9coule de cette recherche;<\/li>\n\n\n\n<li>Participer \u00e0 la retraite annuelle du RQRD de mani\u00e8re \u00e0 pr\u00e9senter ses r\u00e9sultats et \u00e0 tenir les membres inform\u00e9.e.s de l\u2019avancement du projet pilote financ\u00e9;<\/li>\n\n\n\n<li>Produire un rapport au terme de la subvention. Ce rapport devra r\u00e9sumer l\u2019\u00e9tat d\u2019avancement des r\u00e9sultats de la recherche, incluant des copies d\u2019articles publi\u00e9s suite \u00e0 ces recherches, les r\u00e9sum\u00e9s des pr\u00e9sentations scientifiques lors d\u2019\u00e9v\u00e9nements, etc. Dans un souci de visibilit\u00e9 et de mise en valeur des projets stimul\u00e9s par ce financement, l\u2019identification des livrables en lien avec la formation, le dynamisme, le rayonnement et l\u2019effet levier de financement sont d\u00e9terminants;<\/li>\n\n\n\n<li>Aviser le RQRD de la d\u00e9cision des organismes subventionnaires auxquels le projet aura \u00e9t\u00e9 soumis;<\/li>\n\n\n\n<li>Refuser la totalit\u00e9 de la subvention (100%) accord\u00e9e par le RQRD dans le cas o\u00f9 le m\u00eame projet est financ\u00e9 par un autre organisme subventionnaire, et ce d\u00e8s que possible.<\/li>\n<\/ol>\n\n\n\n<p><em>Note&nbsp;: Le non-respect de ces obligations pourrait disqualifier un chercheur ou une chercheuse de recevoir des fonds du RQRD jusqu\u2019\u00e0 ce que la situation soit r\u00e9gularis\u00e9e.<\/em><\/p>\n\n\n\n<div style=\"height:20px\" aria-hidden=\"true\" class=\"wp-block-spacer\"><\/div>\n\n\n\n<h3 class=\"wp-block-heading\">Support<\/h3>\n\n\n\n<ul class=\"wp-block-list\">\n<li>Un montant maximal de 25&nbsp;000$ par projet peut \u00eatre accord\u00e9&nbsp;; <\/li>\n\n\n\n<li>Les d\u00e9penses admissibles doivent \u00eatre en ligne avec les politiques du Fonds de recherche du Qu\u00e9bec, document des Principes directeurs de gestion et gouvernance des r\u00e9seaux th\u00e9matiques <a href=\"https:\/\/frq.gouv.qc.ca\/app\/uploads\/2024\/04\/principes_dir_gestion_res_2024.pdf\" data-type=\"link\" data-id=\"https:\/\/frq.gouv.qc.ca\/app\/uploads\/2024\/04\/principes_dir_gestion_res_2024.pdf\" target=\"_blank\" rel=\"noreferrer noopener\">derni\u00e8re version<\/a>.<\/li>\n<\/ul>\n\n\n\n<p>Toutes les sommes allou\u00e9es devront \u00eatre d\u00e9pens\u00e9es \u00e0 la date indiqu\u00e9e sur la notification d\u2019octroi. Dans certains cas exceptionnels, une prolongation d\u2019au maximum 1 an pourra \u00eatre accord\u00e9e.<\/p>\n\n\n\n<div style=\"height:20px\" aria-hidden=\"true\" class=\"wp-block-spacer\"><\/div>\n\n\n\n<h3 class=\"wp-block-heading\">\u00c9tapes de la soumission et documents requis<\/h3>\n\n\n\n<p>Le projet doit \u00eatre en ligne avec la mission du RQRD et ses priorit\u00e9s de recherche. Il peut aussi repr\u00e9senter un tremplin \u00e0 une demande de subvention \u00e0 un organisme majeur de financement.<\/p>\n\n\n\n<p>La soumission des candidatures se faite en ligne via le lien pr\u00e9sent sur le site du RQRD. Une confirmation vous sera envoy\u00e9e lors de la r\u00e9ception de votre dossier. Si aucune confirmation ne vous parvient apr\u00e8s 48 heures, veuillez communiquer avec les coordonnateurs du RQRD (&#103;&#x65;&#x73;t&#105;&#x6f;&#x6e;&#64;&#113;&#x70;r&#110;&#x2e;&#x63;a).<\/p>\n\n\n\n<div style=\"height:20px\" aria-hidden=\"true\" class=\"wp-block-spacer\"><\/div>\n\n\n\n<h5 class=\"wp-block-heading\">Le formulaire comprend : <\/h5>\n\n\n\n<ul class=\"wp-block-list\">\n<li>Probl\u00e9matique (150 mots) ;<\/li>\n\n\n\n<li>Objectifs et hypoth\u00e8ses (s\u2019il y a lieu) (150 mots) ;<\/li>\n\n\n\n<li>M\u00e9thodologie (1200 mots) ;<\/li>\n\n\n\n<li>Justification de la nature pilote du projet (150 mots) ;<\/li>\n\n\n\n<li>Pertinence scientifique, clinique et\/ou sociale (150 mots) ;<\/li>\n\n\n\n<li>Strat\u00e9gies appliqu\u00e9es afin de privil\u00e9gier l\u2019\u00e9quit\u00e9, la diversit\u00e9 et l\u2019inclusion (150 mots)<\/li>\n\n\n\n<li>Un budget justifi\u00e9 (Fichier \u00e0 joindre) qui ne peut pas inclure de salaire \u00e9tudiant (un compl\u00e9ment de bourse est autoris\u00e9 seulement, ex: un \u00e9tudiant engag\u00e9 pour une seule session) ;<\/li>\n\n\n\n<li>Information sur le statut \u00e9thique du projet (si disponible) ;<\/li>\n\n\n\n<li>Le CV commun canadien au format \u00ab\u00a0CV ABR\u00c9G\u00c9 DES IRSC\u00a0\u00bb de chacun des chercheurs impliqu\u00e9s dans le projet ;<\/li>\n\n\n\n<li>Le format des r\u00e9f\u00e9rences dans le texte est libre. Une table des r\u00e9f\u00e9rences et des figures peut \u00eatre ajout\u00e9e en fichier attach\u00e9 dans la section \u00ab\u00a0Autres documents\u00a0\u00bb.<\/li>\n<\/ul>\n\n\n\n<div style=\"height:20px\" aria-hidden=\"true\" class=\"wp-block-spacer\"><\/div>\n\n\n\n<h5 class=\"wp-block-heading\">D\u00e9p\u00f4t en ligne :<\/h5>\n\n\n\n<p>Le projet doit \u00eatre en ligne avec la mission du RQRD et ses priorit\u00e9s de recherche. Il peut aussi repr\u00e9senter un tremplin \u00e0 une demande de subvention \u00e0 un organisme majeur de financement.<\/p>\n\n\n\n<p>La soumission des candidatures se fait en ligne via le lien pr\u00e9sent sur le site du RQRD. Une confirmation vous sera envoy\u00e9e lors de la r\u00e9ception de votre dossier. Si aucune confirmation ne vous parvient apr\u00e8s 48 heures, veuillez communiquer avec les coordonnateurs du RQRD (&#x67;&#101;s&#x74;&#105;o&#x6e;&#64;q&#x70;&#x72;&#110;&#x2e;&#x63;&#97;).<\/p>\n","protected":false},"excerpt":{"rendered":"<p>But du programme Ce programme sert \u00e0 initier et promouvoir un aspect novateur et non&#8230;<\/p>\n","protected":false},"author":2,"featured_media":0,"parent":241,"menu_order":0,"comment_status":"closed","ping_status":"closed","template":"","meta":{"_acf_changed":false,"footnotes":""},"class_list":["post-582","page","type-page","status-publish","hentry"],"acf":[],"_links":{"self":[{"href":"https:\/\/qprn.ca\/fr\/wp-json\/wp\/v2\/pages\/582","targetHints":{"allow":["GET"]}}],"collection":[{"href":"https:\/\/qprn.ca\/fr\/wp-json\/wp\/v2\/pages"}],"about":[{"href":"https:\/\/qprn.ca\/fr\/wp-json\/wp\/v2\/types\/page"}],"author":[{"embeddable":true,"href":"https:\/\/qprn.ca\/fr\/wp-json\/wp\/v2\/users\/2"}],"replies":[{"embeddable":true,"href":"https:\/\/qprn.ca\/fr\/wp-json\/wp\/v2\/comments?post=582"}],"version-history":[{"count":0,"href":"https:\/\/qprn.ca\/fr\/wp-json\/wp\/v2\/pages\/582\/revisions"}],"up":[{"embeddable":true,"href":"https:\/\/qprn.ca\/fr\/wp-json\/wp\/v2\/pages\/241"}],"wp:attachment":[{"href":"https:\/\/qprn.ca\/fr\/wp-json\/wp\/v2\/media?parent=582"}],"curies":[{"name":"wp","href":"https:\/\/api.w.org\/{rel}","templated":true}]}}