{"id":544,"date":"2020-01-14T14:51:02","date_gmt":"2020-01-14T19:51:02","guid":{"rendered":"https:\/\/qprn.ca\/?page_id=544"},"modified":"2025-04-15T11:05:44","modified_gmt":"2025-04-15T15:05:44","slug":"programme-elargis-tes-horizons","status":"publish","type":"page","link":"https:\/\/qprn.ca\/fr\/programme-elargis-tes-horizons\/","title":{"rendered":"Programme de bourse de stage \u00ab\u00a0\u00c9largis tes horizons\u00a0\u00bb"},"content":{"rendered":"\n<div style=\"height:20px\" aria-hidden=\"true\" class=\"wp-block-spacer\"><\/div>\n\n\n\n<h3 class=\"wp-block-heading\">programme &#8211; OUVERT<\/h3>\n\n\n\n<div style=\"height:20px\" aria-hidden=\"true\" class=\"wp-block-spacer\"><\/div>\n\n\n\n<p>*<strong>Veuillez noter que le budget a \u00e9t\u00e9 \u00e9coul\u00e9 pour 2024-2025. Seules les demandes pour des stages se d\u00e9roulant apr\u00e8s avril 2025 seront accept\u00e9s.<\/strong><\/p>\n\n\n\n<div style=\"height:20px\" aria-hidden=\"true\" class=\"wp-block-spacer\"><\/div>\n\n\n\n<h2 class=\"wp-block-heading\">Description du programme<\/h2>\n\n\n\n<p>Ce <strong>programme de bourse de stage<\/strong> vise \u00e0 appuyer les \u00e9tudiantes et \u00e9tudiants aux cycles sup\u00e9rieurs ainsi que les stagiaires au postdoctorat souhaitant effectuer un s\u00e9jour dans un milieu externe afin d\u2019y acqu\u00e9rir une formation compl\u00e9mentaire en recherche sur la douleur, que ce soit en lien avec un concept, une technique, un protocole ou l\u2019\u00e9tablissement d\u2019une nouvelle collaboration, dans un domaine encore peu ou non explor\u00e9 par les \u00e9quipes de recherche du Qu\u00e9bec. Les demandes de financement pour la participation \u00e0 des formations sp\u00e9cialis\u00e9es seront aussi prises en consid\u00e9ration.<\/p>\n\n\n\n<p><strong>Le candidat ou la candidate devra \u00e9galement d\u00e9montrer les retomb\u00e9es de ce stage<\/strong> pour d\u2019autres membres du R\u00e9seau qu\u00e9b\u00e9cois des \u00e9tudiants-chercheurs sur la douleur (RQECD) et\/ou du R\u00e9seau qu\u00e9b\u00e9cois de recherche sur la douleur (RQRD).<\/p>\n\n\n\n<p><br>Le RQRD planifie de donner un minimum de 3 bourses par ann\u00e9e.<\/p>\n\n\n\n<div style=\"height:20px\" aria-hidden=\"true\" class=\"wp-block-spacer\"><\/div>\n\n\n\n<h2 class=\"wp-block-heading\">Restrictions<\/h2>\n\n\n\n<ul class=\"wp-block-list\">\n<li>Une demande par ann\u00e9e financi\u00e8re (avril \u00e0 mars);<\/li>\n\n\n\n<li>La priorit\u00e9 sera accord\u00e9e aux personnes demandant un tout premier financement;<\/li>\n\n\n\n<li>Au maximum 2 000$ \/ bourse pour les stages au Canada;<\/li>\n\n\n\n<li>Au maximum 3 500$ \/ bourse pour les stages internationaux;<\/li>\n\n\n\n<li>Un montage financier avec d\u2019autres bourses de stages est autoris\u00e9 et m\u00eame souhait\u00e9.<\/li>\n<\/ul>\n\n\n\n<p>Veuillez nous contacter s\u2019il s\u2019agit d\u2019un stage au Qu\u00e9bec; le RQRD pr\u00e9f\u00e8re mettre en place des ateliers pour la collectivit\u00e9 que de financer des stages individuels au Qu\u00e9bec.<\/p>\n\n\n\n<div style=\"height:20px\" aria-hidden=\"true\" class=\"wp-block-spacer\"><\/div>\n\n\n\n<h2 class=\"wp-block-heading\">Crit\u00e8res d&rsquo;admissibilit\u00e9<\/h2>\n\n\n\n<ul class=\"wp-block-list\">\n<li>Faire partie d\u2019une universit\u00e9 qu\u00e9b\u00e9coise et poursuivre sa recherche dans un domaine reli\u00e9 \u00e0 la douleur;<\/li>\n\n\n\n<li>Encadrement par un membre r\u00e9gulier ou une membre r\u00e9guli\u00e8re du R\u00e9seau qu\u00e9b\u00e9cois de recherche sur la douleur;<\/li>\n\n\n\n<li>\u00catre membre en r\u00e8gle du R\u00e9seau qu\u00e9b\u00e9cois des \u00e9tudiants-chercheurs sur la douleur (RQECD) avant l\u2019ouverture du concours;<\/li>\n\n\n\n<li>Effectuer un stage d\u2019une dur\u00e9e minimale de 4 semaines;<\/li>\n\n\n\n<li>Le stage doit respecter les <a href=\"https:\/\/frq.gouv.qc.ca\/regles-generales-communes\/\" target=\"_blank\" rel=\"noreferrer noopener\">crit\u00e8res du FRQ-S<\/a>.<\/li>\n<\/ul>\n\n\n\n<div style=\"height:20px\" aria-hidden=\"true\" class=\"wp-block-spacer\"><\/div>\n\n\n\n<h2 class=\"wp-block-heading\">Pr\u00e9paration du dossier<\/h2>\n\n\n\n<p>Pour soumettre votre demande, vous devrez renseigner les \u00e9l\u00e9ments suivants dans notre formulaire de candidature :<\/p>\n\n\n\n<ul class=\"wp-block-list\">\n<li><strong>Une page titre <\/strong>\n<ul class=\"wp-block-list\">\n<li>Titre du projet de recherche<\/li>\n\n\n\n<li>Nom du candidat ou de la candidate<\/li>\n\n\n\n<li>Nom du laboratoire<\/li>\n\n\n\n<li>Nom du directeur ou de la directrice membre du RQRD<\/li>\n\n\n\n<li>Nom du laboratoire d&rsquo;accueil<\/li>\n\n\n\n<li>Nom du directeur ou de la directrice de l&rsquo;\u00e9quipe d&rsquo;accueil<\/li>\n\n\n\n<li>Ville, Pays<\/li>\n\n\n\n<li>Date de d\u00e9part et dur\u00e9e du stage<\/li>\n<\/ul>\n<\/li>\n<\/ul>\n\n\n\n<ul class=\"wp-block-list\">\n<li><strong>Description du projet de recherche \u00e0 effectuer pendant le stage (1 page max) <\/strong>\n<ul class=\"wp-block-list\">\n<li>Introduction<\/li>\n\n\n\n<li>Objectifs r\u00e9alistes \u00e0 effectuer pendant le stage<\/li>\n\n\n\n<li>M\u00e9thodes et expertises \u00e0 acqu\u00e9rir<\/li>\n\n\n\n<li>R\u00e9sultats attendus<\/li>\n<\/ul>\n<\/li>\n<\/ul>\n\n\n\n<ul class=\"wp-block-list\">\n<li><strong>N\u00e9cessit\u00e9 de ce stage<\/strong>\n<ul class=\"wp-block-list\">\n<li>Expertise \u00e0 acqu\u00e9rir non-disponible au Qu\u00e9bec<\/li>\n\n\n\n<li>B\u00e9n\u00e9fice d&rsquo;acqu\u00e9rir cette formation ailleurs qu&rsquo;au Qu\u00e9bec si disponible au Qu\u00e9bec<\/li>\n\n\n\n<li>Attentes face \u00e0 ce stage<\/li>\n\n\n\n<li>Retomb\u00e9es pour votre projet actuel de th\u00e8se ou de post-doc<\/li>\n<\/ul>\n<\/li>\n<\/ul>\n\n\n\n<ul class=\"wp-block-list\">\n<li><strong>Budget<\/strong>\n<ul class=\"wp-block-list\">\n<li>Sous forme de tableau<\/li>\n\n\n\n<li>Description d\u00e9taill\u00e9e des d\u00e9penses envisag\u00e9es (extrants)<\/li>\n\n\n\n<li>Indiquer les autres sources de financement (intrants)<\/li>\n<\/ul>\n<\/li>\n<\/ul>\n\n\n\n<ul class=\"wp-block-list\">\n<li>Une lettre de support du directeur ou de la directrice de l&rsquo;\u00e9quipe d&rsquo;accueil<\/li>\n\n\n\n<li>Une lettre de support du directeur ou de la directrice de th\u00e8se\/post-doc<\/li>\n\n\n\n<li>Le CV \u00e0 jour du candidat ou de la candidate (Format Biosketch)<\/li>\n\n\n\n<li>Le CV \u00e0 jour du directeur ou de la directrice de l&rsquo;\u00e9quipe d&rsquo;accueil (format Biosketch).<\/li>\n<\/ul>\n\n\n\n<div style=\"height:20px\" aria-hidden=\"true\" class=\"wp-block-spacer\"><\/div>\n\n\n\n<h2 class=\"wp-block-heading\">Rapport de stage<\/h2>\n\n\n\n<p>Le rapport de stage devra \u00eatre envoy\u00e9 \u00e0 &#103;&#x65;&#x73;t&#105;&#x6f;&#x6e;&#64;&#113;&#x70;r&#110;&#x2e;&#x63;a dans les 6 semaines apr\u00e8s la fin du stage et devra \u00eatre construit selon le plan indiqu\u00e9 dans ce <a href=\"https:\/\/qprn.ca\/wp-content\/uploads\/2024\/11\/2024_rapports_-stage_RQRD.docx\" target=\"_blank\" rel=\"noreferrer noopener\"><strong>document guide<\/strong><\/a>.<\/p>\n\n\n\n<div style=\"height:20px\" aria-hidden=\"true\" class=\"wp-block-spacer\"><\/div>\n\n\n\n<h2 class=\"wp-block-heading\">VERSEMENT<\/h2>\n\n\n\n<p>Les fonds seront directement vers\u00e9s \u00e0 votre superviseur, il vous suffira de faire une demande de remboursement aupr\u00e8s de votre institution.<\/p>\n\n\n\n<div style=\"height:20px\" aria-hidden=\"true\" class=\"wp-block-spacer\"><\/div>\n\n\n\n<div class=\"wp-block-buttons is-content-justification-center is-layout-flex wp-container-core-buttons-is-layout-16018d1d wp-block-buttons-is-layout-flex\">\n<div class=\"wp-block-button\"><a class=\"wp-block-button__link wp-element-button\" href=\"https:\/\/qprn.ca\/fr\/formulaire-elargis-tes-horizons\/\" target=\"_blank\" rel=\"noreferrer noopener\">PARTICIPER AU PROGRAMME<\/a><\/div>\n<\/div>\n","protected":false},"excerpt":{"rendered":"<p>programme &#8211; OUVERT *Veuillez noter que le budget a \u00e9t\u00e9 \u00e9coul\u00e9 pour 2024-2025. Seules les&#8230;<\/p>\n","protected":false},"author":2,"featured_media":0,"parent":0,"menu_order":0,"comment_status":"closed","ping_status":"closed","template":"","meta":{"_acf_changed":false,"footnotes":""},"class_list":["post-544","page","type-page","status-publish","hentry"],"acf":[],"_links":{"self":[{"href":"https:\/\/qprn.ca\/fr\/wp-json\/wp\/v2\/pages\/544","targetHints":{"allow":["GET"]}}],"collection":[{"href":"https:\/\/qprn.ca\/fr\/wp-json\/wp\/v2\/pages"}],"about":[{"href":"https:\/\/qprn.ca\/fr\/wp-json\/wp\/v2\/types\/page"}],"author":[{"embeddable":true,"href":"https:\/\/qprn.ca\/fr\/wp-json\/wp\/v2\/users\/2"}],"replies":[{"embeddable":true,"href":"https:\/\/qprn.ca\/fr\/wp-json\/wp\/v2\/comments?post=544"}],"version-history":[{"count":0,"href":"https:\/\/qprn.ca\/fr\/wp-json\/wp\/v2\/pages\/544\/revisions"}],"wp:attachment":[{"href":"https:\/\/qprn.ca\/fr\/wp-json\/wp\/v2\/media?parent=544"}],"curies":[{"name":"wp","href":"https:\/\/api.w.org\/{rel}","templated":true}]}}