{"id":531,"date":"2020-01-14T13:24:30","date_gmt":"2020-01-14T18:24:30","guid":{"rendered":"https:\/\/qprn.ca\/?page_id=531"},"modified":"2026-03-09T09:18:13","modified_gmt":"2026-03-09T13:18:13","slug":"programme-je-maffiche","status":"publish","type":"page","link":"https:\/\/qprn.ca\/fr\/programme-je-maffiche\/","title":{"rendered":"Programme de bourse de d\u00e9placement \u00ab\u00a0JE M\u2019AFFICHE!\u00a0\u00bb"},"content":{"rendered":"\n<div style=\"height:20px\" aria-hidden=\"true\" class=\"wp-block-spacer\"><\/div>\n\n\n\n<h3 class=\"wp-block-heading\">Programme #1 &#8211; Ferm\u00e9<\/h3>\n\n\n\n<p>Date d&rsquo;ouverture concours: <strong>12 d\u00e9cembre 2025<\/strong><\/p>\n\n\n\n<p>Date limite des soumissions: <strong>23 janvier 2026 (23h59)<\/strong><\/p>\n\n\n\n<p>P\u00e9riode d&rsquo;\u00e9ligibilit\u00e9 des congr\u00e8s: <strong>1er f\u00e9vrier au 31 juillet 2026 <\/strong><\/p>\n\n\n\n<div style=\"height:20px\" aria-hidden=\"true\" class=\"wp-block-spacer\"><\/div>\n\n\n\n<h3 class=\"wp-block-heading\">Programme #2 &#8211; Ferm\u00e9<\/h3>\n\n\n\n<p>Date d&rsquo;ouverture concours: <strong>18 mai 2026<\/strong><\/p>\n\n\n\n<p>Date limite des soumissions: <strong>22 juin 2026<\/strong> <strong>(23h59)<\/strong><\/p>\n\n\n\n<p>P\u00e9riode d&rsquo;\u00e9ligibilit\u00e9 des congr\u00e8s: <strong>1er ao\u00fbt 2026 au 31 janvier 2027 <\/strong><\/p>\n\n\n\n<div style=\"height:100px\" aria-hidden=\"true\" class=\"wp-block-spacer\"><\/div>\n\n\n\n<h2 class=\"wp-block-heading\">Description du programme<\/h2>\n\n\n\n<p>Ce <strong>programme de bourse de d\u00e9placement<\/strong> a pour objectif de vous soutenir dans la diffusion de vos travaux de recherche li\u00e9s \u00e0 la th\u00e9matique de la douleur ou \u00e0 des disciplines connexes. Le R\u00e9seau qu\u00e9b\u00e9cois de recherche sur la douleur (RQRD) vous propose un programme de bourses pour soutenir votre participation \u00e0 des conf\u00e9rences et ainsi vous permettre de gagner en confiance et en visibilit\u00e9.<\/p>\n\n\n\n<p>Votre participation \u00e0 un congr\u00e8s vous permettra de renforcer et diversifier vos comp\u00e9tences en communication en apprenant \u00e0 cibler efficacement vos messages et \u00e0 pr\u00e9senter les concepts et r\u00e9sultats cl\u00e9s de fa\u00e7on claire, accessible et engageante. Les nombreuses interactions potentielles lors des conf\u00e9rences vous permettront aussi de d\u00e9velopper votre propre r\u00e9seau et votre capacit\u00e9 \u00e0 formuler des r\u00e9ponses concises et adapt\u00e9es aux int\u00e9r\u00eats de votre auditoire.<br>Le programme vous soutiendra pour :<\/p>\n\n\n\n<ul class=\"wp-block-list\">\n<li>Pr\u00e9senter une affiche scientifique en conf\u00e9rence (en personne ou en ligne) ou,<\/li>\n\n\n\n<li>Pr\u00e9senter oralement en conf\u00e9rence (en personne ou en ligne).<\/li>\n<\/ul>\n\n\n\n<p><strong>Le soutien sera d\u2019un maximum de 1 000 $ et les frais de d\u00e9placement, d\u2019h\u00e9bergement, de repas, d\u2019inscription, d\u2019infographie, d\u2019impression d\u2019affiche sont \u00e9ligibles pour cette aide financi\u00e8re.<\/strong><\/p>\n\n\n\n<div style=\"height:20px\" aria-hidden=\"true\" class=\"wp-block-spacer\"><\/div>\n\n\n\n<h2 class=\"wp-block-heading\">Restrictions<\/h2>\n\n\n\n<ul class=\"wp-block-list\">\n<li>Maximum de 6 demandes par \u00e9quipe de recherche par an;<\/li>\n\n\n\n<li>Maximum de 1 demande par personne \u00e9tudiante par an, \u00e0 l\u2019exception de l\u2019ann\u00e9e du congr\u00e8s de l\u2019International Association for the Study of Pain \u2013 IASP) o\u00f9 il est possible de d\u00e9poser une demande pour le congr\u00e8s de l\u2019IASP et une demande pour un autre congr\u00e8s.<\/li>\n<\/ul>\n\n\n\n<div style=\"height:20px\" aria-hidden=\"true\" class=\"wp-block-spacer\"><\/div>\n\n\n\n<h2 class=\"wp-block-heading\">Crit\u00e8res d&rsquo;admissibilit\u00e9<\/h2>\n\n\n\n<ul class=\"wp-block-list\">\n<li>\u00catre inscrit \u00e0 une universit\u00e9 qu\u00e9b\u00e9coise et poursuivre sa recherche dans un domaine reli\u00e9 \u00e0 la douleur<\/li>\n\n\n\n<li>\u00catre encadr\u00e9 par un membre r\u00e9gulier, une membre r\u00e9guli\u00e8re ou associ\u00e9.e du R\u00e9seau qu\u00e9b\u00e9cois de recherche sur la douleur<\/li>\n\n\n\n<li>\u00catre un ou une membre du R\u00e9seau qu\u00e9b\u00e9cois des \u00e9tudiants-chercheurs sur la douleur (RQECD) avant l&rsquo;ouverture du concours<\/li>\n<\/ul>\n\n\n\n<div style=\"height:20px\" aria-hidden=\"true\" class=\"wp-block-spacer\"><\/div>\n\n\n\n<h2 class=\"wp-block-heading\">Remboursement<\/h2>\n\n\n\n<p>Le RQRD effectuera un virement interinstitutionnel au directeur ou \u00e0 la directrice de recherche du ou de la r\u00e9cipiendaire, une fois la notification officielle des r\u00e9sultats transmise. Si plusieurs membres d\u2019un m\u00eame laboratoire sont r\u00e9cipiendaires, un seul virement regroupant l\u2019ensemble des montants attribu\u00e9s sera vers\u00e9 au directeur ou \u00e0 la directrice de recherche. Chaque r\u00e9cipiendaire pourra ensuite soumettre une demande de remboursement de ses frais aupr\u00e8s de son institution.<\/p>\n\n\n\n<p><\/p>\n\n\n\n<div class=\"wp-block-buttons is-content-justification-center is-layout-flex wp-container-core-buttons-is-layout-16018d1d wp-block-buttons-is-layout-flex\">\n<div class=\"wp-block-button\" id=\"formulaire-dapplication\"><a class=\"wp-block-button__link wp-element-button\" href=\"https:\/\/qprn.ca\/fr\/formulaire-dapplication\/\" target=\"_blank\" rel=\"noreferrer noopener\">Participer au programme<\/a><\/div>\n<\/div>\n","protected":false},"excerpt":{"rendered":"<p>Programme #1 &#8211; Ferm\u00e9 Date d&rsquo;ouverture concours: 12 d\u00e9cembre 2025 Date limite des soumissions: 23&#8230;<\/p>\n","protected":false},"author":2,"featured_media":0,"parent":0,"menu_order":0,"comment_status":"closed","ping_status":"closed","template":"","meta":{"_acf_changed":false,"footnotes":""},"class_list":["post-531","page","type-page","status-publish","hentry"],"acf":[],"_links":{"self":[{"href":"https:\/\/qprn.ca\/fr\/wp-json\/wp\/v2\/pages\/531","targetHints":{"allow":["GET"]}}],"collection":[{"href":"https:\/\/qprn.ca\/fr\/wp-json\/wp\/v2\/pages"}],"about":[{"href":"https:\/\/qprn.ca\/fr\/wp-json\/wp\/v2\/types\/page"}],"author":[{"embeddable":true,"href":"https:\/\/qprn.ca\/fr\/wp-json\/wp\/v2\/users\/2"}],"replies":[{"embeddable":true,"href":"https:\/\/qprn.ca\/fr\/wp-json\/wp\/v2\/comments?post=531"}],"version-history":[{"count":1,"href":"https:\/\/qprn.ca\/fr\/wp-json\/wp\/v2\/pages\/531\/revisions"}],"predecessor-version":[{"id":20587,"href":"https:\/\/qprn.ca\/fr\/wp-json\/wp\/v2\/pages\/531\/revisions\/20587"}],"wp:attachment":[{"href":"https:\/\/qprn.ca\/fr\/wp-json\/wp\/v2\/media?parent=531"}],"curies":[{"name":"wp","href":"https:\/\/api.w.org\/{rel}","templated":true}]}}