{"id":37,"date":"2019-06-29T23:18:35","date_gmt":"2019-06-30T03:18:35","guid":{"rendered":"https:\/\/qprn.ca\/?page_id=37"},"modified":"2026-03-23T15:14:04","modified_gmt":"2026-03-23T19:14:04","slug":"nos-solutions","status":"publish","type":"page","link":"https:\/\/qprn.ca\/fr\/nos-solutions\/","title":{"rendered":"Nos solutions"},"content":{"rendered":"\n<div style=\"height:100px\" aria-hidden=\"true\" class=\"wp-block-spacer\"><\/div>\n\n\n\n<h2 class=\"wp-block-heading\" id=\"plateformes\">plateformes techniques<\/h2>\n\n\n\n<p>Les plateformes techniques sont des outils communs disponibles pour nos membres dans leurs projets de recherche ind\u00e9pendants, pour nos partenaires afin d\u2019acc\u00e9l\u00e9rer leurs avanc\u00e9es et pour les initiatives strat\u00e9giques du r\u00e9seau afin de g\u00e9n\u00e9rer de nouvelles connaissances. Elles sont dirig\u00e9es par des chercheurs et chercheuses chevronn\u00e9.e.s et fournissent des services et des ressources techniques de haute qualit\u00e9 aux membres.<\/p>\n\n\n\n<div class=\"wp-block-columns is-layout-flex wp-container-core-columns-is-layout-9d6595d7 wp-block-columns-is-layout-flex\">\n<div class=\"wp-block-column is-layout-flow wp-block-column-is-layout-flow\">\n<figure class=\"wp-block-image size-large\"><img loading=\"lazy\" decoding=\"async\" width=\"1400\" height=\"934\" src=\"https:\/\/qprn.ca\/wp-content\/uploads\/2021\/02\/2026-Plateforme-source_FR_1-1400x934.png\" alt=\"\" class=\"wp-image-5166\" title=\"\" srcset=\"https:\/\/qprn.ca\/wp-content\/uploads\/2021\/02\/2026-Plateforme-source_FR_1-1400x934.png 1400w, https:\/\/qprn.ca\/wp-content\/uploads\/2021\/02\/2026-Plateforme-source_FR_1-700x467.png 700w, https:\/\/qprn.ca\/wp-content\/uploads\/2021\/02\/2026-Plateforme-source_FR_1-768x512.png 768w, https:\/\/qprn.ca\/wp-content\/uploads\/2021\/02\/2026-Plateforme-source_FR_1-1536x1025.png 1536w, https:\/\/qprn.ca\/wp-content\/uploads\/2021\/02\/2026-Plateforme-source_FR_1-2048x1366.png 2048w\" sizes=\"auto, (max-width: 1400px) 100vw, 1400px\" \/><\/figure>\n<\/div>\n\n\n\n<div class=\"wp-block-column is-layout-flow wp-block-column-is-layout-flow\">\n<p>L\u2019objectif de la plateforme est la g\u00e9n\u00e9ration d\u2019outils g\u00e9n\u00e9tiques pour l\u2019imagerie optique et la photo-intervention. La plateforme fournit une expertise, des conseils et des services dans les domaines suivants: vecteurs viraux, constructions d\u2019ADN, marqueurs exprim\u00e9s sous condition, animaux transg\u00e9niques, outils fluorescents cod\u00e9s par ADN, d\u00e9tection des interactions ioniques\/mol\u00e9culaires, activation de la lumi\u00e8re \/ inhibition des neurones, suivi cellulaire et subcellulaire et photoclivage des complexes de signalisation.<\/p>\n\n\n\n<ul class=\"wp-block-list\">\n<li><a href=\"https:\/\/cervo.ulaval.ca\/fr\/plateforme-doutils-moleculaires-pom\" target=\"_blank\" rel=\"noreferrer noopener\">Service outils mol\u00e9culaires<\/a><\/li>\n<\/ul>\n<\/div>\n<\/div>\n\n\n\n<div style=\"height:20px\" aria-hidden=\"true\" class=\"wp-block-spacer\"><\/div>\n\n\n\n<div class=\"wp-block-columns is-layout-flex wp-container-core-columns-is-layout-9d6595d7 wp-block-columns-is-layout-flex\">\n<div class=\"wp-block-column is-layout-flow wp-block-column-is-layout-flow\">\n<figure class=\"wp-block-image size-large\"><img loading=\"lazy\" decoding=\"async\" width=\"1400\" height=\"934\" src=\"https:\/\/qprn.ca\/wp-content\/uploads\/2021\/02\/2026-Plateforme-source_FR_2-2-1400x934.png\" alt=\"\" class=\"wp-image-5137\" title=\"\" srcset=\"https:\/\/qprn.ca\/wp-content\/uploads\/2021\/02\/2026-Plateforme-source_FR_2-2-1400x934.png 1400w, https:\/\/qprn.ca\/wp-content\/uploads\/2021\/02\/2026-Plateforme-source_FR_2-2-700x467.png 700w, https:\/\/qprn.ca\/wp-content\/uploads\/2021\/02\/2026-Plateforme-source_FR_2-2-768x512.png 768w, https:\/\/qprn.ca\/wp-content\/uploads\/2021\/02\/2026-Plateforme-source_FR_2-2-1536x1025.png 1536w, https:\/\/qprn.ca\/wp-content\/uploads\/2021\/02\/2026-Plateforme-source_FR_2-2-2048x1366.png 2048w\" sizes=\"auto, (max-width: 1400px) 100vw, 1400px\" \/><\/figure>\n<\/div>\n\n\n\n<div class=\"wp-block-column is-layout-flow wp-block-column-is-layout-flow\">\n<p>Cette plateforme offre un acc\u00e8s \u00e0 plusieurs nouveaux mod\u00e8les animaux imitant diff\u00e9rentes formes de pathologie chez l\u2019humain et permettant de mieux comprendre les facteurs qui sous-tendent l\u2019h\u00e9t\u00e9rog\u00e9n\u00e9it\u00e9 des syndromes de douleur chronique chez les humains. Du personnel hautement qualifi\u00e9 propose des services de conseil m\u00e9thodologique et de consultation, de formation des \u00e9tudiant.e.s, dans le but d\u2019aider la r\u00e9alisation de projets et de renforcer les demandes de financement.<\/p>\n\n\n\n<ul class=\"wp-block-list\">\n<li><a href=\"https:\/\/www.mcgill.ca\/abc-platform\/\" target=\"_blank\" rel=\"noreferrer noopener\">Service Ph\u00e9notype pr\u00e9clinique Montr\u00e9al<\/a><\/li>\n\n\n\n<li><a href=\"https:\/\/www.usherbrooke.ca\/ips\/en\/platforms\/preclinical-phenotyping\" target=\"_blank\" rel=\"noreferrer noopener\">Service Ph\u00e9notype pr\u00e9clinique Sherbrooke<\/a> (in English only)<\/li>\n<\/ul>\n<\/div>\n<\/div>\n\n\n\n<div class=\"wp-block-columns is-layout-flex wp-container-core-columns-is-layout-9d6595d7 wp-block-columns-is-layout-flex\">\n<div class=\"wp-block-column is-layout-flow wp-block-column-is-layout-flow\">\n<figure class=\"wp-block-image size-large\"><img loading=\"lazy\" decoding=\"async\" width=\"1400\" height=\"934\" src=\"https:\/\/qprn.ca\/wp-content\/uploads\/2021\/02\/2026-Plateforme-source_FR_3-1-1400x934.png\" alt=\"\" class=\"wp-image-5139\" title=\"\" srcset=\"https:\/\/qprn.ca\/wp-content\/uploads\/2021\/02\/2026-Plateforme-source_FR_3-1-1400x934.png 1400w, https:\/\/qprn.ca\/wp-content\/uploads\/2021\/02\/2026-Plateforme-source_FR_3-1-700x467.png 700w, https:\/\/qprn.ca\/wp-content\/uploads\/2021\/02\/2026-Plateforme-source_FR_3-1-768x512.png 768w, https:\/\/qprn.ca\/wp-content\/uploads\/2021\/02\/2026-Plateforme-source_FR_3-1-1536x1025.png 1536w, https:\/\/qprn.ca\/wp-content\/uploads\/2021\/02\/2026-Plateforme-source_FR_3-1-2048x1366.png 2048w\" sizes=\"auto, (max-width: 1400px) 100vw, 1400px\" \/><\/figure>\n<\/div>\n\n\n\n<div class=\"wp-block-column is-layout-flow wp-block-column-is-layout-flow\">\n<p>Les chercheurs et chercheuses du RQRD utilisent l\u2019imagerie spinale et c\u00e9r\u00e9brale pour \u00e9tudier comment le cerveau traite la douleur. Cette plateforme permet d\u2019acc\u00e9der \u00e0 quatre installations d\u2019imagerie \u00e9quip\u00e9es de syst\u00e8mes d\u2019imagerie par r\u00e9sonance magn\u00e9tique, des syst\u00e8mes de tomographie par \u00e9mission de positons et une unit\u00e9 de magn\u00e9toenc\u00e9phalographie. En plus de l\u2019acc\u00e8s aux installations, la plateforme offre un service conseil pour la planification des volets d\u2019imagerie des projets de recherche.<\/p>\n\n\n\n<ul class=\"wp-block-list\">\n<li><a href=\"https:\/\/qprn.ca\/fr\/service-imagerie\/\" target=\"_blank\" rel=\"noreferrer noopener\">Service Imagerie<\/a><\/li>\n<\/ul>\n<\/div>\n<\/div>\n\n\n\n<div class=\"wp-block-columns is-layout-flex wp-container-core-columns-is-layout-9d6595d7 wp-block-columns-is-layout-flex\">\n<div class=\"wp-block-column is-layout-flow wp-block-column-is-layout-flow\">\n<figure class=\"wp-block-image size-large\"><img loading=\"lazy\" decoding=\"async\" width=\"1400\" height=\"934\" src=\"https:\/\/qprn.ca\/wp-content\/uploads\/2021\/02\/2026-Plateforme-source_FR_5-1-1400x934.png\" alt=\"\" class=\"wp-image-5141\" title=\"\" srcset=\"https:\/\/qprn.ca\/wp-content\/uploads\/2021\/02\/2026-Plateforme-source_FR_5-1-1400x934.png 1400w, https:\/\/qprn.ca\/wp-content\/uploads\/2021\/02\/2026-Plateforme-source_FR_5-1-700x467.png 700w, https:\/\/qprn.ca\/wp-content\/uploads\/2021\/02\/2026-Plateforme-source_FR_5-1-768x512.png 768w, https:\/\/qprn.ca\/wp-content\/uploads\/2021\/02\/2026-Plateforme-source_FR_5-1-1536x1025.png 1536w, https:\/\/qprn.ca\/wp-content\/uploads\/2021\/02\/2026-Plateforme-source_FR_5-1-2048x1366.png 2048w\" sizes=\"auto, (max-width: 1400px) 100vw, 1400px\" \/><\/figure>\n<\/div>\n\n\n\n<div class=\"wp-block-column is-layout-flow wp-block-column-is-layout-flow\">\n<p>La douleur persistante est un exemple classique d\u2019interaction g\u00e8ne-environnement. L\u2019objectif principal de la plateforme est de fournir aux chercheurs et chercheuses les connaissances et le soutien technique n\u00e9cessaires pour mener des analyses g\u00e9n\u00e9tiques et g\u00e9nomiques sur des \u00e9chantillons biologiques humains ou animaux. La plateforme fournit une expertise, un service d\u2019analyse de donn\u00e9es en acc\u00e8s libre et permet l\u2019acc\u00e8s \u00e0 des donn\u00e9es cliniques longitudinales de patient.e.s souffrant de douleur lombaire.<\/p>\n\n\n\n<ul class=\"wp-block-list\">\n<li><a href=\"&#x6d;&#x61;&#x69;&#x6c;&#x74;&#x6f;&#x3a;&#x69;&#x6e;&#x66;&#x6f;&#x40;&#x71;&#x70;&#114;&#110;&#46;&#99;&#97;?subject=RQRD_Service%20Donn\u00e9es%20biobanque\" target=\"_blank\" rel=\"noreferrer noopener\">Service Donn\u00e9es biobanque<\/a><\/li>\n<\/ul>\n<\/div>\n<\/div>\n\n\n\n<div class=\"wp-block-columns is-layout-flex wp-container-core-columns-is-layout-9d6595d7 wp-block-columns-is-layout-flex\">\n<div class=\"wp-block-column is-layout-flow wp-block-column-is-layout-flow\">\n<figure class=\"wp-block-image size-large\"><img loading=\"lazy\" decoding=\"async\" width=\"1400\" height=\"934\" src=\"https:\/\/qprn.ca\/wp-content\/uploads\/2021\/02\/2026-Plateforme-source_FR_6-1400x934.png\" alt=\"\" class=\"wp-image-5431\" title=\"\" srcset=\"https:\/\/qprn.ca\/wp-content\/uploads\/2021\/02\/2026-Plateforme-source_FR_6-1400x934.png 1400w, https:\/\/qprn.ca\/wp-content\/uploads\/2021\/02\/2026-Plateforme-source_FR_6-700x467.png 700w, https:\/\/qprn.ca\/wp-content\/uploads\/2021\/02\/2026-Plateforme-source_FR_6-768x512.png 768w, https:\/\/qprn.ca\/wp-content\/uploads\/2021\/02\/2026-Plateforme-source_FR_6-1536x1025.png 1536w, https:\/\/qprn.ca\/wp-content\/uploads\/2021\/02\/2026-Plateforme-source_FR_6-2048x1366.png 2048w\" sizes=\"auto, (max-width: 1400px) 100vw, 1400px\" \/><\/figure>\n<\/div>\n\n\n\n<div class=\"wp-block-column is-layout-flow wp-block-column-is-layout-flow\">\n<p>Cette plateforme favorise la recherche ax\u00e9e vers les patient.e.s notamment en partageant des ressources \u00e9ducatives \u00e0 l\u2019attention des patient.e.s, proche-aidant.e.s et professionnel.le.s de la sant\u00e9. La plateforme stimule \u00e9galement la recherche en partageant des donn\u00e9es clinico-administratives en lien avec la douleur chronique via le Registre Qu\u00e9bec douleur, en faisant la promotion des projets de recherche via son portail de recrutement et en stimulant le recrutement de participant.e.s souffrant de douleur lombaire.<\/p>\n\n\n\n<ul class=\"wp-block-list\">\n<li><a href=\"https:\/\/quebecpainregistry.com\/\" target=\"_blank\" rel=\"noreferrer noopener\">Service Registre Qu\u00e9bec douleur<\/a><\/li>\n\n\n\n<li><a href=\"https:\/\/qprn.ca\/fr\/portail-recrutement\/\" target=\"_blank\" rel=\"noreferrer noopener\">Service Portail recrutement<\/a><\/li>\n\n\n\n<li><a href=\"https:\/\/qprn.ca\/fr\/services-dimplementation-de-cohorte\/\" target=\"_blank\" rel=\"noreferrer noopener\">Service d&rsquo;acc\u00e8s aux donn\u00e9es du Consortium douleur lombaire<\/a><\/li>\n\n\n\n<li><a href=\"https:\/\/qprn.ca\/fr\/acces-aux-donnees-de-la-cohorte-cope-et-cope-v\/?_thumbnail_id=20102\">Service d&rsquo;acc\u00e8s aux donn\u00e9es de la cohorte COPE et COPE-V<\/a><\/li>\n\n\n\n<li><a href=\"https:\/\/qprn.ca\/fr\/partenaires-au-rendez-vous\/\">Service partenaires au rendez-vous<\/a><\/li>\n\n\n\n<li><a href=\"https:\/\/qprn.ca\/fr\/programme-de-formation-aux-donnees-administratives-quebecoises\/\" target=\"_blank\" rel=\"noreferrer noopener\">Programme de formation aux donn\u00e9es administratives qu\u00e9b\u00e9coises<\/a><\/li>\n\n\n\n<li><a href=\"https:\/\/qprn.ca\/fr\/service-compendium-de-questionnaires-valides-adaptes-en-francais-canadien\/\" target=\"_blank\" rel=\"noreferrer noopener\">Service Compendium de questionnaires adapt\u00e9s et valid\u00e9s en fran\u00e7ais canadien<\/a><\/li>\n<\/ul>\n<\/div>\n<\/div>\n\n\n\n<p><\/p>\n","protected":false},"excerpt":{"rendered":"<p>plateformes techniques Les plateformes techniques sont des outils communs disponibles pour nos membres dans leurs&#8230;<\/p>\n","protected":false},"author":2,"featured_media":0,"parent":0,"menu_order":0,"comment_status":"closed","ping_status":"closed","template":"layouts\/page-with-children.php","meta":{"_acf_changed":false,"footnotes":""},"class_list":["post-37","page","type-page","status-publish","hentry"],"acf":[],"_links":{"self":[{"href":"https:\/\/qprn.ca\/fr\/wp-json\/wp\/v2\/pages\/37","targetHints":{"allow":["GET"]}}],"collection":[{"href":"https:\/\/qprn.ca\/fr\/wp-json\/wp\/v2\/pages"}],"about":[{"href":"https:\/\/qprn.ca\/fr\/wp-json\/wp\/v2\/types\/page"}],"author":[{"embeddable":true,"href":"https:\/\/qprn.ca\/fr\/wp-json\/wp\/v2\/users\/2"}],"replies":[{"embeddable":true,"href":"https:\/\/qprn.ca\/fr\/wp-json\/wp\/v2\/comments?post=37"}],"version-history":[{"count":2,"href":"https:\/\/qprn.ca\/fr\/wp-json\/wp\/v2\/pages\/37\/revisions"}],"predecessor-version":[{"id":20709,"href":"https:\/\/qprn.ca\/fr\/wp-json\/wp\/v2\/pages\/37\/revisions\/20709"}],"wp:attachment":[{"href":"https:\/\/qprn.ca\/fr\/wp-json\/wp\/v2\/media?parent=37"}],"curies":[{"name":"wp","href":"https:\/\/api.w.org\/{rel}","templated":true}]}}