{"id":3260,"date":"2020-10-13T14:07:23","date_gmt":"2020-10-13T18:07:23","guid":{"rendered":"https:\/\/qprn.ca\/?page_id=3260"},"modified":"2026-04-16T10:13:30","modified_gmt":"2026-04-16T14:13:30","slug":"notre-mission","status":"publish","type":"page","link":"https:\/\/qprn.ca\/fr\/notre-mission\/","title":{"rendered":"Notre mission"},"content":{"rendered":"\n<h2 class=\"wp-block-heading\">Structure du RQRD <\/h2>\n\n\n\n<p>La mission du R\u00e9seau Douleur est rendue possible gr\u00e2ce aux efforts concert\u00e9s de plus 140 scientifiques rattach\u00e9s \u00e0 12 universit\u00e9s situ\u00e9es dans 7 des r\u00e9gions administratives du Qu\u00e9bec. De nombreuses personnes \u00e9tudiantes de leurs \u00e9quipes de recherche sont des piliers de ses travaux, sans compter les nombreuses collaborations avec les personnes vivant avec de la douleur, leurs proches, les \u00e9quipes soignantes et les diff\u00e9rents partenaires de l\u2019\u00e9cosyst\u00e8me de la douleur du Qu\u00e9bec, du Canada et de l\u2019international.<\/p>\n\n\n\n<p>Le R\u00e9seau Douleur privil\u00e9gie une codirection scientifique \u00e9galitaire refl\u00e9tant la diversit\u00e9 des approches de recherche de ses membres. Le R\u00e9seau Douleur a mis en place un comit\u00e9 de direction, un comit\u00e9 de gestion, un comit\u00e9 scientifique ainsi qu\u2019un comit\u00e9 \u00e9tudiant pour r\u00e9pondre aux besoins de ses membres. L\u2019ensemble des activit\u00e9s sont appuy\u00e9es par deux employ\u00e9s \u00e0 temps plein (direction ex\u00e9cutive et coordination scientifique) qui sont \u00e0 disposition des membres. Le R\u00e9seau Douleur offre trois volets de soutien \u00e0 ses membres et \u00e0 la communaut\u00e9 :<\/p>\n\n\n\n<p><strong>i. Soutien individuel<\/strong> : les membres peuvent b\u00e9n\u00e9ficier de plusieurs programmes (e.g. Programme acc\u00e8s registre, Conf\u00e9rencier invit\u00e9, Soutien d\u2019\u00e9v\u00e9nement, Soutien \u00e0 la vulgarisation, Projets pilotes, Aide au recrutement, service Partenaires au rendez-vous (aide \u00e0 l&rsquo;engagement des patientes et patients partenaires), bourses de d\u00e9placement, bourse de stage \u00e0 l\u2019\u00e9tranger et bien d\u2019autres).<\/p>\n\n\n\n<p><strong>ii. Soutien aux projets collaboratifs<\/strong> : des consortiums multidisciplinaires de recherche ont \u00e9t\u00e9 mis en place pour mener des projets de grande envergure. Le R\u00e9seau Douleur facilite \u00e9galement la mise en relation avec des partenaires, l\u2019animation scientifique et la repr\u00e9sentation sur des comit\u00e9s strat\u00e9giques.<\/p>\n\n\n\n<p><strong>iii. Soutien \u00e0 la communaut\u00e9 <\/strong>: Le R\u00e9seau Douleur a mis en place plusieurs <a href=\"https:\/\/qprn.ca\/fr\/nos-solutions\/gens-qui-souffrent\/\" target=\"_blank\" rel=\"noreferrer noopener\">initiatives de transfert de connaissances<\/a> notamment par le biais de r\u00e9sum\u00e9s scientifiques vulgaris\u00e9s, vid\u00e9os, balados, des campagnes de sensibilisation \u00e0 la douleur et plusieurs autres.<\/p>\n\n\n\n<div style=\"height:30px\" aria-hidden=\"true\" class=\"wp-block-spacer\"><\/div>\n\n\n\n<h2 class=\"wp-block-heading\" id=\"initiatives\">Consortiums<\/h2>\n\n\n\n<p>Conform\u00e9ment \u00e0 notre mission, les Consortiums interdisciplinaires d\u00e9crits ci-dessous ont \u00e9t\u00e9 form\u00e9s \u00e0 la suite de diff\u00e9rentes consultations avec nos membres et les acteurs de l\u2019\u00e9cosyst\u00e8me. Nos priorit\u00e9s strat\u00e9giques couvrent un continuum allant de la recherche pr\u00e9clinique effectu\u00e9e en laboratoire, \u00e0 la mobilisation des connaissances aupr\u00e8s des parties prenantes. Chaque consortium est dirig\u00e9 par trois responsables qui combinent des expertises en sciences pr\u00e9cliniques et cliniques ainsi qu\u2019une exp\u00e9rience v\u00e9cue de la douleur.<\/p>\n\n\n\n<div style=\"height:30px\" aria-hidden=\"true\" class=\"wp-block-spacer\"><\/div>\n\n\n\n<h4 class=\"wp-block-heading\">Consortium qu\u00e9b\u00e9cois sur l\u2019efficacit\u00e9 et la s\u00e9curit\u00e9 des approches th\u00e9rapeutiques<\/h4>\n\n\n\n<div class=\"wp-block-media-text is-stacked-on-mobile is-vertically-aligned-top\"><figure class=\"wp-block-media-text__media\"><img loading=\"lazy\" decoding=\"async\" width=\"1400\" height=\"934\" src=\"https:\/\/qprn.ca\/wp-content\/uploads\/2025\/03\/1-fr.png\" alt=\"\" class=\"wp-image-17281 size-full\" title=\"\" srcset=\"https:\/\/qprn.ca\/wp-content\/uploads\/2025\/03\/1-fr.png 1400w, https:\/\/qprn.ca\/wp-content\/uploads\/2025\/03\/1-fr-700x467.png 700w, https:\/\/qprn.ca\/wp-content\/uploads\/2025\/03\/1-fr-768x512.png 768w\" sizes=\"auto, (max-width: 1400px) 100vw, 1400px\" \/><\/figure><div class=\"wp-block-media-text__content\">\n<p class=\"has-normal-font-size\"><strong>Responsables : <a href=\"https:\/\/qprn.ca\/fr\/investigator\/reza-sharif-naeini\/\">\u00c9ric Troncy<\/a><\/strong>, chercheur \u00e0 l\u2019Universit\u00e9 de Montr\u00e9al, <strong><a href=\"https:\/\/qprn.ca\/fr\/investigator\/reza-sharif-naeini\/\">M\u00e9lanie B\u00e9rub\u00e9<\/a><\/strong>, chercheuse \u00e0 l\u2019Universit\u00e9 Laval, <strong><a href=\"https:\/\/qprn.ca\/fr\/investigator\/laurent-dupuis\/\" target=\"_blank\" rel=\"noreferrer noopener\">Laurent Dupuis<\/a><\/strong>, patient partenaire, <strong><a href=\"https:\/\/qprn.ca\/fr\/investigator\/annie-levesque\/\">Annie Levesque<\/a><\/strong>, patiente partenaire.<\/p>\n\n\n\n<p class=\"has-normal-font-size\"> <strong>Repr\u00e9sentantes<\/strong> de la communaut\u00e9 \u00e9tudiante: <strong>Claudie Audet<\/strong> et <strong>Alexia Coulombe Lev\u00eaque<\/strong><\/p>\n\n\n\n<p style=\"font-size:15px\">La crise des opio\u00efdes, la l\u00e9galisation du cannabis et l\u2019autom\u00e9dication, les effets ind\u00e9sirables, l\u2019inefficacit\u00e9 des m\u00e9dicaments, la variabilit\u00e9 inter-individuelle dans la r\u00e9ponse aux traitements, la stigmatisation et la m\u00e9connaissance\u2026 nombreux sont les d\u00e9fis associ\u00e9s au traitement pharmacologique de la douleur. L\u2019objectif principal de ce Consortium multidisciplinaire est de s\u2019assurer que la grande vari\u00e9t\u00e9 des approches th\u00e9rapeutiques, pharmacologiques, alternatives ou innovantes, r\u00e9pond aux besoins individuels en limitant les interactions n\u00e9fastes et effets ind\u00e9sirables. <br><a href=\"https:\/\/qprn.ca\/fr\/2025\/05\/15\/consortium-quebecois-sur-lefficacite-et-securite-des-approches-therapeutiques\/\" target=\"_blank\" rel=\"noreferrer noopener\">Voir les avanc\u00e9es scientifiques.<\/a><\/p>\n<\/div><\/div>\n\n\n\n<div style=\"height:30px\" aria-hidden=\"true\" class=\"wp-block-spacer\"><\/div>\n\n\n\n<h4 class=\"wp-block-heading\">Consortium qu\u00e9b\u00e9cois sur les th\u00e9rapies et les approches \u00e9co-bio-psycho-sociales<\/h4>\n\n\n\n<div class=\"wp-block-media-text is-stacked-on-mobile is-vertically-aligned-top\"><figure class=\"wp-block-media-text__media\"><img loading=\"lazy\" decoding=\"async\" width=\"1400\" height=\"934\" src=\"https:\/\/qprn.ca\/wp-content\/uploads\/2025\/03\/2-fr.png\" alt=\"\" class=\"wp-image-17283 size-full\" title=\"\" srcset=\"https:\/\/qprn.ca\/wp-content\/uploads\/2025\/03\/2-fr.png 1400w, https:\/\/qprn.ca\/wp-content\/uploads\/2025\/03\/2-fr-700x467.png 700w, https:\/\/qprn.ca\/wp-content\/uploads\/2025\/03\/2-fr-768x512.png 768w\" sizes=\"auto, (max-width: 1400px) 100vw, 1400px\" \/><\/figure><div class=\"wp-block-media-text__content\">\n<p class=\"has-normal-font-size\"><strong>Responsables : <\/strong><a href=\"https:\/\/qprn.ca\/fr\/investigator\/audrey-grant\/\"><strong>Audrey Grant<\/strong><\/a>, chercheuse \u00e0 l\u2019Universit\u00e9 McGill, <strong><a href=\"https:\/\/qprn.ca\/fr\/investigator\/caroline-arbour\/\" target=\"_blank\" rel=\"noreferrer noopener\">Caroline Arbour<\/a><\/strong>, chercheuse \u00e0 l\u2019Universit\u00e9 de Montr\u00e9al, <strong><a href=\"https:\/\/qprn.ca\/fr\/investigator\/kyrie-larcher\/\" target=\"_blank\" rel=\"noreferrer noopener\">Kyrie Larcher<\/a><\/strong>, patiente partenaire et Catherine Lemyze, patientes partenaires<\/p>\n\n\n\n<p class=\"has-normal-font-size\"><strong>Repr\u00e9sentantes <\/strong>de la communaut\u00e9 \u00e9tudiante : <strong>Celina D&rsquo;Avila Felipe<\/strong> et <strong>Fr\u00e9d\u00e9rique Dupuis<\/strong><\/p>\n\n\n\n<p style=\"font-size:15px\">L\u2019objectif principal de ce Consortium multidisciplinaire est de s\u2019assurer que tous les facteurs impliqu\u00e9s dans l\u2019exp\u00e9rience de la douleur soient pris en compte \u00e0 tous les niveaux de la recherche et de gestion de celle-ci. On peut placer la diversit\u00e9 des exp\u00e9riences (spectre de la douleur) en consid\u00e9rant l\u2019environnement, le corps et l\u2019esprit pour une gestion holistique. <br><a href=\"https:\/\/qprn.ca\/fr\/2025\/05\/15\/consortium-quebecois-sur-les-therapies-et-les-approches-eco-bio-psycho-sociales\/\" target=\"_blank\" rel=\"noreferrer noopener\">Voir les avanc\u00e9es scientifiques<\/a>.<\/p>\n<\/div><\/div>\n\n\n\n<div style=\"height:30px\" aria-hidden=\"true\" class=\"wp-block-spacer\"><\/div>\n\n\n\n<h4 class=\"wp-block-heading\">Consortium qu\u00e9b\u00e9cois sur la pr\u00e9vention de la douleur et la sant\u00e9 durable pour toutes et tous<\/h4>\n\n\n\n<div class=\"wp-block-media-text is-stacked-on-mobile is-vertically-aligned-top\"><figure class=\"wp-block-media-text__media\"><img loading=\"lazy\" decoding=\"async\" width=\"1400\" height=\"934\" src=\"https:\/\/qprn.ca\/wp-content\/uploads\/2025\/03\/3-fr.png\" alt=\"\" class=\"wp-image-17285 size-full\" title=\"\" srcset=\"https:\/\/qprn.ca\/wp-content\/uploads\/2025\/03\/3-fr.png 1400w, https:\/\/qprn.ca\/wp-content\/uploads\/2025\/03\/3-fr-700x467.png 700w, https:\/\/qprn.ca\/wp-content\/uploads\/2025\/03\/3-fr-768x512.png 768w\" sizes=\"auto, (max-width: 1400px) 100vw, 1400px\" \/><\/figure><div class=\"wp-block-media-text__content\">\n<p class=\"has-normal-font-size\"><strong>Responsables : <a href=\"https:\/\/qprn.ca\/fr\/investigator\/estelle-carde\/\" target=\"_blank\" rel=\"noreferrer noopener\">Estelle Carde<\/a><\/strong>, chercheuse \u00e0 l\u2019Universit\u00e9 de Montr\u00e9al, <strong><a href=\"https:\/\/qprn.ca\/fr\/investigator\/jason-bouffard\/\">Jason Bouffard<\/a><\/strong>, chercheur \u00e0 l&rsquo;Universit\u00e9 Laval, <strong><a href=\"https:\/\/qprn.ca\/fr\/investigator\/amy-doucet\/\" target=\"_blank\" rel=\"noreferrer noopener\">Amy Doucet<\/a><\/strong>, patiente partenaire, <strong><a href=\"https:\/\/qprn.ca\/fr\/investigator\/maripier-arcand-langlois\/\">Maripier Arcand-Langlois<\/a><\/strong>, patiente partenaire<\/p>\n\n\n\n<p class=\"has-normal-font-size\"><strong>Repr\u00e9sentantes <\/strong>de la communaut\u00e9 \u00e9tudiante : <strong>Jos\u00e9anne Desrosiers <\/strong>et <strong>\u00c9milie Fortin<\/strong> <\/p>\n\n\n\n<p style=\"font-size:15px\">Le pr\u00e9sent Consortium multidisciplinaire aura pour point de mire la pr\u00e9vention de la douleur, ainsi que l\u2019inclusion des populations touch\u00e9es de mani\u00e8re disproportionn\u00e9e par la douleur ou marginalis\u00e9es par leur identit\u00e9 sociale, deux des \u00e9l\u00e9ments qui \u00e0 nos yeux sont centraux pour une sant\u00e9 durable. L\u2019objectif est de favoriser une meilleure prise de conscience et communication entre les acteurs et actrices de changement pour la pr\u00e9vention de la douleur dans une approche inclusive. <br><a href=\"https:\/\/qprn.ca\/fr\/2025\/05\/16\/consortium-quebecois-sur-la-prevention-de-la-douleur-et-la-sante-durable-pour-toutes-et-tous\/\" target=\"_blank\" rel=\"noreferrer noopener\">Voir les avanc\u00e9es scientifiques<\/a>.<\/p>\n<\/div><\/div>\n\n\n\n<div style=\"height:30px\" aria-hidden=\"true\" class=\"wp-block-spacer\"><\/div>\n\n\n\n<h4 class=\"wp-block-heading\">Consortium qu\u00e9b\u00e9cois sur le continuum et les trajectoires de soins en douleur<\/h4>\n\n\n\n<div class=\"wp-block-media-text is-stacked-on-mobile is-vertically-aligned-top\"><figure class=\"wp-block-media-text__media\"><img loading=\"lazy\" decoding=\"async\" width=\"1400\" height=\"934\" src=\"https:\/\/qprn.ca\/wp-content\/uploads\/2025\/03\/4-fr.png\" alt=\"\" class=\"wp-image-17287 size-full\" title=\"\" srcset=\"https:\/\/qprn.ca\/wp-content\/uploads\/2025\/03\/4-fr.png 1400w, https:\/\/qprn.ca\/wp-content\/uploads\/2025\/03\/4-fr-700x467.png 700w, https:\/\/qprn.ca\/wp-content\/uploads\/2025\/03\/4-fr-768x512.png 768w\" sizes=\"auto, (max-width: 1400px) 100vw, 1400px\" \/><\/figure><div class=\"wp-block-media-text__content\">\n<p class=\"Read-more has-normal-font-size\"><strong>Responsable : <a href=\"https:\/\/qprn.ca\/fr\/investigator\/gabrielle-page\/\" target=\"_blank\" rel=\"noreferrer noopener\">Gabrielle Pag\u00e9<\/a><\/strong>, chercheuse \u00e0 l\u2019Universit\u00e9 de Montr\u00e9al, <strong><a href=\"https:\/\/qprn.ca\/fr\/investigator\/gabrielle-page\/\" target=\"_blank\" rel=\"noreferrer noopener\">Marc-Andr\u00e9 Blanchette<\/a><\/strong>, chercheur \u00e0 l\u2019Universit\u00e9 du Qu\u00e9bec \u00e0 Trois-Rivi\u00e8res, <strong><a href=\"https:\/\/qprn.ca\/fr\/investigator\/gabrielle-page\/\" target=\"_blank\" rel=\"noreferrer noopener\">Lesley Norris-Singer<\/a><\/strong>, patiente partenaire<\/p>\n\n\n\n<p class=\"Read-more has-normal-font-size\"><strong>Repr\u00e9sentantes <\/strong>de la communaut\u00e9 \u00e9tudiante : <strong>Andr\u00e9anne Bernier<\/strong> et <strong>Genevi\u00e8ve Laporte<\/strong><\/p>\n\n\n\n<p style=\"font-size:15px\">Les objectifs de ce Consortium multidisciplinaires sont d\u2019\u00e9tudier la navigations des personnes vivant avec la douleur chronique dans le syst\u00e8me de la sant\u00e9, catalyser des trajectoires de soins favorables gr\u00e2ce aux avanc\u00e9es de la recherche et favoriser l\u2019autogestion de la douleur chronique dans la communaut\u00e9. Afin de favoriser un continuum et des trajectoires de soins de haute valeur ajout\u00e9e centr\u00e9s sur les besoins, ce Consortium a pour cible le d\u00e9veloppement d\u2019outils de mobilisation de connaissances bas\u00e9es sur des donn\u00e9es probantes. L\u2019offre de services \u00e9quitables en temps opportun et l\u2019efficience pour atteindre de meilleurs r\u00e9sultats aupr\u00e8s des personnes sont des \u00e9l\u00e9ments tout aussi importants abord\u00e9s dans cette initiative. <br><a href=\"https:\/\/qprn.ca\/fr\/2025\/05\/16\/consortium-quebecois-sur-le-continuum-et-les-trajectoires-de-soins-en-douleur\/\" target=\"_blank\" rel=\"noreferrer noopener\">Voir les avanc\u00e9es scientifiques<\/a>.<\/p>\n<\/div><\/div>\n\n\n\n<div style=\"height:30px\" aria-hidden=\"true\" class=\"wp-block-spacer\"><\/div>\n\n\n\n<h4 class=\"wp-block-heading\">Consortium qu\u00e9b\u00e9cois pour la sant\u00e9 des v\u00e9t\u00e9rans et v\u00e9t\u00e9ranes<\/h4>\n\n\n\n<div class=\"wp-block-media-text is-stacked-on-mobile is-vertically-aligned-top\"><figure class=\"wp-block-media-text__media\"><img loading=\"lazy\" decoding=\"async\" width=\"1400\" height=\"934\" src=\"https:\/\/qprn.ca\/wp-content\/uploads\/2025\/03\/5-fr.png\" alt=\"\" class=\"wp-image-17289 size-full\" title=\"\" srcset=\"https:\/\/qprn.ca\/wp-content\/uploads\/2025\/03\/5-fr.png 1400w, https:\/\/qprn.ca\/wp-content\/uploads\/2025\/03\/5-fr-700x467.png 700w, https:\/\/qprn.ca\/wp-content\/uploads\/2025\/03\/5-fr-768x512.png 768w\" sizes=\"auto, (max-width: 1400px) 100vw, 1400px\" \/><\/figure><div class=\"wp-block-media-text__content\">\n<p class=\"has-normal-font-size\"><strong>Responsables : <a href=\"https:\/\/qprn.ca\/fr\/investigator\/timothy-wideman\/\" target=\"_blank\" rel=\"noreferrer noopener\">Timothy Wideman<\/a>, <\/strong>chercheur \u00e0 l\u2019Universit\u00e9 McGill, <a href=\"https:\/\/qprn.ca\/fr\/investigator\/pascale-marier-deschenes\"><strong>Pascale Marier-Desch\u00eanes<\/strong><\/a>, chercheuse \u00e0 l&rsquo;Universit\u00e9 Laval et <strong>H\u00e9l\u00e8ne Le Scelleur<\/strong>, patiente partenaire<\/p>\n\n\n\n<p class=\"has-normal-font-size\"><strong>Repr\u00e9sentantes <\/strong>de la communaut\u00e9 \u00e9tudiante : <strong>Maureen Ahiatsi <\/strong>et <strong>Marim\u00e9e Godbout-Parent<\/strong> <\/p>\n\n\n\n<p style=\"font-size:15px\">Les objectifs de ce Consortium sont de promouvoir la recherche sur la sant\u00e9 des personnes v\u00e9t\u00e9ranes du Qu\u00e9bec, de g\u00e9n\u00e9rer et mobiliser des connaissances adapt\u00e9es aux r\u00e9alit\u00e9s de cette population et d\u2019identifier et comprendre leurs besoins. On s\u2019int\u00e9resse \u00e9galement \u00e0 leur r\u00e9alit\u00e9 lors de la transition de la vie militaire \u00e0 la vie civile, tout en facilitant la recherche en fran\u00e7ais. <br><a href=\"https:\/\/qprn.ca\/fr\/2025\/05\/16\/consortium-quebecois-sur-la-sante-des-personnes-veteranes-vivant-avec-la-douleur-chronique\/\" target=\"_blank\" rel=\"noreferrer noopener\">Voir les avanc\u00e9es scientifiques<\/a>.<\/p>\n<\/div><\/div>\n\n\n\n<div style=\"height:20px\" aria-hidden=\"true\" class=\"wp-block-spacer\"><\/div>\n\n\n\n<h2 class=\"wp-block-heading\">plateformes et services<\/h2>\n\n\n\n<p>Les plateformes sont des outils communs disponibles pour nos membres, la communaut\u00e9 de recherche en g\u00e9n\u00e9ral, ou m\u00eame les personnes vivant avec de la douleur, leurs familles et les \u00e9quipes soignantes. Diff\u00e9rents services sont offerts via ces plateformes dirig\u00e9es par des scientifiques chevronn\u00e9s.<\/p>\n\n\n\n<p class=\"Read-more\"><strong><a href=\"https:\/\/qprn.ca\/fr\/nos-solutions\/#plateformes\" target=\"_blank\" rel=\"noreferrer noopener\">En savoir plus<\/a><\/strong><\/p>\n","protected":false},"excerpt":{"rendered":"<p>Structure du RQRD La mission du R\u00e9seau Douleur est rendue possible gr\u00e2ce aux efforts concert\u00e9s&#8230;<\/p>\n","protected":false},"author":2,"featured_media":0,"parent":0,"menu_order":0,"comment_status":"closed","ping_status":"closed","template":"","meta":{"_acf_changed":false,"footnotes":""},"class_list":["post-3260","page","type-page","status-publish","hentry"],"acf":[],"_links":{"self":[{"href":"https:\/\/qprn.ca\/fr\/wp-json\/wp\/v2\/pages\/3260","targetHints":{"allow":["GET"]}}],"collection":[{"href":"https:\/\/qprn.ca\/fr\/wp-json\/wp\/v2\/pages"}],"about":[{"href":"https:\/\/qprn.ca\/fr\/wp-json\/wp\/v2\/types\/page"}],"author":[{"embeddable":true,"href":"https:\/\/qprn.ca\/fr\/wp-json\/wp\/v2\/users\/2"}],"replies":[{"embeddable":true,"href":"https:\/\/qprn.ca\/fr\/wp-json\/wp\/v2\/comments?post=3260"}],"version-history":[{"count":4,"href":"https:\/\/qprn.ca\/fr\/wp-json\/wp\/v2\/pages\/3260\/revisions"}],"predecessor-version":[{"id":21119,"href":"https:\/\/qprn.ca\/fr\/wp-json\/wp\/v2\/pages\/3260\/revisions\/21119"}],"wp:attachment":[{"href":"https:\/\/qprn.ca\/fr\/wp-json\/wp\/v2\/media?parent=3260"}],"curies":[{"name":"wp","href":"https:\/\/api.w.org\/{rel}","templated":true}]}}