{"id":3,"date":"2019-06-19T22:10:35","date_gmt":"2019-06-19T20:10:35","guid":{"rendered":"https:\/\/qprn.ca\/?page_id=3"},"modified":"2026-04-23T10:11:46","modified_gmt":"2026-04-23T14:11:46","slug":"politique-de-confidentialite","status":"publish","type":"page","link":"https:\/\/qprn.ca\/fr\/politique-de-confidentialite\/","title":{"rendered":"Politique de confidentialit\u00e9"},"content":{"rendered":"\n<p><strong>Derni\u00e8re mise \u00e0 jour : 12 Juin 2024<\/strong><\/p>\n\n\n\n<p>Conform\u00e9ment \u00e0 la Loi sur l&rsquo;acc\u00e8s aux documents des organismes publics et sur la protection des renseignements personnels (RLRQ, c. A-2.1), l\u2019Universit\u00e9 de Sherbrooke pour le R\u00e9seau qu\u00e9b\u00e9cois de recherche sur la douleur (ci-apr\u00e8s collectivement \u00ab RQRD \u00bb, \u00ab nous \u00bb ou \u00ab notre \u00bb) met en \u0153uvre des moyens visant \u00e0 prot\u00e9ger les donn\u00e9es, les renseignements personnels et\/ou les renseignements non personnels concernant les Utilisateurs du Site Web du RQRD (ci-apr\u00e8s individuellement d\u00e9sign\u00e9 un \u00ab Renseignement \u00bb et collectivement d\u00e9sign\u00e9s les \u00ab Renseignements \u00bb). Cette politique de confidentialit\u00e9 encadre les pratiques de confidentialit\u00e9 du RQRD relativement \u00e0 notre utilisation de vos Renseignements (ci-apr\u00e8s la \u00ab Politique de confidentialit\u00e9 \u00bb) et vise notamment \u00e0 vous renseigner sur:<\/p>\n\n\n\n<p>\u2022 Quels types de proc\u00e9dures de s\u00e9curit\u00e9 sont mises en place pour prot\u00e9ger vos Renseignements;<br>\u2022 Quels Renseignements nous recueillons aupr\u00e8s de vous;<br>\u2022 De quelle fa\u00e7on nous utilisons vos Renseignements et avec qui nous sommes susceptibles de les partager;<br>\u2022 Quels sont vos choix offerts relativement \u00e0 la cueillette, l\u2019utilisation et la distribution des Renseignements;<br>\u2022 De quelle fa\u00e7on vous pouvez acc\u00e9der et\/ou rectifier un Renseignement inexact;<br>\u2022 De quelle fa\u00e7on sont conserv\u00e9s et d\u00e9truits vos Renseignements.<\/p>\n\n\n\n<p>Pour votre information, cette Politique de confidentialit\u00e9 s\u2019applique seulement aux Renseignements recueillis par le RQRD dans le cadre de votre utilisation du Site Web. Cette Politique de confidentialit\u00e9 ne s\u2019applique pas \u00e0 tout Renseignement recueilli en ligne ou hors ligne par toute autre entit\u00e9, que cette entit\u00e9 soit ou non affili\u00e9e au RQRD.<\/p>\n\n\n\n<p>Si non d\u00e9finis dans la pr\u00e9sente Politique de confidentialit\u00e9, tous les termes comportant une majuscule dans cette Politique de confidentialit\u00e9 ont la d\u00e9finition qui leur est attribu\u00e9e dans les <a href=\"https:\/\/qprn.ca\/fr\/conditions-dutilisation\/\" data-type=\"page\" data-id=\"6903\">Conditions d\u2019utilisation du Site Web<\/a>.<\/p>\n\n\n\n<div style=\"height:21px\" aria-hidden=\"true\" class=\"wp-block-spacer\"><\/div>\n\n\n\n<h2 class=\"wp-block-heading\">S\u00e9curit\u00e9<\/h2>\n\n\n\n<p>Les Renseignements obtenus, en ce qui concerne votre utilisation du Site Web, seront conserv\u00e9s dans des endroits s\u00e9curis\u00e9s et sur des serveurs contr\u00f4l\u00e9s et appartenant \u00e0 l\u2019Universit\u00e9 de Sherbrooke pour et au nom du RQRD, lesquels sont situ\u00e9s dans les locaux de l\u2019Universit\u00e9 de Sherbrooke ou aux bureaux des tiers fournisseurs de services du RQRD.<\/p>\n\n\n\n<p>Afin de prot\u00e9ger tout Renseignement que nous recueillons, nous avons mis en place des mesures physiques, \u00e9lectroniques et administratives pour pr\u00e9venir tout acc\u00e8s non autoris\u00e9 \u00e0 vos Renseignements ou toute divulgation non autoris\u00e9e de ceux-ci incluant notamment les moyens suivants :<\/p>\n\n\n\n<p>\u2022 DKIM, SPF, DMARC et autres r\u00e9glages DNS sp\u00e9cifiques<br>\u2022 Chiffrement (START)TLS\/SSL\/DANE<br>\u2022 Durcissement du site web\/fonctionnalit\u00e9s de s\u00e9curit\u00e9\/S\u00e9curit\u00e9 de connexion<br>\u2022 D\u00e9tection de vuln\u00e9rabilit\u00e9<br>\u2022 Mise \u00e0 jour mensuelle du Site Web<br>\u2022 Antivirus et Pare-feu (firewalls).<br>\u2022 Mesures de s\u00e9curit\u00e9 du mat\u00e9riel qui contient ou traite des donn\u00e9es \u00e0 caract\u00e8re personnel.<\/p>\n\n\n\n<p>Bien que nous prenions toutes les mesures raisonnables pour prot\u00e9ger les Renseignements que vous partagez avec nous, aucune transmission de Renseignements via Internet ne peut \u00eatre garantie \u00e0 100% et les Renseignements entrepos\u00e9s \u00e9lectroniquement ne sont jamais compl\u00e8tement \u00e0 l\u2019abri d\u2019une attaque et, cons\u00e9quemment, nous ne pouvons garantir la s\u00e9curit\u00e9 des Renseignements que vous nous fournissez.<\/p>\n\n\n\n<p>Tous les param\u00e8tres de confidentialit\u00e9 applicables \u00e0 votre utilisation du Site Web offrent, par d\u00e9faut, le plus haut niveau de confidentialit\u00e9, sans aucune intervention de votre part.<\/p>\n\n\n\n<p>Veuillez noter que toute utilisation d\u2019une technologie permettant de vous identifier, de vous localiser ou d\u2019effectuer un profilage est d\u00e9sactiv\u00e9e par d\u00e9faut et telle technologie ne sera activ\u00e9e que si vous y consentez express\u00e9ment.<\/p>\n\n\n\n<div style=\"height:20px\" aria-hidden=\"true\" class=\"wp-block-spacer\"><\/div>\n\n\n\n<h2 class=\"wp-block-heading\">Incidents de s\u00e9curit\u00e9<\/h2>\n\n\n\n<p>Le RQRD tient \u00e0 jour un registre de tout incident de s\u00e9curit\u00e9 connu, tel que d\u00e9fini dans la Loi sur l&rsquo;acc\u00e8s aux documents des organismes publics et sur la protection des renseignements personnels (RLRQ c A-2.1), pouvant affecter la s\u00e9curit\u00e9 ou la confidentialit\u00e9 de vos renseignements personnels. Si un incident pr\u00e9sente un risque qu\u2019un pr\u00e9judice s\u00e9rieux vous soit caus\u00e9, le RQRD prendra les mesures n\u00e9cessaires pour vous en aviser, sous r\u00e9serves des dispositions l\u00e9gislatives applicables. L\u2019\u00e9valuation du risque de pr\u00e9judice est bas\u00e9e sur la sensibilit\u00e9 du renseignement concern\u00e9, les cons\u00e9quences appr\u00e9hend\u00e9es de son utilisation et la probabilit\u00e9 qu\u2019il soit utilis\u00e9 \u00e0 des fins pr\u00e9judiciables.<\/p>\n\n\n\n<div style=\"height:20px\" aria-hidden=\"true\" class=\"wp-block-spacer\"><\/div>\n\n\n\n<h2 class=\"wp-block-heading\">Vos renseignements<\/h2>\n\n\n\n<p class=\"has-medium-font-size\"><strong>Renseignements li\u00e9s \u00e0 l\u2019utilisation du Site Web (100 % anonyme)<\/strong><\/p>\n\n\n\n<p>Le RQRD peut utiliser vos Renseignements \u00e0 des fins d\u2019optimisation des fonctionnalit\u00e9s et des modules du Site Web et pour g\u00e9n\u00e9rer des statistiques anonymis\u00e9es d\u2019utilisation du Site Web. Nous recueillons entre autres les renseignements non personnels suivants quant \u00e0 votre utilisation du Site Web :<\/p>\n\n\n\n<ul class=\"wp-block-list\">\n<li>La date et l&rsquo;endroit de l&rsquo;utilisation;<\/li>\n\n\n\n<li>La fr\u00e9quence de l&rsquo;utilisation;<\/li>\n\n\n\n<li>La dur\u00e9e moyenne d&rsquo;utilisation; et<\/li>\n\n\n\n<li>La langue de pr\u00e9f\u00e9rence<\/li>\n<\/ul>\n\n\n\n<p>Le RQRD utilise les services de Matomo pour recueillir, compiler et analyser des renseignements non personnels, soit plus particuli\u00e8rement des donn\u00e9es statistiques agr\u00e9g\u00e9es et anonymes afin de mieux comprendre la fa\u00e7on dont le Site Web est utilis\u00e9. Ces donn\u00e9es sont notamment utilis\u00e9es pour surveiller et analyser l\u2019utilisation du Site Web, am\u00e9liorer ses fonctionnalit\u00e9s et choisir avec plus de pr\u00e9cision le contenu et la conception graphique, le tout dans le but de r\u00e9pondre aux attentes des Utilisateurs. Nous vous invitons \u00e0 consulter la <a href=\"https:\/\/matomo.org\/privacy-policy\/\" target=\"_blank\" data-type=\"link\" data-id=\"https:\/\/matomo.org\/privacy-policy\/\" rel=\"noreferrer noopener\">politique de confidentialit\u00e9 de Matomo<\/a>.<\/p>\n\n\n\n<p class=\"has-medium-font-size\"><strong>Renseignements li\u00e9s \u00e0 l\u2019utilisation des formulaires en ligne<\/strong><\/p>\n\n\n\n<p>Afin de mieux comprendre et r\u00e9pondre aux besoins des Utilisateurs du Site Web, et \u00e9galement vous offrir certains services personnalis\u00e9s, le RQRD recueille vos Renseignements lorsque vous nous les partagez explicitement \u00e0 travers nos formulaires en ligne. Parmi les Renseignements recueillis par le biais des formulaires en ligne, il peut y avoir des renseignements personnels recueillis pour vous offrir certains Services RQRD, lesquels permettent de vous identifier ou de vous contacter (ex : Nom et pr\u00e9nom, Votre ann\u00e9e de naissance, adresse courriel, num\u00e9ro de t\u00e9l\u00e9phone, La r\u00e9gion o\u00f9 vous r\u00e9sidez, sympt\u00f4mes de douleur).<\/p>\n\n\n\n<p>Les informations collect\u00e9es sur certains formulaires en ligne sp\u00e9cifiques seront transmises \u00e0 des tiers fournisseurs de services d\u2019envoi de courriel de masse comme Drip et Mailchimp, afin de faciliter la communication et l\u2019offre de service. Ces deux tiers fournisseurs de services vous permettent de vous d\u00e9sabonner en tout temps. Nous vous invitons \u00e0 consulter les politiques de confidentialit\u00e9 de <a href=\"https:\/\/www.drip.com\/privacy\" data-type=\"link\" data-id=\"https:\/\/www.drip.com\/privacy\" target=\"_blank\" rel=\"noreferrer noopener\">Drip<\/a> et <a href=\"https:\/\/mailchimp.com\/legal\/\" data-type=\"link\" data-id=\"https:\/\/mailchimp.com\/legal\/\" target=\"_blank\" rel=\"noreferrer noopener\">Mailchimp<\/a>.<\/p>\n\n\n\n<p>Certains de vos Renseignements peuvent \u00eatre \u00ab sensibles \u00bb, du fait de leur nature, notamment m\u00e9dicale ou autrement intime, et peuvent susciter un haut degr\u00e9 d\u2019attente raisonnable en mati\u00e8re de vie priv\u00e9e. Le RQRD s\u2019engage \u00e0 traiter ces Renseignements \u00ab sensibles \u00bb avec une diligence accrue, notamment en s\u2019assurant de ne jamais communiquer ou utiliser ces Renseignements \u00ab sensibles \u00bb \u00e0 d\u2019autres fins que celles pour lesquelles ils ont \u00e9t\u00e9 recueillis, sans avoir pr\u00e9alablement obtenu votre consentement expr\u00e8s \u00e0 cet \u00e9gard.<\/p>\n\n\n\n<p>Nous pouvons \u00e9galement divulguer vos Renseignements si nous croyons que nous devons le faire en vertu de toute loi applicable au Canada et au Qu\u00e9bec, pour \u00eatre conforme \u00e0 un processus l\u00e9gal ou \u00e0 une demande gouvernementale, pour mettre en application les <a href=\"https:\/\/qprn.ca\/fr\/conditions-dutilisation\/\" data-type=\"page\" data-id=\"6903\">Conditions d\u2019utilisation<\/a> du Site Web et\/ou pour prot\u00e9ger les droits, la propri\u00e9t\u00e9 ou la s\u00e9curit\u00e9 du RQRD, ses Utilisateurs, partenaires ou le public.<\/p>\n\n\n\n<div style=\"height:20px\" aria-hidden=\"true\" class=\"wp-block-spacer\"><\/div>\n\n\n\n<h2 class=\"wp-block-heading\">Droit d\u2019acc\u00e8s et de rectification<\/h2>\n\n\n\n<p>La LPRP \u00e9tablit les termes et conditions pour l\u2019acc\u00e8s, la portabilit\u00e9, ainsi que les proc\u00e9dures pour la rectification de vos renseignements personnels. Seuls les membres autoris\u00e9s du personnel du RQRD ou du personnel de ses partenaires et de ses fournisseurs autoris\u00e9s y ont acc\u00e8s. Certains de ces renseignements personnels sont communiqu\u00e9s uniquement dans les cas pr\u00e9vus par ladite LPRP.<br>\u2003<br>Le RQRD s&rsquo;engage \u00e0 reconna\u00eetre un droit d&rsquo;acc\u00e8s, de portabilit\u00e9 et de rectification aux personnes d\u00e9sireuses de consulter, d\u2019extraire, de modifier ou d&rsquo;\u00e9liminer les Renseignements les concernant.<\/p>\n\n\n\n<p>Le Responsable des renseignements personnels est \u00e9galement charg\u00e9 de veiller au respect de celle-ci.<\/p>\n\n\n\n<p>Pour formuler des commentaires ou une demande au sujet de l&rsquo;application de la LPRP, veuillez communiquer avec le Responsable des renseignements personnels dont le nom et les coordonn\u00e9es sont d\u00e9crits \u00e0 la toute fin de la pr\u00e9sente Politique de confidentialit\u00e9.<\/p>\n\n\n\n<div style=\"height:20px\" aria-hidden=\"true\" class=\"wp-block-spacer\"><\/div>\n\n\n\n<h2 class=\"wp-block-heading\">Vos renseignements et le site web<\/h2>\n\n\n\n<p>Il n\u2019est pas n\u00e9cessaire de nous transmettre des Renseignements pour utiliser le Site Web. Nous pouvons toutefois recueillir des Renseignements concernant nos Utilisateurs \u00e0 divers endroits sur le Site Web. Si vous d\u00e9cidez de nous fournir des Renseignements sur vous, nous pouvons vous fournir de l\u2019information sur des produits, des services et\/ou des \u00e9v\u00e9nements qui peuvent vous int\u00e9resser.<\/p>\n\n\n\n<div style=\"height:20px\" aria-hidden=\"true\" class=\"wp-block-spacer\"><\/div>\n\n\n\n<h2 class=\"wp-block-heading\">Cookies<\/h2>\n\n\n\n<p>Un Cookie est un petit fichier de donn\u00e9es entrepos\u00e9 sur l\u2019appareil d\u2019un Utilisateur par un serveur Web. Les Cookies permettent d\u2019obtenir des renseignements non personnels permettant au RQRD de mieux comprendre le profil des Utilisateurs, ainsi que leur comportement \u00e0 travers le Site Web. Nous utilisons des t\u00e9moins fonctionnels pour assurer le bon fonctionnement de notre site :<\/p>\n\n\n\n<ul class=\"wp-block-list\">\n<li>WPML utilise des cookies pour identifier la langue actuelle du visiteur, la langue derni\u00e8rement consult\u00e9e et la langue des Utilisateurs qui se sont connect\u00e9s. Aucune donn\u00e9e concernant directement l&rsquo;Utilisateur ne sera partag\u00e9e.<\/li>\n\n\n\n<li>Complianz, pour collecter et enregistrer le consentement bas\u00e9 sur le navigateur et l\u2019appareil. Pour cette fonctionnalit\u00e9, votre adresse IP est anonymis\u00e9e et stock\u00e9e dans notre base de donn\u00e9es. Ce service ne traite aucune information permettant d\u2019identifier une personne et ne partage aucune donn\u00e9e avec le prestataire de services.<\/li>\n\n\n\n<li>Wordfence, est le pare-feu et le scanner de s\u00e9curit\u00e9 WordPress le plus populaire, prot\u00e9geant plus de 5 millions de sites web dans le monde contre les attaquants ciblant WordPress. Wordfence Free inclut un pare-feu de point d&rsquo;extr\u00e9mit\u00e9 et un scanner de logiciels malveillants con\u00e7us d\u00e8s le d\u00e9part pour prot\u00e9ger WordPress.<\/li>\n\n\n\n<li>Gravity Forms est un plugin WordPress qui permet aux propri\u00e9taires de sites, aux administrateurs et aux d\u00e9veloppeurs de cr\u00e9er des formulaires simples et complexes pour collecter des informations sur leur site WordPress et d\u00e9cider ensuite de ce qu&rsquo;il faut faire de ces informations.<\/li>\n<\/ul>\n\n\n\n<p>Nous ne collectons aucune information \u00e0 des fins marketing ou statistiques, cependant, certains fournisseurs de services tiers utilis\u00e9s par notre organisation pourraient le faire. L&rsquo;acceptation des t\u00e9moins marketing et statistiques est facultative, mais n\u00e9cessaire pour acc\u00e9der \u00e0 certains de nos services fournis par des plateformes web tierces telles que YouTube, Libsyn, etc. Nous vous invitons \u00e0 consulter les politiques de confidentialit\u00e9 de <a href=\"https:\/\/www.youtube.com\/intl\/ALL_ca\/howyoutubeworks\/our-commitments\/protecting-user-data\/\" target=\"_blank\" data-type=\"link\" data-id=\"https:\/\/www.youtube.com\/intl\/ALL_ca\/howyoutubeworks\/our-commitments\/protecting-user-data\/\" rel=\"noreferrer noopener\">YouTube<\/a> et <a href=\"https:\/\/libsyn.com\/tos-policies\/privacy-policy\/\" target=\"_blank\" data-type=\"link\" data-id=\"https:\/\/libsyn.com\/tos-policies\/privacy-policy\/\" rel=\"noreferrer noopener\">Lybsin<\/a>.<\/p>\n\n\n\n<div style=\"height:20px\" aria-hidden=\"true\" class=\"wp-block-spacer\"><\/div>\n\n\n\n<h2 class=\"wp-block-heading\">conservation<\/h2>\n\n\n\n<p>Nous ne conservons vos Renseignements que pour le temps n\u00e9cessaire pour satisfaire aux fins pour lesquelles ils ont \u00e9t\u00e9 recueillis, le tout, en conformit\u00e9 avec les calendriers de conservation des documents en vigueur de l\u2019Universit\u00e9 de Sherbrooke. Par la suite, les Renseignements seront d\u00e9truits de fa\u00e7on s\u00e9curitaire et confidentielle, sous r\u00e9serve des dispositions de la Loi sur les archives (RLRQ, c. A-21.1).<\/p>\n\n\n\n<div style=\"height:20px\" aria-hidden=\"true\" class=\"wp-block-spacer\"><\/div>\n\n\n\n<h2 class=\"wp-block-heading\">vos choix concernant la divulgation et les modifications \u00e0 vos renseignements<\/h2>\n\n\n\n<p>Si vous ne voulez pas que vos Renseignements soient utilis\u00e9s de la fa\u00e7on d\u00e9crite dans cette Politique de confidentialit\u00e9, veuillez cesser votre utilisation du Site Web. M\u00eame si vous cessez votre utilisation du Site Web conform\u00e9ment \u00e0 ce qui pr\u00e9c\u00e8de et sous r\u00e9serve des dispositions de la LPRP pr\u00e9cit\u00e9e, les Renseignements peuvent demeurer dans la base de donn\u00e9es du RQRD et\/ou dans les serveurs de de ses fournisseurs autoris\u00e9s, incluant notamment l\u2019Universit\u00e9 de Sherbrooke.<\/p>\n\n\n\n<p>Notez toutefois que le RQRD pourra, de temps \u00e0 autre, anonymiser vos renseignements personnels pour l\u2019utiliser \u00e0 des fins d\u2019int\u00e9r\u00eat public et continuer ensuite \u00e0 les utiliser \u00e0 son enti\u00e8re discr\u00e9tion.<\/p>\n\n\n\n<div style=\"height:20px\" aria-hidden=\"true\" class=\"wp-block-spacer\"><\/div>\n\n\n\n<h2 class=\"wp-block-heading\">modifications \u00e0 la politique de confidentialit\u00e9<\/h2>\n\n\n\n<p>Nous nous r\u00e9servons le droit de modifier en tout temps et sans pr\u00e9avis la pr\u00e9sente Politique de confidentialit\u00e9. Vous pouvez v\u00e9rifier si celle-ci a \u00e9t\u00e9 modifi\u00e9e et mise \u00e0 jour en vous r\u00e9f\u00e9rant \u00e0 la date de la \u00ab Derni\u00e8re mise \u00e0 jour \u00bb indiqu\u00e9e au haut du pr\u00e9sent document. Dans tous les cas, votre utilisation continue du Site Web apr\u00e8s toute modification de la Politique de confidentialit\u00e9 constitue votre acceptation \u00e0 telle modification.<\/p>\n\n\n\n<div style=\"height:19px\" aria-hidden=\"true\" class=\"wp-block-spacer\"><\/div>\n\n\n\n<h2 class=\"wp-block-heading\">sites Web et tierces parties<\/h2>\n\n\n\n<p>Le RQRD n\u2019est pas responsable pour les renseignements personnels qui sont recueillis, utilis\u00e9s ou divulgu\u00e9s par tout Site Web d\u2019une tierce partie et le RQRD se d\u00e9gage express\u00e9ment de toute responsabilit\u00e9 reli\u00e9e \u00e0 tel cueillette, utilisation, divulgation ou conservation.<\/p>\n\n\n\n<div style=\"height:20px\" aria-hidden=\"true\" class=\"wp-block-spacer\"><\/div>\n\n\n\n<h2 class=\"wp-block-heading\">pour nous joindre<\/h2>\n\n\n\n<p>Vous pouvez communiquer avec le RQRD en tout temps pour toute plainte ou question en lien avec vos Renseignements. Pour toute plainte ou autre question concernant vos Renseignements ou l\u2019application et l\u2019interpr\u00e9tation de la pr\u00e9sente politique, il vous est possible de communiquer avec le Responsable de la protection des renseignements personnels du RQRD \u00e0 l\u2019adresse courriel suivante :<\/p>\n\n\n\n<p>R\u00c9SEAU QU\u00c9B\u00c9COIS DE RECHERCHE SUR LA DOULEUR<br>2500, boulevard de l&rsquo;Universit\u00e9<br>Sherbrooke (Qu\u00e9bec), J1K 2R1<br>(le \u00ab <strong>Responsable des renseignements personnels<\/strong> \u00bb)<br>Courriel : <a href=\"mai&#108;&#116;&#111;&#58;&#x69;&#x6e;&#x66;&#x6f;&#x40;&#x71;&#x70;rn&#46;&#99;&#97;\" target=\"_blank\" rel=\"noreferrer noopener\">&#105;&#x6e;f&#x6f;&#x40;&#113;&#x70;r&#x6e;&#x2e;&#99;&#x61;<\/a><\/p>\n","protected":false},"excerpt":{"rendered":"<p>Derni\u00e8re mise \u00e0 jour : 12 Juin 2024 Conform\u00e9ment \u00e0 la Loi sur l&rsquo;acc\u00e8s aux&#8230;<\/p>\n","protected":false},"author":2,"featured_media":0,"parent":0,"menu_order":0,"comment_status":"closed","ping_status":"open","template":"","meta":{"_acf_changed":false,"footnotes":""},"class_list":["post-3","page","type-page","status-publish","hentry"],"acf":[],"_links":{"self":[{"href":"https:\/\/qprn.ca\/fr\/wp-json\/wp\/v2\/pages\/3","targetHints":{"allow":["GET"]}}],"collection":[{"href":"https:\/\/qprn.ca\/fr\/wp-json\/wp\/v2\/pages"}],"about":[{"href":"https:\/\/qprn.ca\/fr\/wp-json\/wp\/v2\/types\/page"}],"author":[{"embeddable":true,"href":"https:\/\/qprn.ca\/fr\/wp-json\/wp\/v2\/users\/2"}],"replies":[{"embeddable":true,"href":"https:\/\/qprn.ca\/fr\/wp-json\/wp\/v2\/comments?post=3"}],"version-history":[{"count":1,"href":"https:\/\/qprn.ca\/fr\/wp-json\/wp\/v2\/pages\/3\/revisions"}],"predecessor-version":[{"id":21323,"href":"https:\/\/qprn.ca\/fr\/wp-json\/wp\/v2\/pages\/3\/revisions\/21323"}],"wp:attachment":[{"href":"https:\/\/qprn.ca\/fr\/wp-json\/wp\/v2\/media?parent=3"}],"curies":[{"name":"wp","href":"https:\/\/api.w.org\/{rel}","templated":true}]}}