{"id":252,"date":"2019-11-27T01:50:36","date_gmt":"2019-11-27T06:50:36","guid":{"rendered":"https:\/\/qprn.ca\/?page_id=252"},"modified":"2025-01-10T23:06:32","modified_gmt":"2025-01-11T04:06:32","slug":"programme-conferencier-invite","status":"publish","type":"page","link":"https:\/\/qprn.ca\/fr\/programme-conferencier-invite\/","title":{"rendered":"Programme conf\u00e9rencier\/conf\u00e9renci\u00e8re invit\u00e9.e"},"content":{"rendered":"\n<h3 class=\"wp-block-heading\">programme &#8211; ouvert<\/h3>\n\n\n\n<p><strong>Aucune date limite de soumission<\/strong><\/p>\n\n\n\n<div style=\"height:20px\" aria-hidden=\"true\" class=\"wp-block-spacer\"><\/div>\n\n\n\n<p>Ce programme vise \u00e0 supporter les membres du RQRD qui d\u00e9sirent inviter  des chercheurs ou chercheuses internationalement reconnu.e.s \u00e0 venir pr\u00e9senter des aspects innovants de leur&nbsp;programme&nbsp;de recherche.<\/p>\n\n\n\n<ul class=\"wp-block-list\">\n<li>5 enveloppes disponibles par ann\u00e9e financi\u00e8re (Mars \u00e0 Avril)<\/li>\n\n\n\n<li>2 000$ maximum par conf\u00e9rencier.\u00e8re invit\u00e9.e, la balance est assur\u00e9e par les groupes qui invitent le chercheur<\/li>\n\n\n\n<li>Le conf\u00e9rencier ou la conf\u00e9renci\u00e8re doit pr\u00e9senter sur un minimum de 2 sites lors de sa visite, et ce dans deux villes diff\u00e9rentes (i.e. par exemple 2  universit\u00e9s ou centres de recherche \u00e0 Montr\u00e9al&nbsp;seraient consid\u00e9r\u00e9s comme 1 seul site. Il faudrait que le conf\u00e9rencier se d\u00e9place \u00e9galement par exemple \u00e0 Qu\u00e9bec pour \u00eatre admissible).&nbsp;<\/li>\n\n\n\n<li>Le RQRD doit \u00eatre reconnu comme partenaire principal pour la tenue de la conf\u00e9rence (logos disponibles sur demande).<\/li>\n<\/ul>\n\n\n\n<p><strong>Proc\u00e9dure:<\/strong><\/p>\n\n\n\n<ul class=\"wp-block-list\">\n<li>Faire la demande \u00e9crite au comit\u00e9 de gestion du R\u00e9seau Douleur (&#105;n&#x66;o&#x40;q&#x70;r&#x6e;&#46;&#x63;a), en fournissant les dates et th\u00e8mes de pr\u00e9sentation, un descriptif de l\u2019activit\u00e9, une courte biographie de l\u2019invit\u00e9.e incluant ses champs d\u2019int\u00e9r\u00eat.<\/li>\n\n\n\n<li>Votre demande doit inclure un budget indiquant les intrants et extrants.<\/li>\n\n\n\n<li>Votre demande doit inclure le CV de l&rsquo;invit\u00e9.e ou la liste de ses publications sur PubMed.<\/li>\n\n\n\n<li>Vous pouvez faire part au coordonnateur ou \u00e0 la coordonnatrice d&rsquo;un deuxi\u00e8me site d&rsquo;int\u00e9r\u00eat d\u00e9j\u00e0 identifi\u00e9&nbsp;ou vous pouvez demander \u00e0 ce dernier de sonder l&rsquo;int\u00e9r\u00eat aupr\u00e8s d&rsquo;autres sites.<\/li>\n<\/ul>\n\n\n\n<p><strong>D\u00e9cision et remboursement<\/strong>:<\/p>\n\n\n\n<ul class=\"wp-block-list\">\n<li>Le comit\u00e9 de gestion \u00e9tudiera la demande et s&rsquo;assurera que tous les crit\u00e8res sont respect\u00e9s avant de donner sa d\u00e9cision.<\/li>\n\n\n\n<li>Le RQRD proc\u00e9dera, suite \u00e0 la r\u00e9ception des preuves de d\u00e9pense, \u00e0 un transfert interinstitutionnel d\u2019un montant maximal de 2 000$ au membre qui a initi\u00e9 la demande.<\/li>\n\n\n\n<li>Le ou la membre du RQRD qui invite le conf\u00e9rencier ou la conf\u00e9renci\u00e8re invit\u00e9.e sera responsable de g\u00e9rer la logistique et les d\u00e9penses avec les autres sites de mani\u00e8re \u00e9quitable.<\/li>\n<\/ul>\n","protected":false},"excerpt":{"rendered":"<p>programme &#8211; ouvert Aucune date limite de soumission Ce programme vise \u00e0 supporter les membres&#8230;<\/p>\n","protected":false},"author":2,"featured_media":0,"parent":0,"menu_order":0,"comment_status":"closed","ping_status":"closed","template":"","meta":{"_acf_changed":false,"footnotes":""},"class_list":["post-252","page","type-page","status-publish","hentry"],"acf":[],"_links":{"self":[{"href":"https:\/\/qprn.ca\/fr\/wp-json\/wp\/v2\/pages\/252","targetHints":{"allow":["GET"]}}],"collection":[{"href":"https:\/\/qprn.ca\/fr\/wp-json\/wp\/v2\/pages"}],"about":[{"href":"https:\/\/qprn.ca\/fr\/wp-json\/wp\/v2\/types\/page"}],"author":[{"embeddable":true,"href":"https:\/\/qprn.ca\/fr\/wp-json\/wp\/v2\/users\/2"}],"replies":[{"embeddable":true,"href":"https:\/\/qprn.ca\/fr\/wp-json\/wp\/v2\/comments?post=252"}],"version-history":[{"count":0,"href":"https:\/\/qprn.ca\/fr\/wp-json\/wp\/v2\/pages\/252\/revisions"}],"wp:attachment":[{"href":"https:\/\/qprn.ca\/fr\/wp-json\/wp\/v2\/media?parent=252"}],"curies":[{"name":"wp","href":"https:\/\/api.w.org\/{rel}","templated":true}]}}