{"id":250,"date":"2019-11-27T01:44:11","date_gmt":"2019-11-27T06:44:11","guid":{"rendered":"https:\/\/qprn.ca\/?page_id=250"},"modified":"2022-08-26T18:05:55","modified_gmt":"2022-08-26T22:05:55","slug":"programme-acces-registre","status":"publish","type":"page","link":"https:\/\/qprn.ca\/fr\/programme-acces-registre\/","title":{"rendered":"Programme acc\u00e8s registre"},"content":{"rendered":"\n<h3 class=\"wp-block-heading\">programme &#8211; ouvert<\/h3>\n\n\n\n<p><strong>Aucune date limite de soumission<\/strong><\/p>\n\n\n\n<div style=\"height:20px\" aria-hidden=\"true\" class=\"wp-block-spacer\"><\/div>\n\n\n\n<p>Le Registre Qu\u00e9bec douleur est une base de donn\u00e9es administrative et de recherche qui procure des donn\u00e9es standardis\u00e9es sur une grande cohorte de patient.e.s souffrant de douleur persistante. Une s\u00e9rie de donn\u00e9es d\u00e9mographiques et cliniques d\u00e9finies sont recueillies sur ces patient.e.s en utilisant des outils de mesures uniformes et valid\u00e9s.<\/p>\n\n\n\n<p>Cette base de donn\u00e9es unique au monde permettra aux chercheurs et chercheuses de mieux comprendre la douleur persistante, afin d&rsquo;am\u00e9liorer sa gestion et son traitement.<\/p>\n\n\n\n<p>Le registre a \u00e9t\u00e9 con\u00e7u en 2007 gr\u00e2ce \u00e0 une initiative strat\u00e9gique du RQRD.<\/p>\n\n\n\n<p>Nombre de patient.e.s inscrits au registre: 9363<\/p>\n\n\n\n<p>Les membres du RQRD pourront b\u00e9n\u00e9ficier du programme d&rsquo;acc\u00e8s au Registre Qu\u00e9bec douleur pour une analyse pr\u00e9liminaire de leurs besoins en vue de la pr\u00e9paration d&rsquo;une demande de fonds.<\/p>\n\n\n\n<p>L&rsquo;enveloppe maximale pr\u00e9vue pour ce programme est de 20 000$, avec un\nmaximum de 1 500$ par requ\u00eate.<\/p>\n\n\n\n<p>Le programme est bas\u00e9 sur un syst\u00e8me de \u00ab\u00a0pr\u00eat remboursable\u00a0\u00bb. <\/p>\n\n\n\n<div style=\"height:20px\" aria-hidden=\"true\" class=\"wp-block-spacer\"><\/div>\n\n\n\n<h2 class=\"wp-block-heading\">\u00c9tapes:<\/h2>\n\n\n\n<p>Pour toute demande d&rsquo;information suppl\u00e9mentaire, veuillez <a href=\"https:\/\/qprn.ca\/nous-joindre\/\">communiquer <\/a>avec le coordonnateur ou la coordinnatrice du RQRD. Vous pouvez \u00e9galement consulter <a href=\"https:\/\/quebecpainregistry.com\/\" target=\"_blank\" rel=\"noreferrer noopener\">le site du registre<\/a> pour des informations compl\u00e9mentaires. <\/p>\n\n\n\n<ol class=\"wp-block-list\"><li>Effectuer une demande d\u2019acc\u00e8s sur le site du RQD<\/li><li>Cliquer l\u2019option demande pr\u00e9liminaire de faisabilit\u00e9 en vue d\u2019un octroi de recherche<\/li><li>Remplir et soumettre le formulaire de requ\u00eate<\/li><li>L\u2019\u00e9quipe du RQD \u00e9tudiera votre demande, et vous fournira un code d\u2019acc\u00e8s pour la s\u00e9lection de variables pr\u00e9liminaires<\/li><li>Un estim\u00e9 et un contrat vous sera pr\u00e9par\u00e9 et fourni pour approbation et signature.<\/li><li>Le RQRD supportera l\u2019\u00e9tude de faisabilit\u00e9 pour un montant maximal de 1 500$.<\/li><li>Une lettre comportant les r\u00e9sultats pr\u00e9liminaires vous sera fournie pour appuyer votre demande de fonds.<\/li><li>Si vous \u00eates financ\u00e9.e.s \u00e0 l\u2019int\u00e9rieur des 5\u00a0ann\u00e9es qui suivent pour un projet appuy\u00e9 par les donn\u00e9es de cette lettre, le pr\u00eat devra \u00eatre rembours\u00e9 au RQRD. <\/li><\/ol>\n\n\n\n<p><\/p>\n","protected":false},"excerpt":{"rendered":"<p>programme &#8211; ouvert Aucune date limite de soumission Le Registre Qu\u00e9bec douleur est une base&#8230;<\/p>\n","protected":false},"author":2,"featured_media":0,"parent":0,"menu_order":0,"comment_status":"closed","ping_status":"closed","template":"","meta":{"_acf_changed":false,"footnotes":""},"class_list":["post-250","page","type-page","status-publish","hentry"],"acf":[],"_links":{"self":[{"href":"https:\/\/qprn.ca\/fr\/wp-json\/wp\/v2\/pages\/250","targetHints":{"allow":["GET"]}}],"collection":[{"href":"https:\/\/qprn.ca\/fr\/wp-json\/wp\/v2\/pages"}],"about":[{"href":"https:\/\/qprn.ca\/fr\/wp-json\/wp\/v2\/types\/page"}],"author":[{"embeddable":true,"href":"https:\/\/qprn.ca\/fr\/wp-json\/wp\/v2\/users\/2"}],"replies":[{"embeddable":true,"href":"https:\/\/qprn.ca\/fr\/wp-json\/wp\/v2\/comments?post=250"}],"version-history":[{"count":0,"href":"https:\/\/qprn.ca\/fr\/wp-json\/wp\/v2\/pages\/250\/revisions"}],"wp:attachment":[{"href":"https:\/\/qprn.ca\/fr\/wp-json\/wp\/v2\/media?parent=250"}],"curies":[{"name":"wp","href":"https:\/\/api.w.org\/{rel}","templated":true}]}}