{"id":241,"date":"2023-01-03T00:01:00","date_gmt":"2023-01-03T05:01:00","guid":{"rendered":"https:\/\/qprn.ca\/?page_id=241"},"modified":"2026-02-02T11:14:07","modified_gmt":"2026-02-02T16:14:07","slug":"projets-pilotes","status":"publish","type":"page","link":"https:\/\/qprn.ca\/fr\/projets-pilotes\/","title":{"rendered":"Projets pilotes"},"content":{"rendered":"\n<h3 class=\"wp-block-heading\">CONCOURS &#8211; FERM\u00c9<\/h3>\n\n\n\n<p>Date d&rsquo;ouverture du concours: <strong>8 d\u00e9cembre 2025<\/strong><\/p>\n\n\n\n<p>Date limite des soumissions: <strong>1 f\u00e9vrier 2026<\/strong> <strong>(23h59)<\/strong> <\/p>\n\n\n\n<div style=\"height:20px\" aria-hidden=\"true\" class=\"wp-block-spacer\"><\/div>\n\n\n\n<p>Ce programme sert \u00e0 initier et promouvoir un aspect novateur et non subventionn\u00e9 de la recherche scientifique des chercheurs et des chercheuses membres du R\u00e9seau qu\u00e9b\u00e9cois de recherche sur la douleur (RQRD). Ces dernier.\u00e8res pourraient par exemple v\u00e9rifier la faisabilit\u00e9 d\u2019un concept innovant, obtenir des donn\u00e9es pr\u00e9liminaires qui permettront la pr\u00e9paration d\u2019une demande de subvention \u00e0 une des agences de financement reconnues, ou encore faciliter le d\u00e9marrage d\u2019une initiative \u00e0 haut risque. Selon la Charte du RQRD, seuls les membres r\u00e9guliers et r\u00e9guli\u00e8res du RQRD sont admissibles. Les projets \u00e9ligibles doivent \u00eatre en lien avec la douleur, ne doivent pas \u00eatre subventionn\u00e9s et doivent r\u00e9pondre \u00e0 au moins un des crit\u00e8res suivants  :<\/p>\n\n\n\n<ul class=\"wp-block-list\">\n<li>Soutien au d\u00e9marrage de carri\u00e8re : s&rsquo;adresse aux membres \u00e0 un stade de carri\u00e8re junior (en poste depuis moins de 5 ans en date du 30 septembre de l\u2019ann\u00e9e en cours), qui initient leurs programmes de recherche et n\u2019ont pas encore obtenu de financement d\u2019un organisme subventionnaire majeur. Un financement de 25 000 $ est d\u2019ailleurs r\u00e9serv\u00e9 annuellement pour cette cat\u00e9gorie de candidature OU;<\/li>\n\n\n\n<li>Soutien \u00e0 l&rsquo;implantation dans l&rsquo;\u00e9cosyst\u00e8me du Qu\u00e9bec : s&rsquo;adresse aux membres nouvellement en poste au Qu\u00e9bec (depuis moins de 3 ans, peu importe le stade de carri\u00e8re) qui initient leurs programmes de recherche et n&rsquo;ont pas encore obtenu de financement d&rsquo;un organisme OU;.<\/li>\n\n\n\n<li>Soutien \u00e0 la r\u00e9orientation des travaux : s&rsquo;adresse aux membres \u00e9tabli.e.s, mais qui r\u00e9orientent leurs travaux OU;<\/li>\n\n\n\n<li>Soutien au d\u00e9marrage de projets d&rsquo;envergure : s&rsquo;adresse aux membres \u00e9tabli.e.s qui veulent d\u00e9velopper de nouvelles collaborations afin de combiner leurs connaissances respectives pour accumuler des donn\u00e9es en vue de pr\u00e9senter une demande de subvention \u00e0 un organisme subventionnaire majeur.<\/li>\n<\/ul>\n\n\n\n<p>Financement disponible<\/p>\n\n\n\n<ul class=\"wp-block-list\">\n<li>Enveloppe totale de financement de 100 000 $.<\/li>\n\n\n\n<li>Un montant maximal de 25 000 $ par projet peut \u00eatre accord\u00e9 ;<\/li>\n\n\n\n<li>Les d\u00e9penses admissibles doivent \u00eatre en ligne avec les <a href=\"https:\/\/frq.gouv.qc.ca\/regles-generales-communes\/\" target=\"_blank\" rel=\"noreferrer noopener\">politiques du FRQ-S<\/a>;<\/li>\n\n\n\n<li>Toutes les sommes allou\u00e9es devront \u00eatre d\u00e9pens\u00e9es \u00e0 la date indiqu\u00e9e sur la notification d\u2019octroi. <\/li>\n<\/ul>\n\n\n\n<p><strong>Liens utiles: <\/strong><\/p>\n\n\n\n<ul class=\"wp-block-list\">\n<li><a aria-label=\"R\u00e8glement (s\u2019ouvre dans un nouvel onglet)\" href=\"https:\/\/qprn.ca\/projets-pilotes\/reglement\/\" target=\"_blank\" rel=\"noreferrer noopener\">R\u00e8glement<\/a><\/li>\n\n\n\n<li><a href=\"https:\/\/qprn.ca\/wp-content\/uploads\/2024\/11\/Template2022_QPRN_Pilot-Project_ScoringGrid_ALL-1.pdf\" target=\"_blank\" rel=\"noreferrer noopener\">Grille d\u2019\u00e9valuation<\/a><\/li>\n<\/ul>\n\n\n\n<div style=\"height:20px\" aria-hidden=\"true\" class=\"wp-block-spacer\"><\/div>\n\n\n\n<h2 class=\"wp-block-heading\">Soumettre votre demande<\/h2>\n\n\n\n<p>La soumission de la demande se fait en utilisant l\u2019application web de d\u00e9p\u00f4t de projet accessible en cliquant sur le bouton \u00ab&nbsp;Soumettre ma demande&nbsp;\u00bb situ\u00e9 au bas de la pr\u00e9sente page. Les r\u00e9sultats des concours sont annonc\u00e9s au mois d&rsquo;avril.<\/p>\n\n\n\n<div style=\"height:20px\" aria-hidden=\"true\" class=\"wp-block-spacer\"><\/div>\n\n\n\n<div class=\"wp-block-buttons is-layout-flex wp-block-buttons-is-layout-flex\">\n<div class=\"wp-block-button Read-more\"><a class=\"wp-block-button__link wp-element-button\">Soumettre ma demande<\/a><\/div>\n<\/div>\n\n\n\n<p><\/p>\n","protected":false},"excerpt":{"rendered":"<p>CONCOURS &#8211; FERM\u00c9 Date d&rsquo;ouverture du concours: 8 d\u00e9cembre 2025 Date limite des soumissions: 1&#8230;<\/p>\n","protected":false},"author":2,"featured_media":0,"parent":0,"menu_order":0,"comment_status":"closed","ping_status":"closed","template":"","meta":{"_acf_changed":false,"footnotes":""},"class_list":["post-241","page","type-page","status-publish","hentry"],"acf":[],"_links":{"self":[{"href":"https:\/\/qprn.ca\/fr\/wp-json\/wp\/v2\/pages\/241","targetHints":{"allow":["GET"]}}],"collection":[{"href":"https:\/\/qprn.ca\/fr\/wp-json\/wp\/v2\/pages"}],"about":[{"href":"https:\/\/qprn.ca\/fr\/wp-json\/wp\/v2\/types\/page"}],"author":[{"embeddable":true,"href":"https:\/\/qprn.ca\/fr\/wp-json\/wp\/v2\/users\/2"}],"replies":[{"embeddable":true,"href":"https:\/\/qprn.ca\/fr\/wp-json\/wp\/v2\/comments?post=241"}],"version-history":[{"count":2,"href":"https:\/\/qprn.ca\/fr\/wp-json\/wp\/v2\/pages\/241\/revisions"}],"predecessor-version":[{"id":20175,"href":"https:\/\/qprn.ca\/fr\/wp-json\/wp\/v2\/pages\/241\/revisions\/20175"}],"wp:attachment":[{"href":"https:\/\/qprn.ca\/fr\/wp-json\/wp\/v2\/media?parent=241"}],"curies":[{"name":"wp","href":"https:\/\/api.w.org\/{rel}","templated":true}]}}