{"id":20101,"date":"2026-01-27T14:27:22","date_gmt":"2026-01-27T19:27:22","guid":{"rendered":"https:\/\/qprn.ca\/?page_id=20101"},"modified":"2026-01-22T14:31:30","modified_gmt":"2026-01-22T19:31:30","slug":"acces-aux-donnees-de-la-cohorte-cope-et-cope-v","status":"publish","type":"page","link":"https:\/\/qprn.ca\/fr\/acces-aux-donnees-de-la-cohorte-cope-et-cope-v\/","title":{"rendered":"Acc\u00e8s aux donn\u00e9es de la cohorte cope et cope-v"},"content":{"rendered":"\n<h2 class=\"wp-block-heading\">Cohorte cope <\/h2>\n\n\n\n<p>Les donn\u00e9es de la <strong>cohorte COPE (ChrOnic Pain TrEatment)<\/strong> sont accessibles pour la recherche!<\/p>\n\n\n\n<div class=\"wp-block-columns is-layout-flex wp-container-core-columns-is-layout-9d6595d7 wp-block-columns-is-layout-flex\">\n<div class=\"wp-block-column is-layout-flow wp-block-column-is-layout-flow\">\n<h3 class=\"wp-block-heading\">Donn\u00e9es <\/h3>\n\n\n\n<ul class=\"wp-block-list\">\n<li>1 935 personnes vivant avec de la douleur chronique dans toutes les r\u00e9gions du Qu\u00e9bec<\/li>\n\n\n\n<li>Questionnaire web administr\u00e9 en 2019<\/li>\n\n\n\n<li>Donn\u00e9es m\u00e9dico-administratives longitudinales 2014-2020 pour un sous-\u00e9chantillon<\/li>\n\n\n\n<li>Mesures collect\u00e9es :\n<ul class=\"wp-block-list\">\n<li>Caract\u00e9ristiques de la douleur<\/li>\n\n\n\n<li>Interf\u00e9rence<\/li>\n\n\n\n<li>Traitements<\/li>\n\n\n\n<li>Ordonnances<\/li>\n\n\n\n<li>Effets ind\u00e9sirables<\/li>\n\n\n\n<li>Soulagement <\/li>\n\n\n\n<li>Cannabis<\/li>\n\n\n\n<li>Utilisation de soins et services<\/li>\n\n\n\n<li>Professionnel de confiance<\/li>\n\n\n\n<li>Bien-\u00eatre psychologique<\/li>\n\n\n\n<li>Sant\u00e9 g\u00e9n\u00e9rale per\u00e7ue<\/li>\n\n\n\n<li>Polypharmacie<\/li>\n\n\n\n<li>Profil sociod\u00e9mographique<\/li>\n<\/ul>\n<\/li>\n<\/ul>\n<\/div>\n\n\n\n<div class=\"wp-block-column is-layout-flow wp-block-column-is-layout-flow\">\n<h3 class=\"wp-block-heading\">services<\/h3>\n\n\n\n<ul class=\"wp-block-list\">\n<li><strong>Analyses sur demande<\/strong>, dans le cadre de collaborations de recherche ou de contrats, afin de r\u00e9pondre \u00e0 des questions de recherche pr\u00e9cises \u00e0 partir des donn\u00e9es.<\/li>\n\n\n\n<li><strong>Portraits <\/strong>sur mesure et infographies pour r\u00e9pondre aux besoins des partenaires et utilisateurs de connaissances.<\/li>\n\n\n\n<li><strong>Soutien aux strat\u00e9gies<\/strong> de recrutement web.<\/li>\n<\/ul>\n\n\n\n<figure class=\"wp-block-image size-full\"><img loading=\"lazy\" decoding=\"async\" width=\"700\" height=\"467\" src=\"https:\/\/qprn.ca\/wp-content\/uploads\/2026\/01\/cope-2.png\" alt=\"\" class=\"wp-image-20107\" title=\"\"><\/figure>\n<\/div>\n<\/div>\n\n\n\n<h2 class=\"wp-block-heading\">Cohorte cope-v<\/h2>\n\n\n\n<p>Les donn\u00e9es de la<strong> cohorte COPE-V (ChrOnic Pain TrEatment among Veterans)<\/strong> sont accessibles pour la recherche!<\/p>\n\n\n\n<div class=\"wp-block-columns is-layout-flex wp-container-core-columns-is-layout-9d6595d7 wp-block-columns-is-layout-flex\">\n<div class=\"wp-block-column is-layout-flow wp-block-column-is-layout-flow\">\n<h3 class=\"wp-block-heading\">Donn\u00e9es <\/h3>\n\n\n\n<ul class=\"wp-block-list\">\n<li>331 v\u00e9t\u00e9ranes et v\u00e9t\u00e9rans de partout au Canada vivant avec de la douleur chronique<\/li>\n\n\n\n<li>Questionnaire web administr\u00e9 en 2025<\/li>\n\n\n\n<li>Mesures collect\u00e9es :\n<ul class=\"wp-block-list\">\n<li>Parcours militaire<\/li>\n\n\n\n<li>Transition vie civile<\/li>\n\n\n\n<li>Bien-\u00eatre psychologique<\/li>\n\n\n\n<li>Soutien social<\/li>\n\n\n\n<li>Sommeil<\/li>\n\n\n\n<li>Sant\u00e9 g\u00e9n\u00e9rale per\u00e7ue<\/li>\n\n\n\n<li>Usage de substances<\/li>\n\n\n\n<li>Polypharmacie<\/li>\n\n\n\n<li>Caract\u00e9ristiques de la douleur<\/li>\n\n\n\n<li>Traitements<\/li>\n\n\n\n<li>Pens\u00e9es catastrophiques<\/li>\n\n\n\n<li>Sentiment d&rsquo;injustice<\/li>\n\n\n\n<li>Profil sociod\u00e9mographique<\/li>\n\n\n\n<li>R\u00f4les de genre<\/li>\n\n\n\n<li>Donn\u00e9es personnelles pour lier aux donn\u00e9es m\u00e9dico-administratives du Qu\u00e9bec<\/li>\n<\/ul>\n<\/li>\n<\/ul>\n<\/div>\n\n\n\n<div class=\"wp-block-column is-layout-flow wp-block-column-is-layout-flow\">\n<h3 class=\"wp-block-heading\">Services<\/h3>\n\n\n\n<ul class=\"wp-block-list\">\n<li><strong>Analyses sur demande<\/strong>, dans le cadre de collaborations de recherche ou de contrats, afin de r\u00e9pondre \u00e0 des questions de recherche pr\u00e9cises \u00e0 partir des donn\u00e9es.<\/li>\n\n\n\n<li><strong>Portraits <\/strong>sur mesure et infographies pour r\u00e9pondre aux besoins des partenaires et utilisateurs de connaissances.<\/li>\n\n\n\n<li><strong>Bain de recrutement<\/strong> pour les membres du Consortium qu\u00e9b\u00e9cois pour la sant\u00e9 des v\u00e9t\u00e9ranes et v\u00e9t\u00e9rans.<\/li>\n\n\n\n<li><strong>Soutien aux strat\u00e9gies<\/strong> de recrutement web<\/li>\n<\/ul>\n\n\n\n<figure class=\"wp-block-image size-full\"><img loading=\"lazy\" decoding=\"async\" width=\"700\" height=\"467\" src=\"https:\/\/qprn.ca\/wp-content\/uploads\/2026\/01\/cope-1.png\" alt=\"\" class=\"wp-image-20108\" title=\"\"><\/figure>\n<\/div>\n<\/div>\n\n\n\n<p><strong><a href=\"https:\/\/qprn.ca\/fr\/nous-joindre\/\" target=\"_blank\" rel=\"noreferrer noopener\">Nous joindre<\/a><\/strong><\/p>\n\n\n\n<p><\/p>\n","protected":false},"excerpt":{"rendered":"<p>Cohorte cope Les donn\u00e9es de la cohorte COPE (ChrOnic Pain TrEatment) sont accessibles pour la&#8230;<\/p>\n","protected":false},"author":3,"featured_media":20102,"parent":0,"menu_order":0,"comment_status":"closed","ping_status":"closed","template":"","meta":{"_acf_changed":false,"footnotes":""},"class_list":["post-20101","page","type-page","status-publish","has-post-thumbnail","hentry"],"acf":[],"_links":{"self":[{"href":"https:\/\/qprn.ca\/fr\/wp-json\/wp\/v2\/pages\/20101","targetHints":{"allow":["GET"]}}],"collection":[{"href":"https:\/\/qprn.ca\/fr\/wp-json\/wp\/v2\/pages"}],"about":[{"href":"https:\/\/qprn.ca\/fr\/wp-json\/wp\/v2\/types\/page"}],"author":[{"embeddable":true,"href":"https:\/\/qprn.ca\/fr\/wp-json\/wp\/v2\/users\/3"}],"replies":[{"embeddable":true,"href":"https:\/\/qprn.ca\/fr\/wp-json\/wp\/v2\/comments?post=20101"}],"version-history":[{"count":5,"href":"https:\/\/qprn.ca\/fr\/wp-json\/wp\/v2\/pages\/20101\/revisions"}],"predecessor-version":[{"id":20112,"href":"https:\/\/qprn.ca\/fr\/wp-json\/wp\/v2\/pages\/20101\/revisions\/20112"}],"wp:featuredmedia":[{"embeddable":true,"href":"https:\/\/qprn.ca\/fr\/wp-json\/wp\/v2\/media\/20102"}],"wp:attachment":[{"href":"https:\/\/qprn.ca\/fr\/wp-json\/wp\/v2\/media?parent=20101"}],"curies":[{"name":"wp","href":"https:\/\/api.w.org\/{rel}","templated":true}]}}