{"id":19817,"date":"2025-12-05T12:54:15","date_gmt":"2025-12-05T17:54:15","guid":{"rendered":"https:\/\/qprn.ca\/?page_id=19817"},"modified":"2025-12-05T12:54:18","modified_gmt":"2025-12-05T17:54:18","slug":"reseau-quebecois-des-etudiants-chercheurs-sur-la-douleur-rqecd","status":"publish","type":"page","link":"https:\/\/qprn.ca\/fr\/reseau-quebecois-des-etudiants-chercheurs-sur-la-douleur-rqecd\/","title":{"rendered":"r\u00e9seau qu\u00e9b\u00e9cois des \u00e9tudiants-chercheurs sur la douleur (RQECD)"},"content":{"rendered":"\n<p>Le R\u00e9seau qu\u00e9b\u00e9cois des \u00e9tudiants-chercheurs sur la douleur (RQECD) a \u00e9t\u00e9 cr\u00e9\u00e9 pour rassembler les \u00e9tudiants-chercheurs dans le domaine de la douleur et favoriser la cr\u00e9ation de nouvelles collaborations entre \u00e9tudiants au sein des diff\u00e9rentes universit\u00e9s du Qu\u00e9bec. L\u2019une des missions principales du RQECD est d\u2019inspirer les \u00e9tudiants et \u00e9tudiantes \u00e0 d\u00e9velopper leur plein potentiel en recherche en r\u00e9alisant la meilleure science possible, peu importe les ressources disponibles dans leur laboratoire d\u2019appartenance.<\/p>\n\n\n\n<p><br>Devenir membre du RQECD vous permet d\u2019acc\u00e9der aux programmes du R\u00e9seau qu\u00e9b\u00e9cois de recherche sur la douleur (RQRD) favorisant le transfert de connaissances du milieu de la recherche vers les personnes utilisatrices de connaissances, en vous guidant dans vos initiatives de vulgarisation. Vous aurez acc\u00e8s aux programmes de bourse du RQRD pour pr\u00e9senter vos travaux \u00e0 des conf\u00e9rences ou pour effectuer un stage dans un laboratoire en dehors du Qu\u00e9bec ou du Canada. Vous aurez \u00e9galement acc\u00e8s \u00e0 des webinaires, des formations, et bien plus encore!<\/p>\n\n\n\n<p><br>Afin de rester \u00e0 l&rsquo;aff\u00fbt de notre actualit\u00e9, suivez-nous sur nos r\u00e9seaux sociaux : QNJPI-RQECD sur <a href=\"https:\/\/www.facebook.com\/RQECDQNJPIPAINtalks?locale=fr_CA\" target=\"_blank\" rel=\"noreferrer noopener\">Facebook<\/a>, <a href=\"https:\/\/www.youtube.com\/@rqecd-qnjpipaintalks9735\" target=\"_blank\" rel=\"noreferrer noopener\">Youtube<\/a>, <a href=\"https:\/\/bsky.app\/profile\/qnjpi-paintalks.bsky.social\" target=\"_blank\" rel=\"noreferrer noopener\">Bluesky <\/a>et <a href=\"https:\/\/ca.linkedin.com\/company\/rqecd-qnjpi-paintalks\" target=\"_blank\" rel=\"noreferrer noopener\">Linkedin<\/a>.<\/p>\n\n\n<div class=\"wp-block-image\">\n<figure class=\"aligncenter size-full\"><img loading=\"lazy\" decoding=\"async\" width=\"495\" height=\"410\" src=\"https:\/\/qprn.ca\/wp-content\/uploads\/2020\/01\/logo-qnjpi-rqecd-1.png\" alt=\"\" class=\"wp-image-505\" title=\"\"><\/figure>\n<\/div>","protected":false},"excerpt":{"rendered":"<p>Le R\u00e9seau qu\u00e9b\u00e9cois des \u00e9tudiants-chercheurs sur la douleur (RQECD) a \u00e9t\u00e9 cr\u00e9\u00e9 pour rassembler les&#8230;<\/p>\n","protected":false},"author":3,"featured_media":0,"parent":0,"menu_order":0,"comment_status":"closed","ping_status":"closed","template":"","meta":{"_acf_changed":false,"footnotes":""},"class_list":["post-19817","page","type-page","status-publish","hentry"],"acf":[],"_links":{"self":[{"href":"https:\/\/qprn.ca\/fr\/wp-json\/wp\/v2\/pages\/19817","targetHints":{"allow":["GET"]}}],"collection":[{"href":"https:\/\/qprn.ca\/fr\/wp-json\/wp\/v2\/pages"}],"about":[{"href":"https:\/\/qprn.ca\/fr\/wp-json\/wp\/v2\/types\/page"}],"author":[{"embeddable":true,"href":"https:\/\/qprn.ca\/fr\/wp-json\/wp\/v2\/users\/3"}],"replies":[{"embeddable":true,"href":"https:\/\/qprn.ca\/fr\/wp-json\/wp\/v2\/comments?post=19817"}],"version-history":[{"count":0,"href":"https:\/\/qprn.ca\/fr\/wp-json\/wp\/v2\/pages\/19817\/revisions"}],"wp:attachment":[{"href":"https:\/\/qprn.ca\/fr\/wp-json\/wp\/v2\/media?parent=19817"}],"curies":[{"name":"wp","href":"https:\/\/api.w.org\/{rel}","templated":true}]}}