{"id":19710,"date":"2025-11-28T16:45:43","date_gmt":"2025-11-28T21:45:43","guid":{"rendered":"https:\/\/qprn.ca\/?page_id=19710"},"modified":"2025-12-02T12:48:03","modified_gmt":"2025-12-02T17:48:03","slug":"programme-de-formation-aux-donnees-administratives-quebecoises","status":"publish","type":"page","link":"https:\/\/qprn.ca\/fr\/programme-de-formation-aux-donnees-administratives-quebecoises\/","title":{"rendered":"PROGRAMME DE FORMATION AUX DONN\u00c9ES ADMINISTRATIVES QU\u00c9B\u00c9COISES"},"content":{"rendered":"\n<h3 class=\"wp-block-heading\">PROGRAMME \u2013 OUVERT <\/h3>\n\n\n\n<h2 class=\"wp-block-heading\">ATELIER 1 : INTRODUCTION \u00c0 L\u2019UTILISATION DES DONN\u00c9ES ADMINISTRATIVES QU\u00c9B\u00c9COISES POUR LA RECHERCHE<\/h2>\n\n\n\n<p>Cet atelier vous permet de comprendre les <strong>diff\u00e9rentes bases de donn\u00e9es<\/strong>, leurs <strong>variables cl\u00e9s <\/strong>et leurs <strong>forces et limites<\/strong>. Des exemples de <strong>publications scientifiques<\/strong> sont \u00e9galement partag\u00e9s pour illustrer l\u2019application concr\u00e8te de ces donn\u00e9es.<\/p>\n\n\n\n<p><strong>Objectifs : <\/strong><\/p>\n\n\n\n<ul class=\"wp-block-list\">\n<li>Comprendre les bases de donn\u00e9es administratives disponibles dans les CADRISQ;<\/li>\n\n\n\n<li>Identifier les variables cl\u00e9s;<\/li>\n\n\n\n<li>\u00c9valuer les avantages et limites des donn\u00e9es administratives pour la recherche;<\/li>\n\n\n\n<li>Explorer des exemples concrets de publications scientifiques issues de ces donn\u00e9es.<\/li>\n<\/ul>\n\n\n\n<p><strong>Pr\u00e9requis :<\/strong> Ouvert \u00e0 toutes et \u00e0 tous! \u00c0 noter que l&rsquo;atelier est disponible qu&rsquo;en fran\u00e7ais.<\/p>\n\n\n\n<h2 class=\"wp-block-heading\">ATELIER 2 : GESTION ET ANALYSE DE DONN\u00c9ES ADMINISTRATIVES QU\u00c9B\u00c9COISES<\/h2>\n\n\n\n<p>Cet atelier pratique vous guide \u00e0 travers des techniques de <strong>gestion et d\u2019analyse des donn\u00e9es administratives qu\u00e9b\u00e9coises<\/strong>, en vous familiarisant avec la cr\u00e9ation de variables, la fusion de fichiers, et la gestion de bases de donn\u00e9es transversales \u00e0 partir de <strong>bases de donn\u00e9es synth\u00e9tiques r\u00e9alistes<\/strong>.<\/p>\n\n\n\n<p>Suite \u00e0 votre participation, vous recevrez <strong>une trousse<\/strong> contenant une<strong> copie des bases de donn\u00e9es synth\u00e9tiques,<\/strong> ainsi que des <strong>exemples de programmation en SAS pour une application concr\u00e8te des concepts<\/strong> dans le but de faciliter vos travaux de recherche en CADRISQ.<\/p>\n\n\n\n<p><strong>Objectifs : <\/strong><\/p>\n\n\n\n<ul class=\"wp-block-list\">\n<li>S&rsquo;outiller pour la gestion et l&rsquo;analyse efficaces des donn\u00e9es administratives qu\u00e9b\u00e9coises.<\/li>\n\n\n\n<li>Apprendre \u00e0 g\u00e9rer, fusionner et manipuler les donn\u00e9es administratives qu\u00e9b\u00e9coises dans un environnement d&rsquo;apprentissage similaire \u00e0 celui des donn\u00e9es r\u00e9elles.<\/li>\n\n\n\n<li>Se familiariser avec la trousse de formation gratuite remise \u00e0 chaque participante et participant.<\/li>\n<\/ul>\n\n\n\n<p><strong>Pr\u00e9requis :<\/strong> Une exp\u00e9rience de base en programmation (SAS, R, Stata, SPSS, etc.) est recommand\u00e9e pour tirer pleinement parti de l\u2019atelier. \u00c0 noter que l&rsquo;atelier est disponible qu&rsquo;en fran\u00e7ais.<\/p>\n\n\n\n<h3 class=\"wp-block-heading\">FORMATEUR<\/h3>\n\n\n\n<div class=\"wp-block-media-text is-stacked-on-mobile\" style=\"grid-template-columns:31% auto\"><figure class=\"wp-block-media-text__media\"><img loading=\"lazy\" decoding=\"async\" width=\"200\" height=\"200\" src=\"https:\/\/qprn.ca\/wp-content\/uploads\/2025\/11\/Dorais-Marc-1.png\" alt=\"\" class=\"wp-image-19713 size-full\" title=\"\"><\/figure><div class=\"wp-block-media-text__content\">\n<p><strong>Marc Dorais,<\/strong> d\u00e9tenteur d&rsquo;une ma\u00eetrise en statistique, cumule plus de 20 ans d&rsquo;exp\u00e9rience avec les donn\u00e9es administratives. Fondateur de StatSciences Inc., il travaille comme consultant en biostatistique depuis 15 ans. Son expertise reconnue l&rsquo;am\u00e8ne \u00e0 participer \u00e0 de nouveaux projets de recherche et \u00e0 donner r\u00e9guli\u00e8rement des formations sur l&rsquo;utilisation des donn\u00e9es administratives.<\/p>\n<\/div><\/div>\n\n\n\n<h3 class=\"wp-block-heading\">CRIT\u00c8RES D\u2019ADMISSIBILIT\u00c9<\/h3>\n\n\n\n<ul class=\"wp-block-list\">\n<li>Faire partie d\u2019une universit\u00e9 qu\u00e9b\u00e9coise et poursuivre sa recherche dans un domaine reli\u00e9 \u00e0 la douleur;<\/li>\n\n\n\n<li>Encadrement par un membre r\u00e9gulier ou une membre r\u00e9guli\u00e8re du R\u00e9seau qu\u00e9b\u00e9cois de recherche sur la douleur;<\/li>\n\n\n\n<li>\u00catre membre en r\u00e8gle du R\u00e9seau qu\u00e9b\u00e9cois des \u00e9tudiants-chercheurs sur la douleur (RQECD) avant l\u2019ouverture du concours.<\/li>\n<\/ul>\n\n\n\n<h3 class=\"wp-block-heading\">ACC\u00c8S AUX DONN\u00c9ES DU R\u00c9SEAU QU\u00c9B\u00c9COIS DE RECHERCHE SUR LA DOULEUR<\/h3>\n\n\n\n<ul class=\"wp-block-list\">\n<li><a href=\"https:\/\/quebecpainregistry.com\/\" target=\"_blank\" rel=\"noreferrer noopener\">Registre Qu\u00e9bec douleur<\/a><\/li>\n\n\n\n<li><a href=\"https:\/\/qprn.ca\/fr\/services-dimplementation-de-cohorte\/\" target=\"_blank\" rel=\"noreferrer noopener\">Consortium qu\u00e9b\u00e9cois sur la douleur au dos<\/a><\/li>\n\n\n\n<li>Cohorte COPE<\/li>\n\n\n\n<li>Cohorte COPE-V (v\u00e9t\u00e9rans)<\/li>\n<\/ul>\n\n\n\n<p>Avez-vous de l&rsquo;int\u00e9r\u00eat? Communiquer avec nous \u00e0 <a href=\"&#109;&#x61;i&#108;&#x74;o&#58;&#x69;n&#102;&#x6f;&#64;&#113;&#x70;&#114;&#x6e;&#x2e;&#99;&#x61;\" target=\"_blank\" rel=\"noreferrer noopener\">i&#110;&#x66;&#x6f;&#64;&#113;&#112;&#x72;&#x6e;&#46;&#99;&#97;<\/a> pour vous inscrire au prochain atelier. Les places sont limit\u00e9s.<\/p>\n","protected":false},"excerpt":{"rendered":"<p>PROGRAMME \u2013 OUVERT ATELIER 1 : INTRODUCTION \u00c0 L\u2019UTILISATION DES DONN\u00c9ES ADMINISTRATIVES QU\u00c9B\u00c9COISES POUR LA&#8230;<\/p>\n","protected":false},"author":3,"featured_media":0,"parent":0,"menu_order":0,"comment_status":"closed","ping_status":"closed","template":"","meta":{"_acf_changed":false,"footnotes":""},"class_list":["post-19710","page","type-page","status-publish","hentry"],"acf":[],"_links":{"self":[{"href":"https:\/\/qprn.ca\/fr\/wp-json\/wp\/v2\/pages\/19710","targetHints":{"allow":["GET"]}}],"collection":[{"href":"https:\/\/qprn.ca\/fr\/wp-json\/wp\/v2\/pages"}],"about":[{"href":"https:\/\/qprn.ca\/fr\/wp-json\/wp\/v2\/types\/page"}],"author":[{"embeddable":true,"href":"https:\/\/qprn.ca\/fr\/wp-json\/wp\/v2\/users\/3"}],"replies":[{"embeddable":true,"href":"https:\/\/qprn.ca\/fr\/wp-json\/wp\/v2\/comments?post=19710"}],"version-history":[{"count":0,"href":"https:\/\/qprn.ca\/fr\/wp-json\/wp\/v2\/pages\/19710\/revisions"}],"wp:attachment":[{"href":"https:\/\/qprn.ca\/fr\/wp-json\/wp\/v2\/media?parent=19710"}],"curies":[{"name":"wp","href":"https:\/\/api.w.org\/{rel}","templated":true}]}}