{"id":1886,"date":"2020-05-25T15:06:56","date_gmt":"2020-05-25T19:06:56","guid":{"rendered":"https:\/\/qprn.ca\/?page_id=1886"},"modified":"2022-08-26T18:20:34","modified_gmt":"2022-08-26T22:20:34","slug":"programme-soutien-devenement","status":"publish","type":"page","link":"https:\/\/qprn.ca\/fr\/programme-soutien-devenement\/","title":{"rendered":"Programme soutien d\u2019\u00e9v\u00e8nement"},"content":{"rendered":"\n<h3 class=\"wp-block-heading\">Programme &#8211; ouvert<\/h3>\n\n\n\n<p><strong>Aucune date limite de soumission<\/strong><\/p>\n\n\n\n<div style=\"height:20px\" aria-hidden=\"true\" class=\"wp-block-spacer\"><\/div>\n\n\n\n<p>Les membres du RQRD impliqu\u00e9s dans le comit\u00e9 d\u2019organisation d\u2019un \u00e9v\u00e8nement autour du th\u00e8me de la douleur peuvent s\u2019adresser au comit\u00e9 de gestion pour faire une demande de soutien financier.<\/p>\n\n\n\n<p>Le soutien maximal possible d\u00e9pendra de l\u2019envergure de l\u2019\u00e9v\u00e8nement&nbsp;:<\/p>\n\n\n\n<ul class=\"wp-block-list\"><li>Provincial&nbsp;: 1000$<\/li><li>National&nbsp;: 2500$<\/li><li>International&nbsp;: 5000$ (des conditions s\u2019appliquent)<\/li><\/ul>\n\n\n\n<p>Dans le cas du soutien d\u2019un \u00e9v\u00e8nement international sur le th\u00e8me de la douleur impliquant des membres du RQRD, le soutien financier accord\u00e9 par le r\u00e9seau devra \u00eatre allou\u00e9 \u00e0 des d\u00e9penses d\u2019un chercheur ou d&rsquo;une chercheuse du Qu\u00e9bec mais ne pourra pas directement \u00eatre vers\u00e9 \u00e0 une organisation non canadienne.<\/p>\n\n\n\n<p><strong><u>Proc\u00e9dure:<\/u><\/strong><\/p>\n\n\n\n<p>Envoyez une lettre de demande en utilisant le lien ci dessous en pr\u00e9cisant les points suivants.<\/p>\n\n\n\n<p><\/p>\n\n\n\n<ul class=\"wp-block-list\"><li>Le montant du soutien demand\u00e9<\/li><li>\u00c9v\u00e8nement provincial, national ou international<\/li><li>L\u2019int\u00e9gration du th\u00e8me de la douleur<\/li><li>Nombre de membres RQRD impliqu\u00e9.e.s dans le comit\u00e9 d\u2019organisation<\/li><li>Nombre de membres RQECD impliqu\u00e9.e.s dans le comit\u00e9 d\u2019organisation<\/li><li>Nombre de participant.e.s\/membres RQRD attendu.e.s<\/li><li>Nombre de pr\u00e9sentateurs  ou pr\u00e9sentatrices membres du RQRD<\/li><li>Comment encouragez-vous l\u2019inclusion des utilisateurs et utilisatrices de connaissances<\/li><li>Comment encouragez-vous l\u2019implication des \u00e9tudiant.e.s dans l\u2019organisation<\/li><\/ul>\n\n\n\n<p>Votre demande sera soumise au comit\u00e9 de gestion qui d\u00e9cidera de l\u2019enveloppe allou\u00e9e<\/p>\n\n\n\n<p><strong>Envoyez votre demande <a href=\"https:\/\/qprn.ca\/formulaire-soutien-evenement-event-support-form\/\">ICI<\/a><\/strong><\/p>\n","protected":false},"excerpt":{"rendered":"<p>Programme &#8211; ouvert Aucune date limite de soumission Les membres du RQRD impliqu\u00e9s dans le&#8230;<\/p>\n","protected":false},"author":2,"featured_media":0,"parent":0,"menu_order":0,"comment_status":"closed","ping_status":"closed","template":"","meta":{"_acf_changed":false,"footnotes":""},"class_list":["post-1886","page","type-page","status-publish","hentry"],"acf":[],"_links":{"self":[{"href":"https:\/\/qprn.ca\/fr\/wp-json\/wp\/v2\/pages\/1886","targetHints":{"allow":["GET"]}}],"collection":[{"href":"https:\/\/qprn.ca\/fr\/wp-json\/wp\/v2\/pages"}],"about":[{"href":"https:\/\/qprn.ca\/fr\/wp-json\/wp\/v2\/types\/page"}],"author":[{"embeddable":true,"href":"https:\/\/qprn.ca\/fr\/wp-json\/wp\/v2\/users\/2"}],"replies":[{"embeddable":true,"href":"https:\/\/qprn.ca\/fr\/wp-json\/wp\/v2\/comments?post=1886"}],"version-history":[{"count":0,"href":"https:\/\/qprn.ca\/fr\/wp-json\/wp\/v2\/pages\/1886\/revisions"}],"wp:attachment":[{"href":"https:\/\/qprn.ca\/fr\/wp-json\/wp\/v2\/media?parent=1886"}],"curies":[{"name":"wp","href":"https:\/\/api.w.org\/{rel}","templated":true}]}}