{"id":183,"date":"2019-07-29T11:57:45","date_gmt":"2019-07-29T15:57:45","guid":{"rendered":"https:\/\/qprn.ca\/?page_id=183"},"modified":"2024-02-23T15:18:15","modified_gmt":"2024-02-23T20:18:15","slug":"industrie","status":"publish","type":"page","link":"https:\/\/qprn.ca\/fr\/nos-solutions\/industrie\/","title":{"rendered":"Pour l\u2019industrie"},"content":{"rendered":"\n<h2 class=\"wp-block-heading\">Partenariat Industrie-Chercheurs<\/h2>\n\n\n\n<p>Les int\u00e9r\u00eats et expertises des chercheurs et chercheuses du R\u00e9seau douleur peuvent repr\u00e9senter un atout majeur pour l\u2019industrie. En retour, ces partenariats permettent d\u2019offrir des perspectives riches d\u2019application et de d\u00e9veloppement en recherche.<\/p>\n\n\n\n<p>Notre exp\u00e9rience et nos conseils vous assureront la meilleure visibilit\u00e9 possible sur ces expertises et vous assurera d\u2019un contact privil\u00e9gi\u00e9 avec des partenaires de choix.<\/p>\n\n\n\n<p>Nous vous encourageons \u00e0 nous contacter pour partager votre projet et vos besoins dans le domaine de la recherche sur la douleur.<\/p>\n\n\n\n<p>Vous pouvez <a href=\"https:\/\/qprn.ca\/fr\/nous-joindre\/?section_du_site=Partenariat Industrie-chercheur\">nous joindre<\/a> pour plus d&rsquo;information.<\/p>\n\n\n\n<div style=\"height:20px\" aria-hidden=\"true\" class=\"wp-block-spacer\"><\/div>\n\n\n\n<h2 class=\"wp-block-heading\">Nos plateformes techniques<\/h2>\n\n\n\n<p>Les plateformes techniques sont des outils communs disponibles pour nos partenaires afin d\u2019acc\u00e9l\u00e9rer leurs avanc\u00e9es et pour les initiatives strat\u00e9giques du r\u00e9seau afin de g\u00e9n\u00e9rer de nouvelles connaissances. Elles sont dirig\u00e9es par des chercheurs et chercheuses chevronn\u00e9(e)s et fournissent des services et des ressources techniques de haute qualit\u00e9.<\/p>\n\n\n<div class=\"wp-block-image\">\n<figure class=\"alignleft size-medium is-resized\"><a href=\"https:\/\/qprn.ca\/fr\/nos-solutions\/#plateformes\"><img loading=\"lazy\" decoding=\"async\" width=\"700\" height=\"467\" src=\"https:\/\/qprn.ca\/wp-content\/uploads\/2021\/02\/2026-Plateforme-source_FR_4-700x467.png\" alt=\"\" class=\"wp-image-5181\" style=\"width:350px;height:234px\" title=\"\" srcset=\"https:\/\/qprn.ca\/wp-content\/uploads\/2021\/02\/2026-Plateforme-source_FR_4-700x467.png 700w, https:\/\/qprn.ca\/wp-content\/uploads\/2021\/02\/2026-Plateforme-source_FR_4-1400x934.png 1400w, https:\/\/qprn.ca\/wp-content\/uploads\/2021\/02\/2026-Plateforme-source_FR_4-768x512.png 768w, https:\/\/qprn.ca\/wp-content\/uploads\/2021\/02\/2026-Plateforme-source_FR_4-1536x1025.png 1536w, https:\/\/qprn.ca\/wp-content\/uploads\/2021\/02\/2026-Plateforme-source_FR_4-2048x1366.png 2048w\" sizes=\"auto, (max-width: 700px) 100vw, 700px\" \/><\/a><\/figure>\n<\/div>\n\n\n<p><br><strong>PT 1:<\/strong> Outils mol\u00e9culaires et imagerie cellulaire<br><strong>PT 2:<\/strong> Plate-forme de ph\u00e9notypage comportemental<br><strong>PT 3:<\/strong> Plateforme d\u2019imagerie multimodale du cerveau et de la colonne vert\u00e9brale<br><strong>PT 4:<\/strong> Analyse g\u00e9n\u00e9tique et g\u00e9nomique<br><strong>PT 5:<\/strong> Plateforme de recherche ax\u00e9e sur les patient(e)s<\/p>\n\n\n\n<p><strong><a href=\"https:\/\/qprn.ca\/fr\/nos-solutions\/#plateformes\" target=\"_blank\" rel=\"noreferrer noopener\">En savoir plus<\/a><\/strong><\/p>\n\n\n\n<div style=\"height:20px\" aria-hidden=\"true\" class=\"wp-block-spacer\"><\/div>\n\n\n\n<div style=\"height:20px\" aria-hidden=\"true\" class=\"wp-block-spacer\"><\/div>\n\n\n\n<h2 class=\"wp-block-heading\">Acc\u00e8s Donn\u00e9es registre<\/h2>\n\n\n\n<p>Le registre Qu\u00e9bec Douleur a \u00e9t\u00e9 con\u00e7u en 2007 gr\u00e2ce \u00e0 une initiative strat\u00e9gique du R\u00e9seau qu\u00e9b\u00e9cois de recherche sur la douleur.<\/p>\n\n\n\n<p>Le Registre est une base de donn\u00e9es administrative et de recherche qui procure des donn\u00e9es standardis\u00e9es sur une grande cohorte de 9363 patient.e.s souffrant de douleur persistante.\u00a0Une s\u00e9rie de donn\u00e9es d\u00e9mographiques et cliniques d\u00e9finies sont recueillies sur ces patient.e.s en utilisant des outils de mesures uniformes et valid\u00e9s.<\/p>\n\n\n\n<p><strong><a href=\"https:\/\/quebecpainregistry.com\/\" target=\"_blank\" rel=\"noreferrer noopener\">En savoir plus<\/a><\/strong><\/p>\n\n\n\n<div style=\"height:20px\" aria-hidden=\"true\" class=\"wp-block-spacer\"><\/div>\n\n\n\n<h2 class=\"wp-block-heading\">Acc\u00e8s donn\u00e9es consortium douleur au dos<\/h2>\n\n\n\n<p>Notre base de donn\u00e9es contient les donn\u00e9es suivantes : la version canadienne du NIH minimum dataset, le DN4, un questionnaire \u00e0 propos des comorbidit\u00e9s et l&rsquo;impression globale de changement. Ces donn\u00e9es ont \u00e9t\u00e9 collect\u00e9es sur une base continue depuis novembre 2018 chez plus de 6000 participants vivant avec de la douleur au dos \u00e0 0, 3, 6, 12 et 24 mois. Vous pouvez nous contacter pour proposer une collaboration ou faire une demande d\u2019acc\u00e8s.<\/p>\n\n\n\n<p><strong><a href=\"https:\/\/qprn.ca\/fr\/services-dimplementation-de-cohorte\/\" target=\"_blank\" rel=\"noreferrer noopener\">En savoir plus<\/a><\/strong><\/p>\n","protected":false},"excerpt":{"rendered":"<p>Partenariat Industrie-Chercheurs Les int\u00e9r\u00eats et expertises des chercheurs et chercheuses du R\u00e9seau douleur peuvent repr\u00e9senter&#8230;<\/p>\n","protected":false},"author":2,"featured_media":0,"parent":37,"menu_order":0,"comment_status":"closed","ping_status":"closed","template":"","meta":{"_acf_changed":false,"footnotes":""},"class_list":["post-183","page","type-page","status-publish","hentry"],"acf":[],"_links":{"self":[{"href":"https:\/\/qprn.ca\/fr\/wp-json\/wp\/v2\/pages\/183","targetHints":{"allow":["GET"]}}],"collection":[{"href":"https:\/\/qprn.ca\/fr\/wp-json\/wp\/v2\/pages"}],"about":[{"href":"https:\/\/qprn.ca\/fr\/wp-json\/wp\/v2\/types\/page"}],"author":[{"embeddable":true,"href":"https:\/\/qprn.ca\/fr\/wp-json\/wp\/v2\/users\/2"}],"replies":[{"embeddable":true,"href":"https:\/\/qprn.ca\/fr\/wp-json\/wp\/v2\/comments?post=183"}],"version-history":[{"count":0,"href":"https:\/\/qprn.ca\/fr\/wp-json\/wp\/v2\/pages\/183\/revisions"}],"up":[{"embeddable":true,"href":"https:\/\/qprn.ca\/fr\/wp-json\/wp\/v2\/pages\/37"}],"wp:attachment":[{"href":"https:\/\/qprn.ca\/fr\/wp-json\/wp\/v2\/media?parent=183"}],"curies":[{"name":"wp","href":"https:\/\/api.w.org\/{rel}","templated":true}]}}