{"id":179,"date":"2019-07-29T11:56:50","date_gmt":"2019-07-29T15:56:50","guid":{"rendered":"https:\/\/qprn.ca\/?page_id=179"},"modified":"2025-12-09T14:32:06","modified_gmt":"2025-12-09T19:32:06","slug":"etudiants","status":"publish","type":"page","link":"https:\/\/qprn.ca\/fr\/nos-solutions\/etudiants\/","title":{"rendered":"Pour les personnes \u00e9tudiantes"},"content":{"rendered":"\n<h2 class=\"wp-block-heading\">Devenir membre du r\u00e9seau qu\u00e9b\u00e9cois des \u00e9tudiants-chercheurs sur la douleur<\/h2>\n\n\n\n<div style=\"height:20px\" aria-hidden=\"true\" class=\"wp-block-spacer\"><\/div>\n\n\n<div class=\"wp-block-image is-resized bnw\">\n<figure class=\"alignleft size-full\"><img loading=\"lazy\" decoding=\"async\" width=\"700\" height=\"467\" src=\"https:\/\/qprn.ca\/wp-content\/uploads\/2025\/04\/Images-website29.jpg\" alt=\"\" class=\"wp-image-17554\" style=\"aspect-ratio:1.5;object-fit:cover;width:569px;height:auto\" title=\"\"><\/figure>\n<\/div>\n\n\n<p class=\"has-text-align-left\">Le RQECD a \u00e9t\u00e9 cr\u00e9\u00e9 pour rassembler les personnes \u00e9tudiantes-chercheuses dans le domaine de la douleur et favoriser la cr\u00e9ation de nouvelles collaborations entre les personnes \u00e9tudiantes au sein des diff\u00e9rentes universit\u00e9s du Qu\u00e9bec. <strong>L\u2019une des missions principales du RQECD est d\u2019inspirer la rel\u00e8ve \u00e9tudiante \u00e0 d\u00e9velopper son plein potentiel en recherche<\/strong> en r\u00e9alisant la meilleure science possible, peu importe les ressources disponibles dans leur laboratoire d\u2019appartenance.<br>Devenir membre du RQECD vous permet d\u2019acc\u00e9der aux programmes du RQRD favorisant le <strong>transfert de connaissances<\/strong> du milieu de la recherche vers les utilisateurs de connaissances, en vous guidant dans vos initiatives de vulgarisation. Vous aurez \u00e9galement acc\u00e8s aux programmes de bourse du RQRD pour pr\u00e9senter vos travaux \u00e0 des conf\u00e9rences ou pour effectuer un stage dans un laboratoire en dehors du Qu\u00e9bec ou du Canada.<br><strong><a href=\"https:\/\/qprn.ca\/fr\/reseau-quebecois-des-etudiants-chercheurs-sur-la-douleur-rqecd\/\" target=\"_blank\" rel=\"noreferrer noopener\">En savoir plus <\/a><\/strong> et<strong> Devenir membre<\/strong><\/p>\n\n\n\n<div style=\"height:20px\" aria-hidden=\"true\" class=\"wp-block-spacer\"><\/div>\n\n\n\n<h2 class=\"wp-block-heading\">paintalks<\/h2>\n\n\n\n<div class=\"wp-block-columns is-layout-flex wp-container-core-columns-is-layout-9d6595d7 wp-block-columns-is-layout-flex\">\n<div class=\"wp-block-column is-layout-flow wp-block-column-is-layout-flow\"><div class=\"wp-block-image is-resized bnw\">\n<figure class=\"alignleft size-full\"><img loading=\"lazy\" decoding=\"async\" width=\"700\" height=\"467\" src=\"https:\/\/qprn.ca\/wp-content\/uploads\/2020\/06\/Publication_Paintalks1.jpg\" alt=\"\" class=\"wp-image-1980\" title=\"\"><\/figure>\n<\/div><\/div>\n\n\n\n<div class=\"wp-block-column is-layout-flow wp-block-column-is-layout-flow\">\n<p>Le PAINtalks est une soir\u00e9e de conf\u00e9rences vulgaris\u00e9es, inspir\u00e9es par les pr\u00e9sentations \u00ab TED \u00bb, de calibre international portant sur la douleur. Apprenez \u00e0 partager votre passion et pr\u00e9sentez l\u2019impact positif de vos travaux de recherche sur les personnes vivant avec de la douleur chronique. Vivez une exp\u00e9rience m\u00e9morable pour communiquer votre science sur sc\u00e8ne avec une formation gratuite aupr\u00e8s d\u2019un professionnel.<\/p>\n\n\n\n<p>L&rsquo;\u00e9quipe PAINTalks est toujours \u00e0 la recherche de personnes motiv\u00e9es \u00e0 mettre en place le PAINtalks et ainsi contribuer \u00e0 faire rayonner la recherche qu\u00e9b\u00e9coise et canadienne sur la douleur aupr\u00e8s de la communaut\u00e9.<\/p>\n\n\n\n<p><strong>Communiquez avec nous \u00e0 c&#111;&#x6e;&#x74;a&#99;&#x74;&#x71;n&#106;&#x70;&#x69;&#64;&#103;&#x6d;&#x61;i&#108;&#x2e;&#x63;o&#109;<\/strong><\/p>\n\n\n\n<p><strong><a href=\"https:\/\/qprn.ca\/fr\/2024\/11\/04\/paintalks-2021\/\" target=\"_blank\" data-type=\"link\" data-id=\"https:\/\/qprn.ca\/fr\/2024\/11\/04\/paintalks-2021\/\" rel=\"noreferrer noopener\">En savoir plus<\/a><\/strong><\/p>\n<\/div>\n<\/div>\n\n\n\n<div style=\"height:20px\" aria-hidden=\"true\" class=\"wp-block-spacer\"><\/div>\n\n\n\n<h2 class=\"wp-block-heading\">Programme \u00ab\u00a0Douleur : D\u00e9mystifions la science\u00a0\u00bb<\/h2>\n\n\n\n<div style=\"height:20px\" aria-hidden=\"true\" class=\"wp-block-spacer\"><\/div>\n\n\n\n<div class=\"wp-block-columns is-layout-flex wp-container-core-columns-is-layout-9d6595d7 wp-block-columns-is-layout-flex\">\n<div class=\"wp-block-column is-layout-flow wp-block-column-is-layout-flow\">\n<figure class=\"wp-block-image size-full bnw\"><img loading=\"lazy\" decoding=\"async\" width=\"2917\" height=\"1946\" src=\"https:\/\/qprn.ca\/wp-content\/uploads\/2025\/04\/PV_VisuelGeneral-43.png\" alt=\"\" class=\"wp-image-17556\" title=\"\" srcset=\"https:\/\/qprn.ca\/wp-content\/uploads\/2025\/04\/PV_VisuelGeneral-43.png 2917w, https:\/\/qprn.ca\/wp-content\/uploads\/2025\/04\/PV_VisuelGeneral-43-700x467.png 700w, https:\/\/qprn.ca\/wp-content\/uploads\/2025\/04\/PV_VisuelGeneral-43-1400x934.png 1400w, https:\/\/qprn.ca\/wp-content\/uploads\/2025\/04\/PV_VisuelGeneral-43-768x512.png 768w, https:\/\/qprn.ca\/wp-content\/uploads\/2025\/04\/PV_VisuelGeneral-43-1536x1025.png 1536w, https:\/\/qprn.ca\/wp-content\/uploads\/2025\/04\/PV_VisuelGeneral-43-2048x1366.png 2048w\" sizes=\"auto, (max-width: 2917px) 100vw, 2917px\" \/><\/figure>\n<\/div>\n\n\n\n<div class=\"wp-block-column is-vertically-aligned-center is-layout-flow wp-block-column-is-layout-flow\">\n<p>Ce programme de <strong>vulgarisation scientifique<\/strong> vous offre la possibilit\u00e9 de r\u00e9aliser une ou des initiatives de vulgarisation \u00e0 partir de vos publications scientifiques. Vous r\u00e9aliserez une infographie pour illustrer les concepts et les r\u00e9sultats cl\u00e9s pour les parties prenantes du domaine de la douleur.<\/p>\n\n\n\n<p><strong><a href=\"https:\/\/qprn.ca\/fr\/publications\/?_sft_category=publications-vulgarisees\" target=\"_blank\" rel=\"noreferrer noopener\">Voir des exemples<\/a><\/strong><\/p>\n\n\n\n<p><strong><a href=\"https:\/\/qprn.ca\/fr\/programme-douleur-demystifions-la-science\/\" target=\"_blank\" data-type=\"page\" data-id=\"17574\" rel=\"noreferrer noopener\">En savoir plus<\/a><\/strong><\/p>\n<\/div>\n<\/div>\n\n\n\n<div style=\"height:20px\" aria-hidden=\"true\" class=\"wp-block-spacer\"><\/div>\n\n\n\n<h2 class=\"wp-block-heading\">Programme \u00ab\u00a0Pleins feux sur la rel\u00e8ve\u00a0\u00bb<\/h2>\n\n\n\n<div style=\"height:20px\" aria-hidden=\"true\" class=\"wp-block-spacer\"><\/div>\n\n\n\n<div class=\"wp-block-columns is-layout-flex wp-container-core-columns-is-layout-9d6595d7 wp-block-columns-is-layout-flex\">\n<div class=\"wp-block-column is-layout-flow wp-block-column-is-layout-flow\">\n<figure class=\"wp-block-image size-full bnw\"><img loading=\"lazy\" decoding=\"async\" width=\"700\" height=\"467\" src=\"https:\/\/qprn.ca\/wp-content\/uploads\/2024\/12\/Images-website103.png\" alt=\"Visuel du concours de vulgarisation scientifique du RQRD\" class=\"wp-image-16550\" title=\"\"><\/figure>\n<\/div>\n\n\n\n<div class=\"wp-block-column is-vertically-aligned-center is-layout-flow wp-block-column-is-layout-flow\">\n<p>Ce programme de <strong>vulgarisation scientifique<\/strong> met en valeur la capacit\u00e9 des personnes \u00e9tudiantes \u00e0 promouvoir et expliquer leurs projets de recherche par la cr\u00e9ation de courtes vid\u00e9os.<\/p>\n\n\n\n<p><br>La r\u00e8gle du programme est simple: vous devez vulgariser votre projet de recherche, via un support vid\u00e9o, en moins de 3 minutes, top chrono!<\/p>\n\n\n\n<p><strong><a href=\"https:\/\/www.youtube.com\/playlist?list=PLUI6xDhXtJkVqtmc2kmd75973MbxCvIgJ\" target=\"_blank\" rel=\"noreferrer noopener\">Voir des exemples<\/a><\/strong><\/p>\n\n\n\n<p><strong><a href=\"https:\/\/qprn.ca\/fr\/programme-pleins-feux-sur-la-releve\/\" target=\"_blank\" data-type=\"page\" data-id=\"17584\" rel=\"noreferrer noopener\">En savoir plus<\/a><\/strong><\/p>\n<\/div>\n<\/div>\n\n\n\n<div style=\"height:20px\" aria-hidden=\"true\" class=\"wp-block-spacer\"><\/div>\n\n\n\n<h2 class=\"wp-block-heading\">Programme \u00ab\u00a0Parlons douleur\u00a0\u00bb<\/h2>\n\n\n\n<div style=\"height:20px\" aria-hidden=\"true\" class=\"wp-block-spacer\"><\/div>\n\n\n\n<div class=\"wp-block-columns is-layout-flex wp-container-core-columns-is-layout-9d6595d7 wp-block-columns-is-layout-flex\">\n<div class=\"wp-block-column is-layout-flow wp-block-column-is-layout-flow\">\n<figure class=\"wp-block-image size-full bnw\"><img loading=\"lazy\" decoding=\"async\" width=\"700\" height=\"467\" src=\"https:\/\/qprn.ca\/wp-content\/uploads\/2025\/04\/Parlons-douleur.png\" alt=\"\" class=\"wp-image-17558\" title=\"\"><\/figure>\n<\/div>\n\n\n\n<div class=\"wp-block-column is-vertically-aligned-center is-layout-flow wp-block-column-is-layout-flow\">\n<p>Ce programme vous permet de <strong>cr\u00e9er un \u00e9pisode Balado<\/strong> de son id\u00e9ation jusqu\u2019\u00e0 sa publication. Votre \u00e9pisode permettra de partager votre passion et vos travaux de recherche et de les rendre accessibles \u00e0 un grand nombre de parties prenantes du domaine de la douleur.<\/p>\n\n\n\n<p><strong><a href=\"https:\/\/open.spotify.com\/show\/04P0ALwD7ket86YrJBkJsW\" target=\"_blank\" rel=\"noreferrer noopener\">Voir des exemples<\/a><\/strong><\/p>\n\n\n\n<p><strong><a href=\"https:\/\/qprn.ca\/fr\/programme-parlons-douleur\/\" target=\"_blank\" data-type=\"page\" data-id=\"17588\" rel=\"noreferrer noopener\">En savoir plus<\/a><\/strong><\/p>\n<\/div>\n<\/div>\n\n\n\n<div style=\"height:20px\" aria-hidden=\"true\" class=\"wp-block-spacer\"><\/div>\n\n\n\n<h2 class=\"wp-block-heading\">Programme \u00ab\u00a0La parole aux \u00e9tudiants chercheurs\u00a0\u00bb<\/h2>\n\n\n\n<div style=\"height:20px\" aria-hidden=\"true\" class=\"wp-block-spacer\"><\/div>\n\n\n\n<div class=\"wp-block-columns is-layout-flex wp-container-core-columns-is-layout-9d6595d7 wp-block-columns-is-layout-flex\">\n<div class=\"wp-block-column is-layout-flow wp-block-column-is-layout-flow\">\n<figure class=\"wp-block-image size-full is-style-default bnw\"><img loading=\"lazy\" decoding=\"async\" width=\"700\" height=\"467\" src=\"https:\/\/qprn.ca\/wp-content\/uploads\/2025\/04\/Images-website10.png\" alt=\"\" class=\"wp-image-17560\" title=\"\"><\/figure>\n<\/div>\n\n\n\n<div class=\"wp-block-column is-vertically-aligned-center is-layout-flow wp-block-column-is-layout-flow\">\n<p>Ce programme vous donne l\u2019opportunit\u00e9 de <strong>pr\u00e9senter, sous forme de webinaire, vos travaux de recherche<\/strong>, de mani\u00e8re vulgaris\u00e9e, aux personnes vivant avec de la douleur, aux personnes proches aidantes et toute autre personne int\u00e9ress\u00e9e par le domaine de la douleur.<\/p>\n\n\n\n<p><strong><a href=\"https:\/\/www.youtube.com\/playlist?list=PLUI6xDhXtJkVLk-rRDTDE4Iv-ZFU2Rrdc\" target=\"_blank\" rel=\"noreferrer noopener\">Voir des exemples<\/a><\/strong><\/p>\n\n\n\n<p><strong><a href=\"https:\/\/qprn.ca\/fr\/programme-la-parole-aux-etudiants-chercheurs\/\" target=\"_blank\" data-type=\"page\" data-id=\"17593\" rel=\"noreferrer noopener\">En savoir plus<\/a><\/strong><\/p>\n<\/div>\n<\/div>\n\n\n\n<div style=\"height:20px\" aria-hidden=\"true\" class=\"wp-block-spacer\"><\/div>\n\n\n\n<h2 class=\"wp-block-heading\">Programme \u00ab\u00a0Bourse de d\u00e9placement JE M\u2019AFFICHE!\u00a0\u00bb<\/h2>\n\n\n\n<div style=\"height:20px\" aria-hidden=\"true\" class=\"wp-block-spacer\"><\/div>\n\n\n\n<div class=\"wp-block-columns is-layout-flex wp-container-core-columns-is-layout-9d6595d7 wp-block-columns-is-layout-flex\">\n<div class=\"wp-block-column is-layout-flow wp-block-column-is-layout-flow\">\n<figure class=\"wp-block-image size-large is-style-default bnw\"><img loading=\"lazy\" decoding=\"async\" width=\"1400\" height=\"934\" src=\"https:\/\/qprn.ca\/wp-content\/uploads\/2021\/02\/RQRD-Je-maffiche_WEB_FR-1400x934.png\" alt=\"\" class=\"wp-image-4909\" title=\"bnw\" srcset=\"https:\/\/qprn.ca\/wp-content\/uploads\/2021\/02\/RQRD-Je-maffiche_WEB_FR-1400x934.png 1400w, https:\/\/qprn.ca\/wp-content\/uploads\/2021\/02\/RQRD-Je-maffiche_WEB_FR-700x467.png 700w, https:\/\/qprn.ca\/wp-content\/uploads\/2021\/02\/RQRD-Je-maffiche_WEB_FR-768x513.png 768w, https:\/\/qprn.ca\/wp-content\/uploads\/2021\/02\/RQRD-Je-maffiche_WEB_FR.png 1459w\" sizes=\"auto, (max-width: 1400px) 100vw, 1400px\" \/><\/figure>\n<\/div>\n\n\n\n<div class=\"wp-block-column is-vertically-aligned-center is-layout-flow wp-block-column-is-layout-flow\">\n<p>Le <strong>programme de bourse de d\u00e9placement<\/strong> vous permet d\u2019assister \u00e0 des congr\u00e8s qui touchent \u00e0 des th\u00e9matiques en lien avec la douleur ou des disciplines connexes.<\/p>\n\n\n\n<p><br>JE M\u2019AFFICHE! a pour but de soutenir les personnes \u00e9tudiantes dans leur formation, d\u2019augmenter leur visibilit\u00e9 et les nouvelles collaborations et de faire rayonner le Qu\u00e9bec.<\/p>\n\n\n\n<p><br>Le R\u00e9seau douleur offre 50 000 $ de bourses de congr\u00e8s annuellement.<\/p>\n\n\n\n<p class=\"Read-more\"><a href=\"https:\/\/qprn.ca\/programme-je-maffiche\/\" target=\"_blank\" rel=\"noreferrer noopener\"><strong>En savoir plus<\/strong><\/a><\/p>\n<\/div>\n<\/div>\n\n\n\n<div style=\"height:20px\" aria-hidden=\"true\" class=\"wp-block-spacer\"><\/div>\n\n\n\n<h2 class=\"wp-block-heading\">Programme \u00ab\u00a0\u00c9LARGIS TES HORIZONS\u00a0\u00bb<\/h2>\n\n\n\n<div style=\"height:20px\" aria-hidden=\"true\" class=\"wp-block-spacer\"><\/div>\n\n\n\n<div class=\"wp-block-columns is-layout-flex wp-container-core-columns-is-layout-9d6595d7 wp-block-columns-is-layout-flex\">\n<div class=\"wp-block-column is-layout-flow wp-block-column-is-layout-flow\">\n<figure class=\"wp-block-image size-large bnw\"><img decoding=\"async\" src=\"https:\/\/qprn.ca\/wp-content\/uploads\/2025\/09\/Elargis-tes-horizons.png\" alt=\"\" title=\"\"><\/figure>\n<\/div>\n\n\n\n<div class=\"wp-block-column is-vertically-aligned-center is-layout-flow wp-block-column-is-layout-flow\">\n<p>Le but de ce <strong>programme de bourse de stage<\/strong> est de soutenir les personnes \u00e9tudiantes gradu\u00e9es et les stagiaires en postdoctorat qui d\u00e9sirent se rendre dans un autre milieu pour y obtenir un <strong>compl\u00e9ment de formation de recherche sur la douleur<\/strong> dans un domaine pas ou peu d\u00e9velopp\u00e9 par les \u00e9quipes du Qu\u00e9bec.<\/p>\n\n\n\n<p><br>Le R\u00e9seau douleur offre jusqu\u2019\u00e0 10 000 $ par ann\u00e9e, premier arriv\u00e9 premier servi!<\/p>\n\n\n\n<p><strong><a href=\"https:\/\/qprn.ca\/programme-elargis-tes-horizons\/\" target=\"_blank\" rel=\"noreferrer noopener\">En savoir plus<\/a><\/strong><\/p>\n<\/div>\n<\/div>\n\n\n\n<div style=\"height:20px\" aria-hidden=\"true\" class=\"wp-block-spacer\"><\/div>\n\n\n\n<h2 class=\"wp-block-heading\">\u00c9cole Nord-Am\u00e9ricaine de la Douleur<\/h2>\n\n\n\n<div style=\"height:20px\" aria-hidden=\"true\" class=\"wp-block-spacer\"><\/div>\n\n\n\n<div class=\"wp-block-columns is-layout-flex wp-container-core-columns-is-layout-9d6595d7 wp-block-columns-is-layout-flex\">\n<div class=\"wp-block-column is-layout-flow wp-block-column-is-layout-flow\">\n<figure class=\"wp-block-image size-full bnw\"><a href=\"https:\/\/northamericanpainschool.com\/\" target=\"_blank\" rel=\" noreferrer noopener\"><img loading=\"lazy\" decoding=\"async\" width=\"700\" height=\"467\" src=\"https:\/\/qprn.ca\/wp-content\/uploads\/2025\/04\/Logo-NAPS.png\" alt=\"\" class=\"wp-image-17562\" title=\"\"><\/a><\/figure>\n<\/div>\n\n\n\n<div class=\"wp-block-column is-vertically-aligned-center is-layout-flow wp-block-column-is-layout-flow\">\n<p>L\u2019\u00c9cole Nord-Am\u00e9ricaine de la Douleur, ou la NAPS, r\u00e9unit des sp\u00e9cialistes de renom dans la recherche et la gestion de la douleur, afin de fournir une <strong>exp\u00e9rience \u00e9ducative et de r\u00e9seautage unique<\/strong> \u00e0 la prochaine g\u00e9n\u00e9ration de chercheurs et chercheuses en douleur.<\/p>\n\n\n\n<p>La programmation sera diff\u00e9rente chaque ann\u00e9e et r\u00e9unira 30 stagiaires, 6 chercheurs et chercheuses dynamiques de renomm\u00e9e internationale provenant d\u2019\u00e9tablissements \u00e0 travers le monde, le comit\u00e9 ex\u00e9cutif permanent de la NAPS, ainsi que deux personnes patientes partenaires et les repr\u00e9sentants des organismes partenaires pour un atelier intensif de quatre jours.<\/p>\n\n\n\n<p><a href=\"https:\/\/northamericanpainschool.com\/\" target=\"_blank\" rel=\"noreferrer noopener\"><strong>En savoir plus<\/strong><\/a><\/p>\n<\/div>\n<\/div>\n\n\n\n<div style=\"height:20px\" aria-hidden=\"true\" class=\"wp-block-spacer\"><\/div>\n\n\n\n<h2 class=\"wp-block-heading\">PROGRAMME DE FORMATION AUX DONN\u00c9ES ADMINISTRATIVES QU\u00c9B\u00c9COISES<\/h2>\n\n\n\n<div class=\"wp-block-columns is-layout-flex wp-container-core-columns-is-layout-9d6595d7 wp-block-columns-is-layout-flex\">\n<div class=\"wp-block-column is-layout-flow wp-block-column-is-layout-flow\">\n<figure class=\"wp-block-image size-full bnw\"><img loading=\"lazy\" decoding=\"async\" width=\"1280\" height=\"853\" src=\"https:\/\/qprn.ca\/wp-content\/uploads\/2025\/11\/big-data-7644538_1280.jpg\" alt=\"\" class=\"wp-image-19715\" title=\"\" srcset=\"https:\/\/qprn.ca\/wp-content\/uploads\/2025\/11\/big-data-7644538_1280.jpg 1280w, https:\/\/qprn.ca\/wp-content\/uploads\/2025\/11\/big-data-7644538_1280-700x467.jpg 700w, https:\/\/qprn.ca\/wp-content\/uploads\/2025\/11\/big-data-7644538_1280-768x512.jpg 768w\" sizes=\"auto, (max-width: 1280px) 100vw, 1280px\" \/><\/figure>\n<\/div>\n\n\n\n<div class=\"wp-block-column is-vertically-aligned-center is-layout-flow wp-block-column-is-layout-flow\">\n<p>Vous souhaitez <strong>comprendre les diff\u00e9rentes bases de donn\u00e9es m\u00e9dico-administratives qu\u00e9b\u00e9coises<\/strong> mais vous ne savez pas par o\u00f9 commencer? Le R\u00e9seau Douleur met \u00e0 votre disposition une formation pour se familiariser \u00e0 la gestion et \u00e0 l\u2019analyse de ces donn\u00e9es.<br>Les places sont limit\u00e9es.<\/p>\n\n\n\n<p><strong><a href=\"https:\/\/qprn.ca\/fr\/programme-de-formation-aux-donnees-administratives-quebecoises\/\" target=\"_blank\" rel=\"noreferrer noopener\">En savoir plus<\/a><\/strong><\/p>\n<\/div>\n<\/div>\n\n\n\n<p><\/p>\n","protected":false},"excerpt":{"rendered":"<p>Devenir membre du r\u00e9seau qu\u00e9b\u00e9cois des \u00e9tudiants-chercheurs sur la douleur Le RQECD a \u00e9t\u00e9 cr\u00e9\u00e9&#8230;<\/p>\n","protected":false},"author":2,"featured_media":0,"parent":37,"menu_order":0,"comment_status":"closed","ping_status":"closed","template":"","meta":{"_acf_changed":false,"footnotes":""},"class_list":["post-179","page","type-page","status-publish","hentry"],"acf":[],"_links":{"self":[{"href":"https:\/\/qprn.ca\/fr\/wp-json\/wp\/v2\/pages\/179","targetHints":{"allow":["GET"]}}],"collection":[{"href":"https:\/\/qprn.ca\/fr\/wp-json\/wp\/v2\/pages"}],"about":[{"href":"https:\/\/qprn.ca\/fr\/wp-json\/wp\/v2\/types\/page"}],"author":[{"embeddable":true,"href":"https:\/\/qprn.ca\/fr\/wp-json\/wp\/v2\/users\/2"}],"replies":[{"embeddable":true,"href":"https:\/\/qprn.ca\/fr\/wp-json\/wp\/v2\/comments?post=179"}],"version-history":[{"count":0,"href":"https:\/\/qprn.ca\/fr\/wp-json\/wp\/v2\/pages\/179\/revisions"}],"up":[{"embeddable":true,"href":"https:\/\/qprn.ca\/fr\/wp-json\/wp\/v2\/pages\/37"}],"wp:attachment":[{"href":"https:\/\/qprn.ca\/fr\/wp-json\/wp\/v2\/media?parent=179"}],"curies":[{"name":"wp","href":"https:\/\/api.w.org\/{rel}","templated":true}]}}