{"id":17756,"date":"2025-04-23T12:33:06","date_gmt":"2025-04-23T16:33:06","guid":{"rendered":"https:\/\/qprn.ca\/?page_id=17756"},"modified":"2025-06-02T03:22:41","modified_gmt":"2025-06-02T07:22:41","slug":"financement-conjoint-avec-lassociation-quebecoise-de-physiotherapie","status":"publish","type":"page","link":"https:\/\/qprn.ca\/fr\/financement-conjoint-avec-lassociation-quebecoise-de-physiotherapie\/","title":{"rendered":"Partenariat de recherche clinique AQP &#8211; RQRD 2025-2026"},"content":{"rendered":"\n<div style=\"height:20px\" aria-hidden=\"true\" class=\"wp-block-spacer\"><\/div>\n\n\n\n<h2 class=\"wp-block-heading\">Pr\u00e9sentation <\/h2>\n\n\n\n<p>L\u2019objectif principal de ce partenariat entre l\u2019Association qu\u00e9b\u00e9coise de la physioth\u00e9rapie (AQP) et le R\u00e9seau qu\u00e9b\u00e9cois de recherche sur la douleur (RQRD) est de promouvoir la pratique \u00e9rudite de la physioth\u00e9rapie en contexte de gestion de la douleur, en permettant aux physioth\u00e9rapeutes et aux technologues en physioth\u00e9rapie, membres de l\u2019AQP (et donc de l\u2019Association canadienne de physioth\u00e9rapie &#8211; ACP) et du RQRD d\u2019initier des projets novateurs avec un grand potentiel d\u2019impact. Ce partenariat vise principalement \u00e0 encourager le d\u00e9veloppement de projets dans le domaine de l\u2019accessibilit\u00e9 aux services de physioth\u00e9rapie et de l\u2019am\u00e9lioration de la qualit\u00e9 et du volume de services de physioth\u00e9rapie offerts \u00e0 la population du Qu\u00e9bec vivant avec la douleur.<\/p>\n\n\n\n<p>Ax\u00e9 sur la physioth\u00e9rapie et la douleur (aig\u00fce ou chronique), les projets financ\u00e9s devront s\u2019orienter sur des probl\u00e9matiques reli\u00e9es \u00e0 une des th\u00e9matiques suivantes : les structures organisationnelles et administratives du syst\u00e8me de sant\u00e9 qu\u00e9b\u00e9cois, les trajectoires de soins et services, les pratiques avanc\u00e9es en physioth\u00e9rapie, l\u2019am\u00e9lioration des outils de mesures et de suivis des patientes et des patients, la mise en place de nouveaux modes de prestation de service ou de nouvelles interventions. Mais, quelle que soit la th\u00e9matique abord\u00e9e, celle-ci doit clairement viser l\u2019am\u00e9lioration de l\u2019acc\u00e8s ou les interventions en physioth\u00e9rapie pour des population pr\u00e9sentant de la douleur. Les projets avec un potentiel d\u00e9montr\u00e9 pour mener \u00e0 l\u2019obtention de fonds de recherche externes seront privil\u00e9gi\u00e9s.<\/p>\n\n\n\n<p>Le partenariat AQP \u2014 RQRD contribuera \u00e0 atteindre potentiellement les objectifs suivants :<\/p>\n\n\n\n<ul class=\"wp-block-list\">\n<li>Contribuer \u00e0 une collaboration de recherche en douleur favorisant la recherche multicentrique et multidisciplinaire dans le domaine de la physioth\u00e9rapie, et ce, au niveau provincial ou national.<\/li>\n\n\n\n<li>Favoriser la reconnaissance de la physioth\u00e9rapie ainsi que l\u2019utilisation de tout son champ de pratique et son plein potentiel dans l\u2019offre de services en sant\u00e9 au Qu\u00e9bec.<\/li>\n\n\n\n<li>Soutenir les chercheuses et chercheurs avec une formation en physioth\u00e9rapie \u0153uvrant dans le domaine de la douleur et favoriser le d\u00e9veloppement d\u2019une expertise de pointe dans ce domaine.<\/li>\n\n\n\n<li>D\u00e9velopper des partenariats entre les organisations int\u00e9ress\u00e9es \u00e0 financer des secteurs strat\u00e9giques de la recherche en physioth\u00e9rapie dans le domaine de la douleur.<\/li>\n\n\n\n<li>Favoriser le transfert et l\u2019\u00e9change des connaissances ainsi que l\u2019appropriation et l\u2019utilisation des donn\u00e9es issues de la recherche par les personnes cliniciennes dans leur pratique quotidienne.<\/li>\n\n\n\n<li>Mettre en \u00e9vidence et communiquer les r\u00e9sultats de la recherche et ses retomb\u00e9es en physioth\u00e9rapie.<\/li>\n<\/ul>\n\n\n\n<div style=\"height:20px\" aria-hidden=\"true\" class=\"wp-block-spacer\"><\/div>\n\n\n\n<h2 class=\"wp-block-heading\">Crit\u00e8res d&rsquo;admissibilit\u00e9<\/h2>\n\n\n\n<ul class=\"wp-block-list\">\n<li>La personne demandeuse principale doit \u00eatre membre de l\u2019Association qu\u00e9b\u00e9coise de la physioth\u00e9rapie (AQP : <a href=\"https:\/\/www.aqp.quebec\/tarifs\/\" target=\"_blank\" rel=\"noreferrer noopener\">comment devenir membre<\/a>) depuis au moins 3 mois et membre r\u00e9guli\u00e8re du RQRD. Si la personne demandeuse principale n\u2019est pas membre du RQRD, elle doit pr\u00e9senter la demande avec une personne co-demandeuse principale membre du RQRD. \u00c0 l\u2019exception de la personne demandeuse principale, les personnes co-demandeuses ou collaboratrices peuvent provenir de l\u2019ext\u00e9rieur du Qu\u00e9bec.<\/li>\n\n\n\n<li>La personne demandeuse principale doit \u00eatre physioth\u00e9rapeute ou technologue en physioth\u00e9rapie, membre de l\u2019OPPQ. Le fait de d\u00e9tenir une ma\u00eetrise ou un doctorat de recherche sera consid\u00e9r\u00e9 comme un atout.<\/li>\n\n\n\n<li>L\u2019\u00e9quipe de recherche doit inclure des personnes affili\u00e9es \u00e0 au moins deux universit\u00e9s, milieux cliniques ou centres de recherche. La personne demandeuse principale repr\u00e9sentera l\u2019\u00e9quipe de recherche et sera le contact pour les communications futures.<\/li>\n\n\n\n<li>Dans le cadre de ce concours, la personne demandeuse principale peut soumettre une seule demande en tant que demandeuse principale et peut, en plus, agir \u00e0 titre de personne co- demandeuse sur une seconde demande. Au total, les personnes demandeuses et co- demandeuses peuvent donc \u00eatre impliqu\u00e9s dans un maximum de deux demandes pour ce pr\u00e9sent concours.<\/li>\n\n\n\n<li>Une personne actuellement d\u00e9tentrice d\u2019une subvention de recherche de l\u2019AQP ne peut pr\u00e9senter une seconde demande \u00e0 titre de personne demandeuse principale pendant la dur\u00e9e de la subvention.<\/li>\n\n\n\n<li>Le projet doit s\u2019arrimer avec un des objectifs strat\u00e9giques de l\u2019AQP qui vise un meilleur acc\u00e8s et l\u2019am\u00e9lioration de la qualit\u00e9 et du volume de services de physioth\u00e9rapie offerts \u00e0 la population qu\u00e9b\u00e9coise (plan strat\u00e9gique de l\u2019AQP).<\/li>\n\n\n\n<li>L\u2019\u00e9quipe de recherche doit d\u00e9montrer que le projet soumis a clairement un caract\u00e8re novateur qui le distingue des autres projets en cours men\u00e9s par les membres de l\u2019\u00e9quipe de recherche qui soumettent la demande.<\/li>\n<\/ul>\n\n\n\n<div style=\"height:20px\" aria-hidden=\"true\" class=\"wp-block-spacer\"><\/div>\n\n\n\n<h2 class=\"wp-block-heading\">Crit\u00e8res d&rsquo;\u00e9valuation scientifique<\/h2>\n\n\n\n<p>Les d\u00e9cisions d\u2019octroi seront bas\u00e9es sur les crit\u00e8res suivants :<\/p>\n\n\n\n<ul class=\"wp-block-list\">\n<li>Le projet doit \u00eatre clairement articul\u00e9 ;<\/li>\n\n\n\n<li>La d\u00e9monstration qu\u2019une \u00e9quipe poss\u00e8de une compl\u00e9mentarit\u00e9 des expertises cliniques et de recherche maximisant la r\u00e9ussite du projet, que l\u2019\u00e9quipe soit nouvelle ou d\u00e9j\u00e0 \u00e9tablie ;<\/li>\n\n\n\n<li>La qualit\u00e9 scientifique du projet (m\u00e9thodologie)<\/li>\n\n\n\n<li>La pertinence du projet par rapport au programme et aux orientations de recherche pr\u00e9c\u00e9demment identifi\u00e9es ;<\/li>\n\n\n\n<li>La faisabilit\u00e9 du projet : ressources physiques, humaines et mat\u00e9rielles, \u00e9ch\u00e9ancier, budget ;<\/li>\n\n\n\n<li>La d\u00e9monstration de retomb\u00e9es potentielles sur l\u2019acc\u00e8s, la qualit\u00e9 et le volume des soins et services, la pratique clinique et les services offerts en douleur ainsi que le potentiel pour mener \u00e0 l\u2019obtention de fonds externes ;<\/li>\n\n\n\n<li>La qualit\u00e9 du plan de transfert et d\u2019appropriation des connaissances.<\/li>\n<\/ul>\n\n\n\n<div style=\"height:20px\" aria-hidden=\"true\" class=\"wp-block-spacer\"><\/div>\n\n\n\n<h2 class=\"wp-block-heading\">Pr\u00e9sentation des demandes<\/h2>\n\n\n\n<p>La soumission des candidatures se fait en ligne via le lien \u00ab Soumettre ma demande \u00bb au bas de cette page. Une confirmation vous sera envoy\u00e9e lors de la r\u00e9ception de votre dossier. Si aucune confirmation ne vous parvient apr\u00e8s 48 heures, veuillez communiquer avec l\u2019\u00e9quipe de coordination du RQRD (&#x67;&#101;s&#x74;&#105;o&#x6e;&#64;q&#x70;&#x72;&#110;&#x2e;&#x63;&#97;).<\/p>\n\n\n\n<ul class=\"wp-block-list\">\n<li>Probl\u00e9matique (150 mots) ;<\/li>\n\n\n\n<li>Objectifs et hypoth\u00e8ses (s\u2019il y a lieu) (150 mots) ;<\/li>\n\n\n\n<li>M\u00e9thodologie (1200 mots) ;<\/li>\n\n\n\n<li>Pertinence scientifique, clinique et\/ou sociale (150 mots) ;<\/li>\n\n\n\n<li>Strat\u00e9gies appliqu\u00e9es afin de privil\u00e9gier l\u2019\u00e9quit\u00e9, la diversit\u00e9 et l\u2019inclusion (150 mots)<\/li>\n\n\n\n<li>Un budget justifi\u00e9 (Fichier \u00e0 joindre) qui ne peut pas inclure de salaire \u00e9tudiant (un compl\u00e9ment de bourse est autoris\u00e9 seulement, ex: un \u00e9tudiant engag\u00e9 pour une seule session) ;<\/li>\n\n\n\n<li>Information sur le statut \u00e9thique du projet (si disponible) ;<\/li>\n\n\n\n<li>Le CV commun canadien au format \u00ab CV ABR\u00c9G\u00c9 DES IRSC \u00bb de chacun des chercheurs impliqu\u00e9s dans le projet ;<\/li>\n\n\n\n<li>Le format des r\u00e9f\u00e9rences dans le texte est libre. Une table des r\u00e9f\u00e9rences et des figures peut \u00eatre ajout\u00e9e en fichier attach\u00e9 dans la section \u00ab Autres documents \u00bb.<\/li>\n<\/ul>\n\n\n\n<p>Les \u00e9quipes de recherche sont invit\u00e9es \u00e0 consid\u00e9rer les points suivants :<\/p>\n\n\n\n<ul class=\"wp-block-list\">\n<li>L\u2019\u00e9quipe de recherche peut inclure la participation de la rel\u00e8ve (\u00e9tudiantes ou \u00e9tudiants du premier cycle jusqu\u2019au niveau postdoctoral) et\/ou de personnes cliniciennes.<\/li>\n\n\n\n<li>Dans le cas d\u2019un projet pilote, il devrait repr\u00e9senter une opportunit\u00e9 de formation \u00e0 la recherche pour des \u00e9tudiant(e)s ou stagiaires postdoctoraux(-rales) et \u00eatre un moyen permettant de produire des donn\u00e9es pour un projet de plus grande envergure en vue d\u2019une demande de subvention aupr\u00e8s d\u2019un organisme subventionnaire clairement identifi\u00e9.<\/li>\n\n\n\n<li>D\u00e9montrer le caract\u00e8re novateur du projet qui ne soit donc pas un sous-projet ou la continuit\u00e9 d\u2019un projet d\u00e9j\u00e0 en cours.<\/li>\n<\/ul>\n\n\n\n<div style=\"height:20px\" aria-hidden=\"true\" class=\"wp-block-spacer\"><\/div>\n\n\n\n<h2 class=\"wp-block-heading\">Processus d&rsquo;\u00c9valuation<\/h2>\n\n\n\n<p>Les demandes seront \u00e9valu\u00e9es par un comit\u00e9 bipartite compos\u00e9 de repr\u00e9sentants de l\u2019AQP et du RQRD, deux organismes partenaires. Ce comit\u00e9 si\u00e8ge de fa\u00e7on ad hoc.<br>L\u2019admissibilit\u00e9 de la candidature sera d\u00e9termin\u00e9e par les personnes repr\u00e9sentantes des organismes partenaires et non par les membres du comit\u00e9 bipartite. Les demandes achemin\u00e9es au comit\u00e9 bipartite seront toutes admissibles.<\/p>\n\n\n\n<p>Le comit\u00e9 d\u2019\u00e9valuation est compos\u00e9 de trois (3) personnes, dont une (1) membre de l\u2019AQP et deux (2) membres r\u00e9guliers du RQRD qui sont physioth\u00e9rapeutes ou technologue en physioth\u00e9rapie. Le choix de la personne membre de l\u2019AQP si\u00e9geant \u00e0 ce comit\u00e9 devra avoir \u00e9t\u00e9 approuv\u00e9 par le comit\u00e9 ex\u00e9cutif de l\u2019AQP.<\/p>\n\n\n\n<p>Le comit\u00e9 achemine sa recommandation de financement au conseil d\u2019administration de l\u2019AQP et au comit\u00e9 de direction du RQRD qui attribuent le financement. Le RQRD aura la charge de transf\u00e9rer l\u2019octroi \u00e0 la personne demandeuse.<\/p>\n\n\n\n<div style=\"height:20px\" aria-hidden=\"true\" class=\"wp-block-spacer\"><\/div>\n\n\n\n<h2 class=\"wp-block-heading\">Montant de la subvention<\/h2>\n\n\n\n<ul class=\"wp-block-list\">\n<li>Le montant maximal du partenariat AQP \u2014 RQRD est de 30 000 $. Toutefois, l\u2019\u00e9quipe de recherche peut pr\u00e9senter un budget sup\u00e9rieur \u00e0 30 000 $ en pr\u00e9sentant une preuve attestant qu\u2019elle d\u00e9tient le financement suppl\u00e9mentaire.<\/li>\n\n\n\n<li>Le budget soumis doit respecter les r\u00e8gles d\u2019admissibilit\u00e9 et de non-admissibilit\u00e9 des d\u00e9penses du FRQ.<\/li>\n\n\n\n<li>La dur\u00e9e maximale du projet est de deux (2) ans, d\u00e9butant \u00e0 la date du versement de la subvention, sans possibilit\u00e9 de prolongation sauf pour des raisons exceptionnelles qui devront \u00eatre clairement pr\u00e9sent\u00e9es au moins six (6) mois avant la fin pr\u00e9vue du projet.<\/li>\n\n\n\n<li>Les fonds non utilis\u00e9s au terme de l\u2019\u00e9tude seront retourn\u00e9s \u00e0 chacun des organismes subventionnaires (AQP, RQRD).<\/li>\n<\/ul>\n\n\n\n<div style=\"height:20px\" aria-hidden=\"true\" class=\"wp-block-spacer\"><\/div>\n\n\n\n<h2 class=\"wp-block-heading\">Engagement de la personne r\u00e9cipiendaire<\/h2>\n\n\n\n<ul class=\"wp-block-list\">\n<li>La r\u00e9daction d\u2019un r\u00e9sum\u00e9 d\u2019une page des r\u00e9sultats obtenus sera exig\u00e9e et pourra \u00eatre publi\u00e9e dans la revue Physio Canada et sur le site Web de l\u2019AQP ou par un autre mode de diffusion. L\u2019\u00e9quipe pourra \u00eatre sollicit\u00e9e pour pr\u00e9senter ses r\u00e9sultats dans un \u00e9v\u00e9nement de l\u2019AQP.<\/li>\n\n\n\n<li>Identifier les sources de financement (organismes subventionnaires : AQP et RQRD) lors de pr\u00e9sentations ou de publications des r\u00e9sultats du projet subventionn\u00e9.<\/li>\n\n\n\n<li>R\u00e9aliser le projet dans les 24 mois (deux ans) suivant le versement de la subvention sans possibilit\u00e9 de prolongation sauf pour des raisons exceptionnelles, comme pr\u00e9cis\u00e9es dans la section pr\u00e9c\u00e9dente.<\/li>\n\n\n\n<li>D\u00e9poser un rapport de progression 2 ans apr\u00e8s le d\u00e9but de la subvention, puis une mise \u00e0 jour 4 ans apr\u00e8s le d\u00e9but de la subvention. Un lien sera envoy\u00e9 \u00e0 la personne r\u00e9cipiendaire ainsi que toutes les informations concernant le contenu souhait\u00e9.<\/li>\n\n\n\n<li>La personne r\u00e9cipiendaire et les membres de l\u2019\u00e9quipe de recherche s\u2019impliqueront dans les activit\u00e9s du RQRD lorsqu\u2019ils seront sollicit\u00e9s.<\/li>\n\n\n\n<li>La personne r\u00e9cipiendaire agira \u00e0 titre de membre \u00e9valuateur pour l\u2019appel de propositions de 2026-2027.<\/li>\n<\/ul>\n\n\n\n<div style=\"height:20px\" aria-hidden=\"true\" class=\"wp-block-spacer\"><\/div>\n\n\n\n<h2 class=\"wp-block-heading\">Date limite de soumission des demandes pour l&rsquo;ann\u00e9e 2025-2026<\/h2>\n\n\n\n<p><strong>Les demandes doivent \u00eatre soumises \u00e9lectroniquement dans l\u2019extranet du RQRD (soumission en ligne) au plus tard le 1er juin 2025.<\/strong><br>Pour toutes questions ou informations, vous pouvez contacter H\u00e9l\u00e8ne Beaudry, directrice ex\u00e9cutive du RQRD, par courriel (h&#101;&#x6c;&#x65;&#x6e;e&#46;&#x62;&#x65;&#x61;u&#100;&#x72;&#x79;&#x40;q&#112;&#x72;&#x6e;&#x2e;c&#97;).<\/p>\n\n\n\n<div style=\"height:20px\" aria-hidden=\"true\" class=\"wp-block-spacer\"><\/div>\n\n\n\n<div class=\"wp-block-buttons is-content-justification-center is-layout-flex wp-container-core-buttons-is-layout-16018d1d wp-block-buttons-is-layout-flex\">\n<div class=\"wp-block-button\"><a class=\"wp-block-button__link wp-element-button\">Soumettre ma demande<\/a><\/div>\n<\/div>\n\n\n\n<p><\/p>\n","protected":false},"excerpt":{"rendered":"<p>Pr\u00e9sentation L\u2019objectif principal de ce partenariat entre l\u2019Association qu\u00e9b\u00e9coise de la physioth\u00e9rapie (AQP) et le&#8230;<\/p>\n","protected":false},"author":3,"featured_media":0,"parent":0,"menu_order":0,"comment_status":"closed","ping_status":"closed","template":"","meta":{"_acf_changed":false,"footnotes":""},"class_list":["post-17756","page","type-page","status-publish","hentry"],"acf":[],"_links":{"self":[{"href":"https:\/\/qprn.ca\/fr\/wp-json\/wp\/v2\/pages\/17756","targetHints":{"allow":["GET"]}}],"collection":[{"href":"https:\/\/qprn.ca\/fr\/wp-json\/wp\/v2\/pages"}],"about":[{"href":"https:\/\/qprn.ca\/fr\/wp-json\/wp\/v2\/types\/page"}],"author":[{"embeddable":true,"href":"https:\/\/qprn.ca\/fr\/wp-json\/wp\/v2\/users\/3"}],"replies":[{"embeddable":true,"href":"https:\/\/qprn.ca\/fr\/wp-json\/wp\/v2\/comments?post=17756"}],"version-history":[{"count":0,"href":"https:\/\/qprn.ca\/fr\/wp-json\/wp\/v2\/pages\/17756\/revisions"}],"wp:attachment":[{"href":"https:\/\/qprn.ca\/fr\/wp-json\/wp\/v2\/media?parent=17756"}],"curies":[{"name":"wp","href":"https:\/\/api.w.org\/{rel}","templated":true}]}}