{"id":177,"date":"2019-07-29T11:56:26","date_gmt":"2019-07-29T15:56:26","guid":{"rendered":"https:\/\/qprn.ca\/?page_id=177"},"modified":"2026-03-17T10:41:31","modified_gmt":"2026-03-17T14:41:31","slug":"chercheurs","status":"publish","type":"page","link":"https:\/\/qprn.ca\/fr\/nos-solutions\/chercheurs\/","title":{"rendered":"Pour les chercheurs"},"content":{"rendered":"\n<div class=\"wp-block-columns is-layout-flex wp-container-core-columns-is-layout-9d6595d7 wp-block-columns-is-layout-flex\">\n<div class=\"wp-block-column is-layout-flow wp-block-column-is-layout-flow\">\n<figure class=\"wp-block-image size-full\"><a href=\"https:\/\/guau4.r.sp1-brevo.net\/mk\/mr\/sh\/6rqJ8GoudeITQdhsSiQSEoNeb0r\/dkLqckX8ZDMg\" target=\"_blank\" rel=\" noreferrer noopener\"><img loading=\"lazy\" decoding=\"async\" width=\"700\" height=\"467\" src=\"https:\/\/qprn.ca\/wp-content\/uploads\/2026\/02\/Subvention-FR-2026-02-05.png\" alt=\"\" class=\"wp-image-20216\" title=\"\"><\/a><\/figure>\n<\/div>\n\n\n\n<div class=\"wp-block-column is-layout-flow wp-block-column-is-layout-flow\">\n<figure class=\"wp-block-image size-full\"><a href=\"https:\/\/qprn.ca\/fr\/projets-pilotes\/\" target=\"_blank\" rel=\"noreferrer noopener\"><img loading=\"lazy\" decoding=\"async\" width=\"700\" height=\"467\" src=\"https:\/\/qprn.ca\/wp-content\/uploads\/2024\/12\/Pilotes-FR-3.png\" alt=\"\" class=\"wp-image-16584\" title=\"\"><\/a><\/figure>\n<\/div>\n\n\n\n<div class=\"wp-block-column is-layout-flow wp-block-column-is-layout-flow\">\n<figure class=\"wp-block-image size-full\"><a href=\"https:\/\/qprn.ca\/fr\/portail-recrutement\/\" target=\"_blank\" rel=\"noreferrer noopener\"><img loading=\"lazy\" decoding=\"async\" width=\"700\" height=\"467\" src=\"https:\/\/qprn.ca\/wp-content\/uploads\/2024\/07\/Images-website49.png\" alt=\"\" class=\"wp-image-15506\" title=\"\"><\/a><\/figure>\n<\/div>\n<\/div>\n\n\n\n<div style=\"height:30px\" aria-hidden=\"true\" class=\"wp-block-spacer\"><\/div>\n\n\n\n<h2 class=\"wp-block-heading\">consortiums et plateformes techniques<\/h2>\n\n\n\n<h3 class=\"wp-block-heading\">Nos consortiums <\/h3>\n\n\n\n<p>Les membres du RQRD ont un r\u00f4le cl\u00e9 dans des organisations provinciales, nationales et internationales, ainsi que dans des consortiums multidisciplinaires visant \u00e0 r\u00e9duire le fardeau de la douleur persistante. Le plan d&rsquo;action strat\u00e9gique du RQRD est organis\u00e9 en <strong>5 consortiums multidisciplinaires<\/strong> (\u00e9galement appel\u00e9es axes th\u00e9matiques). Ceux-ci sont centr\u00e9s sur les domaines cruciaux de la recherche biom\u00e9dicale et \/ ou clinique. En vous basant sur vos int\u00e9r\u00eats de recherche, \u00eatre membre du RQRD vous donne la possibilit\u00e9 de rejoindre les consortiums multidisicplinaires:<\/p>\n\n\n\n<div class=\"wp-block-columns is-layout-flex wp-container-core-columns-is-layout-9d6595d7 wp-block-columns-is-layout-flex\">\n<div class=\"wp-block-column is-layout-flow wp-block-column-is-layout-flow\">\n<figure class=\"wp-block-image size-large\"><img decoding=\"async\" src=\"https:\/\/qprn.ca\/wp-content\/uploads\/2025\/03\/FR-Consortiums-strategiques.png\" alt=\"\" title=\"\"><\/figure>\n<\/div>\n\n\n\n<div class=\"wp-block-column is-layout-flow wp-block-column-is-layout-flow\">\n<p>Efficacit\u00e9 et s\u00e9curit\u00e9 des approches th\u00e9rapeutiques<br>Th\u00e9rapies et les approches \u00e9co-bio-psycho-sociales<br>Pr\u00e9vention de la douleur et la sant\u00e9 durable pour toutes et tous<br>Continuum et trajectoires de soins en douleur<br>Sant\u00e9 des personnes v\u00e9t\u00e9ranes vivant avec la douleur chronique<\/p>\n\n\n\n<p><a href=\"https:\/\/qprn.ca\/fr\/notre-mission\/#initiatives\" target=\"_blank\" rel=\"noreferrer noopener\"><strong>En savoir plus<\/strong><\/a><\/p>\n<\/div>\n<\/div>\n\n\n\n<div style=\"height:20px\" aria-hidden=\"true\" class=\"wp-block-spacer\"><\/div>\n\n\n\n<h3 class=\"wp-block-heading\">Nos plateformes et services<\/h3>\n\n\n\n<p>Le RQRD comprend \u00e9galement <strong>5 plateformes techniques<\/strong>  (PT) (\u00e9galement appel\u00e9es axes structurants ou ressources communes) \u00e0 l&rsquo;appui des cinq initiatives strat\u00e9giques, afin de fournir des  services et des ressources techniques de haute qualit\u00e9 aux membres: <\/p>\n\n\n\n<div class=\"wp-block-columns is-layout-flex wp-container-core-columns-is-layout-9d6595d7 wp-block-columns-is-layout-flex\">\n<div class=\"wp-block-column is-vertically-aligned-center is-layout-flow wp-block-column-is-layout-flow\">\n<figure class=\"wp-block-image size-full\"><img loading=\"lazy\" decoding=\"async\" width=\"700\" height=\"467\" src=\"https:\/\/qprn.ca\/wp-content\/uploads\/2025\/12\/image-1.png\" alt=\"\" class=\"wp-image-19754\" title=\"\"><\/figure>\n<\/div>\n\n\n\n<div class=\"wp-block-column is-layout-flow wp-block-column-is-layout-flow\">\n<p><strong>PT 1: Outils mol\u00e9culaires et imagerie cellulaire<br><\/strong><a href=\"https:\/\/cervo.ulaval.ca\/fr\/plateforme-doutils-moleculaires-pom\" target=\"_blank\" rel=\"noreferrer noopener\">Service outils mol\u00e9culaires<\/a><\/p>\n\n\n\n<p><strong>PT 2: Plate-forme de ph\u00e9notypage comportemental<br><\/strong><a href=\"https:\/\/www.mcgill.ca\/abc-platform\/\" target=\"_blank\" rel=\"noreferrer noopener\">Service Ph\u00e9notype pr\u00e9clinique Montr\u00e9al<br><\/a><a href=\"https:\/\/www.usherbrooke.ca\/ips\/en\/platforms\/preclinical-phenotyping\" target=\"_blank\" rel=\"noreferrer noopener\">Service Ph\u00e9notype pr\u00e9clinique Sherbrooke (in English only)<\/a><\/p>\n\n\n\n<p><strong>PT 3: Plateforme d&rsquo;imagerie multimodale du cerveau et de la colonne vert\u00e9brale<br><\/strong><a href=\"https:\/\/qprn.ca\/fr\/service-imagerie\/\" target=\"_blank\" rel=\"noreferrer noopener\">Service Imagerie<\/a><\/p>\n\n\n\n<p><strong>PT 4: Analyse g\u00e9n\u00e9tique et g\u00e9nomique<br><\/strong><a href=\"&#109;&#x61;&#105;&#x6c;&#116;&#x6f;:&#x69;n&#x66;o&#64;&#x71;&#112;&#x72;&#110;&#x2e;&#99;&#x61;?subject=RQRD_Service%20Analyse%20g\u00e9n\u00e9tique\/g\u00e9nomique\" target=\"_blank\" rel=\"noreferrer noopener\">Service Analyse g\u00e9n\u00e9tique\/g\u00e9nomique<br><\/a><a href=\"mailto:i&#110;&#102;&#111;&#64;&#113;&#112;&#114;&#110;&#46;&#99;&#x61;?subject=RQRD_Service%20Donn\u00e9es%20biobanque\" target=\"_blank\" rel=\"noreferrer noopener\">Service Donn\u00e9es biobanque<\/a><\/p>\n\n\n\n<p><strong>PT 5: Plateforme de recherche ax\u00e9e sur les patient(e)s<br><\/strong><a href=\"https:\/\/www.gerermadouleur.ca\/\" target=\"_blank\" rel=\"noreferrer noopener\">Service G\u00e9rer ma douleur<br><\/a><a href=\"https:\/\/quebecpainregistry.com\/\" target=\"_blank\" rel=\"noreferrer noopener\">Service Registre Qu\u00e9bec douleur<br><\/a><a href=\"https:\/\/qprn.ca\/fr\/portail-recrutement\/\" target=\"_blank\" rel=\"noreferrer noopener\">Service Portail recrutement<br><\/a><a href=\"https:\/\/qprn.ca\/fr\/services-dimplementation-de-cohorte\/\" target=\"_blank\" rel=\"noreferrer noopener\">Service Consortium douleur lombaire<\/a><br><a href=\"https:\/\/qprn.ca\/fr\/services-dimplementation-de-cohorte\/\" target=\"_blank\" rel=\"noreferrer noopener\">Service Cohorte COPE et COPE-V<\/a><br><a href=\"https:\/\/qprn.ca\/fr\/programme-de-formation-aux-donnees-administratives-quebecoises\/\" target=\"_blank\" rel=\"noreferrer noopener\">Programme de formation aux donn\u00e9es administratives qu\u00e9b\u00e9coises<br><\/a><a href=\"https:\/\/qprn.ca\/fr\/service-compendium-de-questionnaires-valides-adaptes-en-francais-canadien\/\" target=\"_blank\" rel=\"noreferrer noopener\">Service Compendium de questionnaires adapt\u00e9s et valid\u00e9s en fran\u00e7ais canadien<\/a><\/p>\n\n\n\n<p><a href=\"https:\/\/qprn.ca\/fr\/nos-solutions\/#plateformes\" target=\"_blank\" rel=\"noreferrer noopener\"><strong>En savoir plus<\/strong><\/a><\/p>\n<\/div>\n<\/div>\n\n\n\n<div style=\"height:20px\" aria-hidden=\"true\" class=\"wp-block-spacer\"><\/div>\n\n\n\n<h2 class=\"wp-block-heading\">Programme acc\u00e8s registre<\/h2>\n\n\n\n<p>Les membres du RQRD pourront b\u00e9n\u00e9ficier du programme d&rsquo;acc\u00e8s au Registre Qu\u00e9bec douleur pour une analyse pr\u00e9liminaire de leurs besoins en vue de la pr\u00e9paration d&rsquo;une demande de fonds.<\/p>\n\n\n\n<p>L&rsquo;enveloppe maximale pr\u00e9vue pour ce programme est de 20 000$, avec un maximum de 1 500$ par requ\u00eate. Le programme est bas\u00e9 sur un syst\u00e8me de \u00ab\u00a0pr\u00eat remboursable\u00a0\u00bb. <\/p>\n\n\n\n<p><a href=\"https:\/\/qprn.ca\/fr\/programme-acces-registre\/\"><strong>En savoir plus<\/strong><\/a> <\/p>\n\n\n\n<div style=\"height:20px\" aria-hidden=\"true\" class=\"wp-block-spacer\"><\/div>\n\n\n\n<div style=\"height:20px\" aria-hidden=\"true\" class=\"wp-block-spacer\"><\/div>\n\n\n\n<h2 class=\"wp-block-heading\">Programme conf\u00e9rencier invit\u00e9<\/h2>\n\n\n\n<p>Vise \u00e0 supporter les membres du RQRD qui d\u00e9sirent inviter des chercheurs ou chercheuses internationalement reconnu.e.s \u00e0 venir pr\u00e9senter des aspects innovants de leur programme de recherche.<\/p>\n\n\n\n<ul class=\"wp-block-list\">\n<li>5 enveloppes disponibles par ann\u00e9e financi\u00e8re (avril \u00e0 mars).<\/li>\n\n\n\n<li>2 000 $ maximum par conf\u00e9rencier ou conf\u00e9renci\u00e8re invit\u00e9.e, la balance est assur\u00e9e par les groupes qui invitent.<\/li>\n\n\n\n<li>Le conf\u00e9rencier ou la conf\u00e9renci\u00e8re doit pr\u00e9senter sur un minimum de 2 sites lors de sa visite, et ce dans deux villes diff\u00e9rentes (i.e. par exemple 2 universit\u00e9s ou centres de recherche \u00e0 Montr\u00e9al seraient consid\u00e9r\u00e9s comme 1 seul site. Il faudrait que le conf\u00e9rencier se d\u00e9place \u00e9galement par exemple \u00e0 Qu\u00e9bec pour \u00eatre admissible). <\/li>\n\n\n\n<li>Le RQRD doit \u00eatre reconnu comme partenaire principal pour la tenue de la conf\u00e9rence (logos disponibles sur demande). <\/li>\n<\/ul>\n\n\n\n<p><a href=\"https:\/\/qprn.ca\/programme-conferencier-invite\/\"><strong>En savoir plus<\/strong><\/a><\/p>\n\n\n\n<div style=\"height:20px\" aria-hidden=\"true\" class=\"wp-block-spacer\"><\/div>\n\n\n\n<h2 class=\"wp-block-heading\">Programme soutien d\u2019\u00e9v\u00e8nement<\/h2>\n\n\n\n<p>Les membres du RQRD impliqu\u00e9.e.s dans le comit\u00e9 d\u2019organisation d\u2019un \u00e9v\u00e8nement autour du th\u00e8me de la douleur peuvent s\u2019adresser au comit\u00e9 de gestion pour faire une demande de soutien financier. Ce soutien vise \u00e0 stimuler le r\u00e9seautage ainsi que la visibilit\u00e9 des initiatives de nos membres.<\/p>\n\n\n\n<p>Le soutien maximal possible d\u00e9pendra de l\u2019envergure de l\u2019\u00e9v\u00e8nement&nbsp;:<\/p>\n\n\n\n<ul class=\"wp-block-list\">\n<li>Provincial&nbsp;: 1000$<\/li>\n\n\n\n<li>National&nbsp;: 2500$<\/li>\n\n\n\n<li>International&nbsp;: 5000$ (des conditions s\u2019appliquent)<\/li>\n<\/ul>\n\n\n\n<p><a href=\"https:\/\/qprn.ca\/fr\/programme-soutien-devenement\/\"><strong>En savoir plus<\/strong><\/a><\/p>\n\n\n\n<div style=\"height:20px\" aria-hidden=\"true\" class=\"wp-block-spacer\"><\/div>\n\n\n\n<h2 class=\"wp-block-heading\">Soutien \u00e0 la vulgarisation<\/h2>\n\n\n\n<p>Le RQRD vous aide dans la vulgarisation et la diffusion de votre recherche et de ses r\u00e9sultats. Veuillez nous contacter \u00e0 &#x69;&#x6e;&#102;o&#x40;&#x71;&#x70;&#114;n&#x2e;&#x63;&#x61; si vous \u00eates \u00e0 la recherche de soutien pour la cr\u00e9ation de mat\u00e9riel vulgaris\u00e9. Vous pouvez \u00e9galement publier vos r\u00e9sultats dans la rubrique \u00ab\u00a0<a href=\"https:\/\/qprn.ca\/fr\/publications\/?_sft_category=publications-vulgarisees\" target=\"_blank\" rel=\"noreferrer noopener\">Publications vulgaris\u00e9es<\/a>\u00a0\u00bb de notre site en remplissant ce <a href=\"https:\/\/qprn.ca\/fr\/suggestion-de-publication\/\">formulaire<\/a>.<\/p>\n\n\n\n<div style=\"height:20px\" aria-hidden=\"true\" class=\"wp-block-spacer\"><\/div>\n\n\n\n<h2 class=\"wp-block-heading\">Programme de Projets pilotes<\/h2>\n\n\n\n<div class=\"wp-block-columns is-layout-flex wp-container-core-columns-is-layout-9d6595d7 wp-block-columns-is-layout-flex\">\n<div class=\"wp-block-column is-layout-flow wp-block-column-is-layout-flow\">\n<figure class=\"wp-block-image size-large\"><img loading=\"lazy\" decoding=\"async\" width=\"1400\" height=\"934\" src=\"https:\/\/qprn.ca\/wp-content\/uploads\/2021\/04\/RQRD-projets-pilotes-FRweb-1400x934.png\" alt=\"\" class=\"wp-image-5672\" title=\"\" srcset=\"https:\/\/qprn.ca\/wp-content\/uploads\/2021\/04\/RQRD-projets-pilotes-FRweb-1400x934.png 1400w, https:\/\/qprn.ca\/wp-content\/uploads\/2021\/04\/RQRD-projets-pilotes-FRweb-700x467.png 700w, https:\/\/qprn.ca\/wp-content\/uploads\/2021\/04\/RQRD-projets-pilotes-FRweb-768x512.png 768w, https:\/\/qprn.ca\/wp-content\/uploads\/2021\/04\/RQRD-projets-pilotes-FRweb-1536x1025.png 1536w, https:\/\/qprn.ca\/wp-content\/uploads\/2021\/04\/RQRD-projets-pilotes-FRweb-2048x1367.png 2048w\" sizes=\"auto, (max-width: 1400px) 100vw, 1400px\" \/><\/figure>\n<\/div>\n\n\n\n<div class=\"wp-block-column is-layout-flow wp-block-column-is-layout-flow\">\n<p>Ce programme sert \u00e0 initier et promouvoir un aspect innovateur et non subventionn\u00e9 de la recherche scientifique des membres du RQRD. Les chercheurs et chercheuses pourront v\u00e9rifier la faisabilit\u00e9 d\u2019un concept innovateur en obtenant des donn\u00e9es pr\u00e9liminaires qui permettront la pr\u00e9paration d\u2019une demande de subvention \u00e0 une des agences de financement reconnues.<\/p>\n\n\n\n<p>Le RQRD offre une enveloppe totale de 100 000$ de financement et un montant maximal de 25 000$ peut \u00eatre attribu\u00e9 par projet.<\/p>\n\n\n\n<p><strong><a href=\"https:\/\/qprn.ca\/fr\/projets-pilotes\/\">En savoir plus<\/a><\/strong><\/p>\n<\/div>\n<\/div>\n\n\n\n<div style=\"height:20px\" aria-hidden=\"true\" class=\"wp-block-spacer\"><\/div>\n\n\n\n<h2 class=\"wp-block-heading\">portail de diffusion de la recherche<\/h2>\n\n\n\n<div style=\"height:20px\" aria-hidden=\"true\" class=\"wp-block-spacer\"><\/div>\n\n\n\n<div class=\"wp-block-columns is-layout-flex wp-container-core-columns-is-layout-9d6595d7 wp-block-columns-is-layout-flex\">\n<div class=\"wp-block-column is-layout-flow wp-block-column-is-layout-flow\">\n<figure class=\"wp-block-image size-large bnw\"><img loading=\"lazy\" decoding=\"async\" width=\"1400\" height=\"934\" src=\"https:\/\/qprn.ca\/wp-content\/uploads\/2021\/07\/Final-Liste-de-diffusion-RQRD-1400x934.png\" alt=\"\" class=\"wp-image-6231\" title=\"\" srcset=\"https:\/\/qprn.ca\/wp-content\/uploads\/2021\/07\/Final-Liste-de-diffusion-RQRD-1400x934.png 1400w, https:\/\/qprn.ca\/wp-content\/uploads\/2021\/07\/Final-Liste-de-diffusion-RQRD-700x467.png 700w, https:\/\/qprn.ca\/wp-content\/uploads\/2021\/07\/Final-Liste-de-diffusion-RQRD-768x512.png 768w, https:\/\/qprn.ca\/wp-content\/uploads\/2021\/07\/Final-Liste-de-diffusion-RQRD-1536x1025.png 1536w, https:\/\/qprn.ca\/wp-content\/uploads\/2021\/07\/Final-Liste-de-diffusion-RQRD-2048x1366.png 2048w\" sizes=\"auto, (max-width: 1400px) 100vw, 1400px\" \/><\/figure>\n<\/div>\n\n\n\n<div class=\"wp-block-column is-layout-flow wp-block-column-is-layout-flow\">\n<p>Le RQRD diffuse les projets de recherche en cours de recrutement \u00e0 de potentiels volontaires d\u00e9sireux de les connaitre. Cet outil a pour vocation d&rsquo;informer les qu\u00e9b\u00e9cois(es) sur les activit\u00e9s de recherche sur la douleur en cours et de faciliter l&rsquo;activit\u00e9 de recherche des membres du RQRD.<\/p>\n\n\n\n<p>Pour diffuser leur projet de recherche en cours de recrutement, les membres r\u00e9guliers du RQRD peuvent remplir le formulaire d&rsquo;inscription en suivant le lien ci-dessous. <\/p>\n\n\n\n<p><strong><a href=\"https:\/\/qprn.ca\/fr\/portail-recrutement\/\">En savoir plus<\/a><\/strong><\/p>\n<\/div>\n<\/div>\n\n\n\n<div style=\"height:20px\" aria-hidden=\"true\" class=\"wp-block-spacer\"><\/div>\n\n\n\n<h2 class=\"wp-block-heading\">PROGRAMME PARTENAIRES AU RENDEZ-VOUS<\/h2>\n\n\n\n<div class=\"wp-block-columns is-layout-flex wp-container-core-columns-is-layout-9d6595d7 wp-block-columns-is-layout-flex\">\n<div class=\"wp-block-column is-layout-flow wp-block-column-is-layout-flow\">\n<figure class=\"wp-block-image size-full\"><img loading=\"lazy\" decoding=\"async\" width=\"700\" height=\"467\" src=\"https:\/\/qprn.ca\/wp-content\/uploads\/2025\/06\/Images-website38.jpg\" alt=\"\" class=\"wp-image-18375\" title=\"\"><\/figure>\n<\/div>\n\n\n\n<div class=\"wp-block-column is-layout-flow wp-block-column-is-layout-flow\">\n<p>Le R\u00e9seau Douleur encourage fortement \u00e0 mener une recherche collaborative bas\u00e9e sur la co-construction de projets de recherche, en impliquant les parties prenantes d\u00e8s les premi\u00e8res \u00e9tapes de l\u2019\u00e9laboration d\u2019un projet de recherche.<br>Pour ce faire, les membres du R\u00e9seau Douleur pourront b\u00e9n\u00e9ficier du programme de jumelage aux partenaires ayant une exp\u00e9rience v\u00e9cue de la douleur ou leurs proches ainsi qu\u2019\u00e0 une liste de ressources pour les aider dans ce processus.<\/p>\n\n\n\n<p><strong><a href=\"https:\/\/qprn.ca\/fr\/partenaires-au-rendez-vous-2\/\" data-type=\"page\" data-id=\"18353\">En savoir plus<\/a><\/strong><\/p>\n<\/div>\n<\/div>\n","protected":false},"excerpt":{"rendered":"<p>consortiums et plateformes techniques Nos consortiums Les membres du RQRD ont un r\u00f4le cl\u00e9 dans&#8230;<\/p>\n","protected":false},"author":2,"featured_media":0,"parent":37,"menu_order":0,"comment_status":"closed","ping_status":"closed","template":"","meta":{"_acf_changed":false,"footnotes":""},"class_list":["post-177","page","type-page","status-publish","hentry"],"acf":[],"_links":{"self":[{"href":"https:\/\/qprn.ca\/fr\/wp-json\/wp\/v2\/pages\/177","targetHints":{"allow":["GET"]}}],"collection":[{"href":"https:\/\/qprn.ca\/fr\/wp-json\/wp\/v2\/pages"}],"about":[{"href":"https:\/\/qprn.ca\/fr\/wp-json\/wp\/v2\/types\/page"}],"author":[{"embeddable":true,"href":"https:\/\/qprn.ca\/fr\/wp-json\/wp\/v2\/users\/2"}],"replies":[{"embeddable":true,"href":"https:\/\/qprn.ca\/fr\/wp-json\/wp\/v2\/comments?post=177"}],"version-history":[{"count":7,"href":"https:\/\/qprn.ca\/fr\/wp-json\/wp\/v2\/pages\/177\/revisions"}],"predecessor-version":[{"id":20713,"href":"https:\/\/qprn.ca\/fr\/wp-json\/wp\/v2\/pages\/177\/revisions\/20713"}],"up":[{"embeddable":true,"href":"https:\/\/qprn.ca\/fr\/wp-json\/wp\/v2\/pages\/37"}],"wp:attachment":[{"href":"https:\/\/qprn.ca\/fr\/wp-json\/wp\/v2\/media?parent=177"}],"curies":[{"name":"wp","href":"https:\/\/api.w.org\/{rel}","templated":true}]}}