{"id":17593,"date":"2025-04-11T19:47:40","date_gmt":"2025-04-11T23:47:40","guid":{"rendered":"https:\/\/qprn.ca\/?page_id=17593"},"modified":"2025-04-14T16:56:43","modified_gmt":"2025-04-14T20:56:43","slug":"programme-la-parole-aux-etudiants-chercheurs","status":"publish","type":"page","link":"https:\/\/qprn.ca\/fr\/programme-la-parole-aux-etudiants-chercheurs\/","title":{"rendered":"Programme \u00ab\u00a0La parole aux \u00e9tudiants chercheurs\u00a0\u00bb"},"content":{"rendered":"\n<div style=\"height:20px\" aria-hidden=\"true\" class=\"wp-block-spacer\"><\/div>\n\n\n\n<h3 class=\"wp-block-heading\">Programme &#8211; OUVERT<\/h3>\n\n\n\n<div style=\"height:20px\" aria-hidden=\"true\" class=\"wp-block-spacer\"><\/div>\n\n\n\n<h2 class=\"wp-block-heading\">Description du programme<\/h2>\n\n\n\n<p>Ce programme vous offre l\u2019occasion de <strong>pr\u00e9senter vos travaux de recherche de mani\u00e8re vulgaris\u00e9e lors d\u2019un webinaire en direct<\/strong>, destin\u00e9 au grand public, incluant les personnes vivant avec de la douleur, les personnes proches aidantes, ainsi que toute personne int\u00e9ress\u00e9e par ce domaine. Il s\u2019agit d\u2019une opportunit\u00e9 unique de partager vos connaissances directement avec les personnes utilisatrices de connaissances et de recueillir leurs questions et commentaires.<\/p>\n\n\n\n<p>En participant, vous renforcerez et diversifierez vos comp\u00e9tences en communication orale en apprenant \u00e0 cibler efficacement vos messages et \u00e0 pr\u00e9senter les concepts et r\u00e9sultats cl\u00e9s de fa\u00e7on claire, accessible et engageante.<\/p>\n\n\n\n<p>Vous ferez une pr\u00e9sentation de 30 \u00e0 45 minutes, suivie d\u2019une p\u00e9riode d\u2019\u00e9change avec l\u2019audience, durant laquelle vous r\u00e9pondrez aux questions dans les limites de votre expertise. Cette interaction vous permettra de d\u00e9velopper votre capacit\u00e9 \u00e0 formuler des r\u00e9ponses concises et adapt\u00e9es aux int\u00e9r\u00eats de votre auditoire. <strong>Vous pouvez choisir de pr\u00e9senter de mani\u00e8re individuelle ou en duo avec une personne de votre choix<\/strong>. Une pr\u00e9sentation en duo favorise une approche interdisciplinaire et enrichit la mise en perspective de vos r\u00e9sultats. Les webinaires seront diffus\u00e9s en direct et enregistr\u00e9s pour une rediffusion ult\u00e9rieure, dans le but d\u2019assurer un meilleur acc\u00e8s au contenu.<\/p>\n\n\n\n<div style=\"height:20px\" aria-hidden=\"true\" class=\"wp-block-spacer\"><\/div>\n\n\n\n<h2 class=\"wp-block-heading\">Visibilit\u00e9<\/h2>\n\n\n\n<p>Votre webinaire b\u00e9n\u00e9ficiera d\u2019une <strong>couverture m\u00e9diatique sur les r\u00e9seaux sociaux<\/strong> du R\u00e9seau douleur et de l\u2019Association qu\u00e9b\u00e9coise de la douleur chronique. L\u2019enregistrement du webinaire sera notamment int\u00e9gr\u00e9 \u00e0 la cha\u00eene YouTube du R\u00e9seau douleur qui compte pr\u00e8s de 100 000 abonn\u00e9s. <\/p>\n\n\n\n<p>Le R\u00e9seau douleur se chargera de mettre votre contenu en ligne et de cr\u00e9er les visuels de promotion. Vous pourrez ainsi <strong>valoriser vos travaux en repartageant facilement nos publications, con\u00e7ues par une \u00e9quipe professionnelle en communication<\/strong>.<\/p>\n\n\n\n<div style=\"height:20px\" aria-hidden=\"true\" class=\"wp-block-spacer\"><\/div>\n\n\n\n<h2 class=\"wp-block-heading\">Crit\u00e8res d&rsquo;admissibilit\u00e9<\/h2>\n\n\n\n<ul class=\"wp-block-list\">\n<li>Faire partie d\u2019une universit\u00e9 qu\u00e9b\u00e9coise et poursuivre sa recherche dans un domaine reli\u00e9 \u00e0 la douleur;<\/li>\n\n\n\n<li>Encadrement par un membre r\u00e9gulier ou une membre r\u00e9guli\u00e8re du R\u00e9seau qu\u00e9b\u00e9cois de recherche sur la douleur;<\/li>\n\n\n\n<li>\u00catre membre en r\u00e8gle du R\u00e9seau qu\u00e9b\u00e9cois des \u00e9tudiants-chercheurs sur la douleur (RQECD) avant l\u2019ouverture du concours.<\/li>\n<\/ul>\n\n\n\n<div style=\"height:20px\" aria-hidden=\"true\" class=\"wp-block-spacer\"><\/div>\n\n\n\n<p><a href=\"https:\/\/www.youtube.com\/playlist?list=PLUI6xDhXtJkVLk-rRDTDE4Iv-ZFU2Rrdc\" target=\"_blank\" rel=\"noreferrer noopener\"><strong>Voir des exemples<\/strong><\/a><\/p>\n\n\n\n<div style=\"height:20px\" aria-hidden=\"true\" class=\"wp-block-spacer\"><\/div>\n\n\n\n<div class=\"wp-block-buttons is-content-justification-center is-layout-flex wp-container-core-buttons-is-layout-16018d1d wp-block-buttons-is-layout-flex\">\n<div class=\"wp-block-button\"><a class=\"wp-block-button__link wp-element-button\" href=\"https:\/\/qprn.ca\/fr\/demande-de-soutien-a-la-vulgarisation\/\" target=\"_blank\" rel=\"noreferrer noopener\">PARTICIPER AU PROGRAMME<\/a><\/div>\n<\/div>\n\n\n\n<p><\/p>\n","protected":false},"excerpt":{"rendered":"<p>Programme &#8211; OUVERT Description du programme Ce programme vous offre l\u2019occasion de pr\u00e9senter vos travaux&#8230;<\/p>\n","protected":false},"author":3,"featured_media":0,"parent":0,"menu_order":0,"comment_status":"closed","ping_status":"closed","template":"","meta":{"_acf_changed":false,"footnotes":""},"class_list":["post-17593","page","type-page","status-publish","hentry"],"acf":[],"_links":{"self":[{"href":"https:\/\/qprn.ca\/fr\/wp-json\/wp\/v2\/pages\/17593","targetHints":{"allow":["GET"]}}],"collection":[{"href":"https:\/\/qprn.ca\/fr\/wp-json\/wp\/v2\/pages"}],"about":[{"href":"https:\/\/qprn.ca\/fr\/wp-json\/wp\/v2\/types\/page"}],"author":[{"embeddable":true,"href":"https:\/\/qprn.ca\/fr\/wp-json\/wp\/v2\/users\/3"}],"replies":[{"embeddable":true,"href":"https:\/\/qprn.ca\/fr\/wp-json\/wp\/v2\/comments?post=17593"}],"version-history":[{"count":0,"href":"https:\/\/qprn.ca\/fr\/wp-json\/wp\/v2\/pages\/17593\/revisions"}],"wp:attachment":[{"href":"https:\/\/qprn.ca\/fr\/wp-json\/wp\/v2\/media?parent=17593"}],"curies":[{"name":"wp","href":"https:\/\/api.w.org\/{rel}","templated":true}]}}