{"id":17588,"date":"2025-04-11T19:15:23","date_gmt":"2025-04-11T23:15:23","guid":{"rendered":"https:\/\/qprn.ca\/?page_id=17588"},"modified":"2025-04-11T19:27:40","modified_gmt":"2025-04-11T23:27:40","slug":"programme-parlons-douleur","status":"publish","type":"page","link":"https:\/\/qprn.ca\/fr\/programme-parlons-douleur\/","title":{"rendered":"Programme \u00ab\u00a0Parlons douleur\u00a0\u00bb"},"content":{"rendered":"\n<div style=\"height:20px\" aria-hidden=\"true\" class=\"wp-block-spacer\"><\/div>\n\n\n\n<h3 class=\"wp-block-heading\">Programme &#8211; OUVERT<\/h3>\n\n\n\n<div style=\"height:20px\" aria-hidden=\"true\" class=\"wp-block-spacer\"><\/div>\n\n\n\n<h2 class=\"wp-block-heading\">Description du programme<\/h2>\n\n\n\n<p>En participant au programme, vous aurez l\u2019opportunit\u00e9 de <strong>cr\u00e9er un ou plusieurs \u00e9pisodes Balado<\/strong> de vulgarisation scientifique, d\u2019une dur\u00e9e de 10 \u00e0 30 minutes, sur le th\u00e8me de la douleur, \u00e0 destination de la population g\u00e9n\u00e9rale. L\u2019objectif de ce programme est de vous initier et vous former \u00e0 toutes les \u00e9tapes de cr\u00e9ation d\u2019un Balado, de son id\u00e9ation jusqu\u2019\u00e0 sa publication.<br>Les formats d\u2019\u00e9pisode existants sont :<\/p>\n\n\n\n<ul class=\"wp-block-list\">\n<li><strong>Entrevue avec son directeur ou sa directrice<\/strong> de recherche. Une personne \u00e9tudiante s\u2019entretient avec sa directrice ou son directeur de recherche.<\/li>\n\n\n\n<li><strong>Entrevue-discussion<\/strong>. Une personne \u00e9tudiante s\u2019entretient avec un, une ou deux personnes invit\u00e9es pouvant \u00eatre une patiente ou un patient, une clinicienne ou un clinicien, une ou un partenaire).<\/li>\n\n\n\n<li><strong>Auto-entrevue<\/strong>. Une personne \u00e9tudiante s\u2019entretient avec une autre personne \u00e9tudiante d\u2019un autre domaine de recherche afin de discuter de ses propres int\u00e9r\u00eats de recherche sur la douleur.<\/li>\n\n\n\n<li><strong>Entrevue congr\u00e8s<\/strong>. Une personne \u00e9tudiante \u00e9change autour d\u2019un th\u00e8me choisi, avec des personnes participant \u00e0 une conf\u00e9rence scientifique ou pr\u00e9sente un r\u00e9sum\u00e9 de la conf\u00e9rence scientifique.<\/li>\n\n\n\n<li><strong>Nouveau format<\/strong>. N\u2019h\u00e9sitez pas \u00e0 partager vos id\u00e9es si une autre formule vous int\u00e9resse.<\/li>\n<\/ul>\n\n\n\n<p>Pour ce Balado, le RQRD vous guidera dans l\u2019id\u00e9ation de vos \u00e9pisodes, dans la mise en place de votre plan d\u2019entretien, dans le contenu de l\u2019entretien et dans l\u2019\u00e9dition de votre \u00e9pisode. Ceci vous donnera donc tous les outils n\u00e9cessaires \u00e0 votre autonomie dans la cr\u00e9ation de contenu.<\/p>\n\n\n\n<p>Le RQRD pourra vous pr\u00eater du mat\u00e9riel professionnel d\u2019enregistrement incluant un Zoom H5 et des micros. Veuillez noter que si vous fa\u00eetes partie de l\u2019Universit\u00e9 de Sherbrooke ou de l\u2019Universit\u00e9 du Qu\u00e9bec en Abitibi-T\u00e9miscamingue, vous avez acc\u00e8s \u00e0 un studio d\u2019enregistrement professionnel, avec des sp\u00e9cialistes dans le domaine pour vous assister \u00e0 l\u2019enregistrement et \u00e0 l\u2019\u00e9dition de votre \u00e9pisode. Nous vous encourageons \u00e0 vous renseigner localement pour vous assurer de vous donner les meilleurs moyens de succ\u00e8s dans votre r\u00e9alisation.<\/p>\n\n\n\n<div style=\"height:20px\" aria-hidden=\"true\" class=\"wp-block-spacer\"><\/div>\n\n\n\n<h2 class=\"wp-block-heading\">Visibilit\u00e9<\/h2>\n\n\n\n<p>Votre \u00e9pisode b\u00e9n\u00e9ficiera d\u2019une <strong>couverture m\u00e9diatique sur les r\u00e9seaux sociaux<\/strong> du R\u00e9seau douleur et de l\u2019Association qu\u00e9b\u00e9coise de la douleur chronique. Votre \u00e9pisode sera publi\u00e9 sur notre cha\u00eene Balado Parlons douleur et sera diffus\u00e9 sur de multiple plateformes comme Spotify, Deezer, Apple podcast, Google podcast et plus encore. Votre \u00e9pisode sera \u00e9galement int\u00e9gr\u00e9 \u00e0 la cha\u00eene YouTube du R\u00e9seau douleur qui compte pr\u00e8s de 100 000 abonn\u00e9s. <\/p>\n\n\n\n<p>Le R\u00e9seau douleur se chargera de mettre votre contenu en ligne et de cr\u00e9er les visuels de promotion. Vous pourrez ainsi <strong>valoriser vos travaux en repartageant facilement nos publications, con\u00e7ues par une \u00e9quipe professionnelle en communication<\/strong>.<\/p>\n\n\n\n<div style=\"height:20px\" aria-hidden=\"true\" class=\"wp-block-spacer\"><\/div>\n\n\n\n<h2 class=\"wp-block-heading\">Crit\u00e8res d&rsquo;admissibilit\u00e9<\/h2>\n\n\n\n<ul class=\"wp-block-list\">\n<li>Faire partie d\u2019une universit\u00e9 qu\u00e9b\u00e9coise et poursuivre sa recherche dans un domaine reli\u00e9 \u00e0 la douleur;<\/li>\n\n\n\n<li>Encadrement par un membre r\u00e9gulier ou une membre r\u00e9guli\u00e8re du R\u00e9seau qu\u00e9b\u00e9cois de recherche sur la douleur;<\/li>\n\n\n\n<li>\u00catre membre en r\u00e8gle du R\u00e9seau qu\u00e9b\u00e9cois des \u00e9tudiants-chercheurs sur la douleur (RQECD) avant l\u2019ouverture du concours.<\/li>\n<\/ul>\n\n\n\n<div style=\"height:20px\" aria-hidden=\"true\" class=\"wp-block-spacer\"><\/div>\n\n\n\n<p><strong><a href=\"https:\/\/open.spotify.com\/show\/04P0ALwD7ket86YrJBkJsW\" target=\"_blank\" rel=\"noreferrer noopener\">Voir des exemples<\/a><\/strong><\/p>\n\n\n\n<div style=\"height:20px\" aria-hidden=\"true\" class=\"wp-block-spacer\"><\/div>\n\n\n\n<div class=\"wp-block-buttons is-content-justification-center is-layout-flex wp-container-core-buttons-is-layout-16018d1d wp-block-buttons-is-layout-flex\">\n<div class=\"wp-block-button\"><a class=\"wp-block-button__link wp-element-button\" href=\"https:\/\/qprn.ca\/fr\/demande-de-soutien-a-la-vulgarisation\/\" target=\"_blank\" rel=\"noreferrer noopener\">PARTICIPER AU PROGRAMME<\/a><\/div>\n<\/div>\n\n\n\n<p><\/p>\n","protected":false},"excerpt":{"rendered":"<p>Programme &#8211; OUVERT Description du programme En participant au programme, vous aurez l\u2019opportunit\u00e9 de cr\u00e9er&#8230;<\/p>\n","protected":false},"author":3,"featured_media":0,"parent":0,"menu_order":0,"comment_status":"closed","ping_status":"closed","template":"","meta":{"_acf_changed":false,"footnotes":""},"class_list":["post-17588","page","type-page","status-publish","hentry"],"acf":[],"_links":{"self":[{"href":"https:\/\/qprn.ca\/fr\/wp-json\/wp\/v2\/pages\/17588","targetHints":{"allow":["GET"]}}],"collection":[{"href":"https:\/\/qprn.ca\/fr\/wp-json\/wp\/v2\/pages"}],"about":[{"href":"https:\/\/qprn.ca\/fr\/wp-json\/wp\/v2\/types\/page"}],"author":[{"embeddable":true,"href":"https:\/\/qprn.ca\/fr\/wp-json\/wp\/v2\/users\/3"}],"replies":[{"embeddable":true,"href":"https:\/\/qprn.ca\/fr\/wp-json\/wp\/v2\/comments?post=17588"}],"version-history":[{"count":0,"href":"https:\/\/qprn.ca\/fr\/wp-json\/wp\/v2\/pages\/17588\/revisions"}],"wp:attachment":[{"href":"https:\/\/qprn.ca\/fr\/wp-json\/wp\/v2\/media?parent=17588"}],"curies":[{"name":"wp","href":"https:\/\/api.w.org\/{rel}","templated":true}]}}