{"id":17584,"date":"2025-04-11T19:02:51","date_gmt":"2025-04-11T23:02:51","guid":{"rendered":"https:\/\/qprn.ca\/?page_id=17584"},"modified":"2025-04-11T19:02:54","modified_gmt":"2025-04-11T23:02:54","slug":"programme-pleins-feux-sur-la-releve","status":"publish","type":"page","link":"https:\/\/qprn.ca\/fr\/programme-pleins-feux-sur-la-releve\/","title":{"rendered":"Programme \u00ab\u00a0Pleins feux sur la rel\u00e8ve\u00a0\u00bb"},"content":{"rendered":"\n<div style=\"height:20px\" aria-hidden=\"true\" class=\"wp-block-spacer\"><\/div>\n\n\n\n<h3 class=\"wp-block-heading\">Programme &#8211; OUVERT<\/h3>\n\n\n\n<div style=\"height:20px\" aria-hidden=\"true\" class=\"wp-block-spacer\"><\/div>\n\n\n\n<h2 class=\"wp-block-heading\">Description du programme<\/h2>\n\n\n\n<p>Ce <strong>programme de vulgarisation scientifique<\/strong> est l\u2019occasion id\u00e9ale de mettre en lumi\u00e8re vos talents de communicateur en expliquant votre projet de recherche sur la douleur en vid\u00e9o et de mani\u00e8re concise! Un d\u00e9fi stimulant pour valoriser vos travaux de mani\u00e8re accessible et percutante! Pour cette vid\u00e9o, vous pr\u00e9senterez des concepts et r\u00e9sultats cl\u00e9s en \u00e9vitant l\u2019abondance de d\u00e9tails pouvant freiner la compr\u00e9hension.<\/p>\n\n\n\n<p><br>Pour vous aider dans la conception, plusieurs outils gratuits sont \u00e0 votre disposition et vous seront pr\u00e9sent\u00e9s. L\u2019utilisation de ces outils est simple et ne demande pas d\u2019exp\u00e9rience ant\u00e9rieure de montage vid\u00e9o. <strong>Le contenu de la vid\u00e9o devra s\u2019\u00e9loigner du format de type Powerpoint scientifique usuellement utilis\u00e9<\/strong> pour des pr\u00e9sentations en milieu scientifique. Vous pourrez vous-m\u00eame vous enregistrer directement ou accompagner votre contenu de visuels provenant des banques d\u2019\u00e9chantillons de vid\u00e9os courtes ou d\u2019images pour illustrer les concepts et les r\u00e9sultats de vos travaux de recherche.<\/p>\n\n\n\n<p><strong><br>Votre universit\u00e9 pourrait offrir des services<\/strong> ou structures de soutien \u00e0 la cr\u00e9ation vid\u00e9o, comme l\u2019acc\u00e8s \u00e0 un studio d\u2019enregistrement ou le pr\u00eat de mat\u00e9riel d\u2019enregistrement. Nous vous encourageons \u00e0 vous renseigner localement pour vous assurer de vous donner les meilleurs moyens de succ\u00e8s dans votre r\u00e9alisation.<\/p>\n\n\n\n<p><br>Ce programme vous \u00e9quipera pour r\u00e9aliser de mani\u00e8re ind\u00e9pendante de futurs projets de vulgarisation sous forme de vid\u00e9o. Ce programme repr\u00e9sente une occasion unique de mettre votre expertise, votre savoir et votre passion de l\u2019avant et de partager des informations riches aux personnes utilisatrices de connaissance. Cette vid\u00e9o vulgaris\u00e9e sera destin\u00e9e aux parties prenantes du domaine de la douleur, incluant les personnes vivant avec la douleur.<\/p>\n\n\n\n<div style=\"height:20px\" aria-hidden=\"true\" class=\"wp-block-spacer\"><\/div>\n\n\n\n<h2 class=\"wp-block-heading\">Visibilit\u00e9<\/h2>\n\n\n\n<p>Votre vid\u00e9o b\u00e9n\u00e9ficiera d\u2019une <strong>couverture m\u00e9diatique sur les r\u00e9seaux sociaux<\/strong> du R\u00e9seau douleur et de l\u2019Association qu\u00e9b\u00e9coise de la douleur chronique. Votre vid\u00e9o sera notamment int\u00e9gr\u00e9e \u00e0 la cha\u00eene YouTube du R\u00e9seau douleur qui compte pr\u00e8s de 100 000 abonn\u00e9s.<br>Le R\u00e9seau douleur se chargera de mettre votre contenu en ligne et de cr\u00e9er les visuels de promotion. Vous pourrez ainsi <strong>valoriser vos travaux en repartageant facilement nos publications, con\u00e7ues par une \u00e9quipe professionnelle en communication<\/strong>.<\/p>\n\n\n\n<div style=\"height:20px\" aria-hidden=\"true\" class=\"wp-block-spacer\"><\/div>\n\n\n\n<h2 class=\"wp-block-heading\">Crit\u00e8res d&rsquo;admissibilit\u00e9<\/h2>\n\n\n\n<ul class=\"wp-block-list\">\n<li>Faire partie d\u2019une universit\u00e9 qu\u00e9b\u00e9coise et poursuivre sa recherche dans un domaine reli\u00e9 \u00e0 la douleur;<\/li>\n\n\n\n<li>Encadrement par un membre r\u00e9gulier ou une membre r\u00e9guli\u00e8re du R\u00e9seau qu\u00e9b\u00e9cois de recherche sur la douleur;<\/li>\n\n\n\n<li>\u00catre membre en r\u00e8gle du R\u00e9seau qu\u00e9b\u00e9cois des \u00e9tudiants-chercheurs sur la douleur (RQECD) avant l\u2019ouverture du concours.<\/li>\n<\/ul>\n\n\n\n<div style=\"height:20px\" aria-hidden=\"true\" class=\"wp-block-spacer\"><\/div>\n\n\n\n<p><strong><a href=\"https:\/\/www.youtube.com\/playlist?list=PLUI6xDhXtJkVqtmc2kmd75973MbxCvIgJ\" target=\"_blank\" rel=\"noreferrer noopener\">Voir des exemples<\/a><\/strong><\/p>\n\n\n\n<div style=\"height:20px\" aria-hidden=\"true\" class=\"wp-block-spacer\"><\/div>\n\n\n\n<div class=\"wp-block-buttons is-content-justification-center is-layout-flex wp-container-core-buttons-is-layout-16018d1d wp-block-buttons-is-layout-flex\">\n<div class=\"wp-block-button\"><a class=\"wp-block-button__link wp-element-button\" href=\"https:\/\/qprn.ca\/fr\/demande-de-soutien-a-la-vulgarisation\/\" target=\"_blank\" rel=\"noreferrer noopener\">PARTICIPER AU PROGRAMME<\/a><\/div>\n<\/div>\n","protected":false},"excerpt":{"rendered":"<p>Programme &#8211; OUVERT Description du programme Ce programme de vulgarisation scientifique est l\u2019occasion id\u00e9ale de&#8230;<\/p>\n","protected":false},"author":3,"featured_media":0,"parent":0,"menu_order":0,"comment_status":"closed","ping_status":"closed","template":"","meta":{"_acf_changed":false,"footnotes":""},"class_list":["post-17584","page","type-page","status-publish","hentry"],"acf":[],"_links":{"self":[{"href":"https:\/\/qprn.ca\/fr\/wp-json\/wp\/v2\/pages\/17584","targetHints":{"allow":["GET"]}}],"collection":[{"href":"https:\/\/qprn.ca\/fr\/wp-json\/wp\/v2\/pages"}],"about":[{"href":"https:\/\/qprn.ca\/fr\/wp-json\/wp\/v2\/types\/page"}],"author":[{"embeddable":true,"href":"https:\/\/qprn.ca\/fr\/wp-json\/wp\/v2\/users\/3"}],"replies":[{"embeddable":true,"href":"https:\/\/qprn.ca\/fr\/wp-json\/wp\/v2\/comments?post=17584"}],"version-history":[{"count":0,"href":"https:\/\/qprn.ca\/fr\/wp-json\/wp\/v2\/pages\/17584\/revisions"}],"wp:attachment":[{"href":"https:\/\/qprn.ca\/fr\/wp-json\/wp\/v2\/media?parent=17584"}],"curies":[{"name":"wp","href":"https:\/\/api.w.org\/{rel}","templated":true}]}}