{"id":17574,"date":"2025-04-11T18:29:33","date_gmt":"2025-04-11T22:29:33","guid":{"rendered":"https:\/\/qprn.ca\/?page_id=17574"},"modified":"2025-11-28T16:46:18","modified_gmt":"2025-11-28T21:46:18","slug":"programme-douleur-demystifions-la-science","status":"publish","type":"page","link":"https:\/\/qprn.ca\/fr\/programme-douleur-demystifions-la-science\/","title":{"rendered":"Programme \u00ab\u00a0Douleur : D\u00e9mystifions la science\u00a0\u00bb"},"content":{"rendered":"\n<div style=\"height:20px\" aria-hidden=\"true\" class=\"wp-block-spacer\"><\/div>\n\n\n\n<h3 class=\"wp-block-heading\">Programme &#8211; OUVERT<\/h3>\n\n\n\n<div style=\"height:20px\" aria-hidden=\"true\" class=\"wp-block-spacer\"><\/div>\n\n\n\n<h2 class=\"wp-block-heading\">Description du programme<\/h2>\n\n\n\n<p><strong>L\u2019objectif de ce programme est de vous guider dans la d\u00e9marche de vulgarisation scientifique<\/strong> en vous sensibilisant \u00e0 l\u2019identification des \u00e9l\u00e9ments d\u2019information principaux et \u00e0 leur mise en valeur dans un format accessible aux parties prenantes du domaine de la douleur, incluant les personnes vivant avec la douleur. L\u2019accompagnement vous permettra de recentrer votre <strong>infographie <\/strong>autour des concepts et r\u00e9sultats cl\u00e9s en \u00e9vitant l\u2019abondance de d\u00e9tails pouvant freiner la compr\u00e9hension. Ce programme vous \u00e9quipera pour r\u00e9aliser de mani\u00e8re ind\u00e9pendante de futurs projets de vulgarisation. Il s\u2019agit d\u2019une occasion unique de mettre votre expertise, votre savoir et votre passion de l\u2019avant et de partager des informations riches aux personnes utilisatrices de connaissances.<\/p>\n\n\n\n<div style=\"height:20px\" aria-hidden=\"true\" class=\"wp-block-spacer\"><\/div>\n\n\n\n<h2 class=\"wp-block-heading\">Visibilit\u00e9<\/h2>\n\n\n\n<p>Votre document sera publi\u00e9 sur le site web du R\u00e9seau qu\u00e9b\u00e9cois de recherche sur la douleur dans la section \u00ab Publications vulgaris\u00e9es \u00bb et b\u00e9n\u00e9ficiera d\u2019une <strong>couverture m\u00e9diatique sur les r\u00e9seaux sociaux<\/strong> du R\u00e9seau douleur et de l\u2019Association qu\u00e9b\u00e9coise de la douleur chronique, afin d\u2019accentuer la visibilit\u00e9 de vos travaux.<br>Le R\u00e9seau douleur se chargera de mettre votre contenu en ligne et de cr\u00e9er les visuels de promotion. Vous pourrez ainsi <strong>valoriser vos travaux en repartageant facilement nos publications, con\u00e7ues par une \u00e9quipe professionnelle en communication<\/strong>.<\/p>\n\n\n\n<div style=\"height:20px\" aria-hidden=\"true\" class=\"wp-block-spacer\"><\/div>\n\n\n\n<h2 class=\"wp-block-heading\">Crit\u00e8res d&rsquo;admissibilit\u00e9<\/h2>\n\n\n\n<ul class=\"wp-block-list\">\n<li>Faire partie d\u2019une universit\u00e9 qu\u00e9b\u00e9coise et poursuivre sa recherche dans un domaine reli\u00e9 \u00e0 la douleur;<\/li>\n\n\n\n<li>Encadrement par un membre r\u00e9gulier ou une membre r\u00e9guli\u00e8re du R\u00e9seau qu\u00e9b\u00e9cois de recherche sur la douleur;<\/li>\n\n\n\n<li>\u00catre membre en r\u00e8gle du R\u00e9seau qu\u00e9b\u00e9cois des \u00e9tudiants-chercheurs sur la douleur (RQECD) avant l\u2019ouverture du concours.<\/li>\n<\/ul>\n\n\n\n<div style=\"height:20px\" aria-hidden=\"true\" class=\"wp-block-spacer\"><\/div>\n\n\n\n<p><strong><a href=\"https:\/\/qprn.ca\/fr\/publications\/?_sft_category=publications-vulgarisees\" target=\"_blank\" rel=\"noreferrer noopener\">Voir des exemples<\/a><\/strong><\/p>\n\n\n\n<div style=\"height:20px\" aria-hidden=\"true\" class=\"wp-block-spacer\"><\/div>\n\n\n\n<div class=\"wp-block-buttons is-content-justification-center is-layout-flex wp-container-core-buttons-is-layout-16018d1d wp-block-buttons-is-layout-flex\">\n<div class=\"wp-block-button\"><a class=\"wp-block-button__link has-text-align-center wp-element-button\" href=\"https:\/\/qprn.ca\/fr\/demande-de-soutien-a-la-vulgarisation\/\" target=\"_blank\" rel=\"noreferrer noopener\">PARTICIPER AU PROGRAMME<\/a><\/div>\n<\/div>\n\n\n\n<p><\/p>\n","protected":false},"excerpt":{"rendered":"<p>Programme &#8211; OUVERT Description du programme L\u2019objectif de ce programme est de vous guider dans&#8230;<\/p>\n","protected":false},"author":3,"featured_media":0,"parent":0,"menu_order":0,"comment_status":"closed","ping_status":"closed","template":"","meta":{"_acf_changed":false,"footnotes":""},"class_list":["post-17574","page","type-page","status-publish","hentry"],"acf":[],"_links":{"self":[{"href":"https:\/\/qprn.ca\/fr\/wp-json\/wp\/v2\/pages\/17574","targetHints":{"allow":["GET"]}}],"collection":[{"href":"https:\/\/qprn.ca\/fr\/wp-json\/wp\/v2\/pages"}],"about":[{"href":"https:\/\/qprn.ca\/fr\/wp-json\/wp\/v2\/types\/page"}],"author":[{"embeddable":true,"href":"https:\/\/qprn.ca\/fr\/wp-json\/wp\/v2\/users\/3"}],"replies":[{"embeddable":true,"href":"https:\/\/qprn.ca\/fr\/wp-json\/wp\/v2\/comments?post=17574"}],"version-history":[{"count":0,"href":"https:\/\/qprn.ca\/fr\/wp-json\/wp\/v2\/pages\/17574\/revisions"}],"wp:attachment":[{"href":"https:\/\/qprn.ca\/fr\/wp-json\/wp\/v2\/media?parent=17574"}],"curies":[{"name":"wp","href":"https:\/\/api.w.org\/{rel}","templated":true}]}}