{"id":15487,"date":"2024-07-04T12:50:17","date_gmt":"2024-07-04T16:50:17","guid":{"rendered":"https:\/\/qprn.ca\/?page_id=15487"},"modified":"2024-07-04T14:08:25","modified_gmt":"2024-07-04T18:08:25","slug":"consortium-prevention-de-la-douleur-chronique-et-sante-durable-pour-toutes-et-tous","status":"publish","type":"page","link":"https:\/\/qprn.ca\/fr\/consortium-prevention-de-la-douleur-chronique-et-sante-durable-pour-toutes-et-tous\/","title":{"rendered":"Consortium Pr\u00e9vention de la douleur chronique et sant\u00e9 durable pour toutes et tous &#8211; Appel de projets"},"content":{"rendered":"\n<p>Dans l\u2018objectif de f\u00e9d\u00e9rer la recherche en douleur au Qu\u00e9bec, le RQRD a mis sur pieds un mod\u00e8le d\u2019infrastructure de recherche bas\u00e9 sur les consortiums. Ces regroupements s\u2019articulent autour de th\u00e9matiques prioritaires, identifi\u00e9es par nos membres, nos partenaires ainsi que des personnes vivant avec la douleur chronique et ont pour objectif de propulser une recherche innovante et ax\u00e9e sur les besoins de l\u2019\u00e9cosyst\u00e8me qu\u00e9b\u00e9cois. Les \u00e9quipes sont compos\u00e9es de personnes issues des milieux de la recherche et de la clinique ainsi que de toute autre personne ayant une expertise pertinente pour ces travaux. Le consortium Pr\u00e9vention de la douleur chronique et sant\u00e9 durable pour toutes et tous base ses activit\u00e9s sur la d\u00e9finition suivante de la Sant\u00e9 durable : c\u2019est une \u00ab <em>approche globale alliant la sant\u00e9 physique et psychologique des personnes, avec l\u2019environnement dans lequel elles \u00e9voluent. Elle engage les individus et la collectivit\u00e9 \u00e0 d\u00e9ployer, \u00e0 toutes les \u00e9tapes de la vie, diff\u00e9rentes interventions qui permettront un \u00e9tat optimal de sant\u00e9 pour chaque individu, incluant les populations vuln\u00e9rables et les g\u00e9n\u00e9rations futures. La sant\u00e9 durable vise ainsi le d\u00e9veloppement de strat\u00e9gies de promotion de la sant\u00e9, de pr\u00e9vention et d\u2019interventions pr\u00e9coces des maladies, pour des r\u00e9sultats sanitaires \u00e0 moindre co\u00fbt<\/em> \u00bb.<\/p>\n\n\n\n<p><strong>Sur cette base, le consortium Pr\u00e9vention de la douleur chronique et sant\u00e9 durable pour toutes et tous lance le pr\u00e9sent appel de projets pour d\u00e9marrer ses activit\u00e9s 2024-2032. Trois (3) octrois de 10 000 $ seront offerts pour initier des projets ou ajouter un volet de sant\u00e9 durable \u00e0 un projet existant. En plus du financement de 10 000 $, les \u00e9quipes r\u00e9cipiendaires b\u00e9n\u00e9ficieront :<\/strong><\/p>\n\n\n\n<ul class=\"wp-block-list\">\n<li>d\u2019un accompagnement strat\u00e9gique et scientifique par la direction du RQRD afin de favoriser les maillages avec d\u2019autres initiatives en cours;<\/li>\n\n\n\n<li>d\u2019un acc\u00e8s aux plateformes de mobilisation des connaissances et de soutien pour production du mat\u00e9riel de diffusion;<\/li>\n\n\n\n<li>d\u2019un soutien de la part de l\u2019\u00e9quipe d\u2019animation du consortium pour int\u00e9grer les notions de recherche en sant\u00e9 durable s\u2019il s\u2019agit d\u2019un \u00e9l\u00e9ment nouveau dans leur programmation<\/li>\n\n\n\n<li>de la possibilit\u00e9 d\u2019une subvention suppl\u00e9mentaire pour la poursuite de leur projet.<\/li>\n<\/ul>\n\n\n\n<p><strong>DATE LIMITE<\/strong> 26 ao\u00fbt 2024<br><strong><a href=\"https:\/\/www.dropbox.com\/s\/i7p5cccwxdwze81\/Gabarit%20pour%20proposition%20d&#039;un%20projet%20consortium.docx?e=1&amp;dl=0\" target=\"_blank\" rel=\"noreferrer noopener\">DOCUMENT DE CANDIDATURE<\/a><\/strong><br><strong>ENVOI CANDIDATURE<\/strong> &#x48;&#101;&#x6c;&#x65;&#110;&#x65;&#46;B&#x65;&#97;u&#x64;&#114;y&#x40;&#113;p&#x72;&#110;&#x2e;&#x63;&#97;<\/p>\n\n\n\n<p>Les personnes qui proposeront un projet seront invit\u00e9es \u00e0 le pr\u00e9senter en 5 minutes lors de la prochaine rencontre du comit\u00e9 scientifique du consortium Pr\u00e9vention de la douleur chronique et sant\u00e9 durable pour toutes et tous. Lors de cette rencontre, le comit\u00e9 scientifique du consortium sera pr\u00e9sent et rendra une d\u00e9cision par rapport aux projets retenus pour financement dans les semaines qui suivent.<\/p>\n","protected":false},"excerpt":{"rendered":"<p>Dans l\u2018objectif de f\u00e9d\u00e9rer la recherche en douleur au Qu\u00e9bec, le RQRD a mis sur&#8230;<\/p>\n","protected":false},"author":3,"featured_media":0,"parent":0,"menu_order":0,"comment_status":"closed","ping_status":"closed","template":"","meta":{"_acf_changed":false,"footnotes":""},"class_list":["post-15487","page","type-page","status-publish","hentry"],"acf":[],"_links":{"self":[{"href":"https:\/\/qprn.ca\/fr\/wp-json\/wp\/v2\/pages\/15487","targetHints":{"allow":["GET"]}}],"collection":[{"href":"https:\/\/qprn.ca\/fr\/wp-json\/wp\/v2\/pages"}],"about":[{"href":"https:\/\/qprn.ca\/fr\/wp-json\/wp\/v2\/types\/page"}],"author":[{"embeddable":true,"href":"https:\/\/qprn.ca\/fr\/wp-json\/wp\/v2\/users\/3"}],"replies":[{"embeddable":true,"href":"https:\/\/qprn.ca\/fr\/wp-json\/wp\/v2\/comments?post=15487"}],"version-history":[{"count":0,"href":"https:\/\/qprn.ca\/fr\/wp-json\/wp\/v2\/pages\/15487\/revisions"}],"wp:attachment":[{"href":"https:\/\/qprn.ca\/fr\/wp-json\/wp\/v2\/media?parent=15487"}],"curies":[{"name":"wp","href":"https:\/\/api.w.org\/{rel}","templated":true}]}}