{"id":10,"date":"2019-06-27T12:00:15","date_gmt":"2019-06-27T16:00:15","guid":{"rendered":"https:\/\/qprn.ca\/?page_id=10"},"modified":"2026-03-23T14:22:55","modified_gmt":"2026-03-23T18:22:55","slug":"accueil","status":"publish","type":"page","link":"https:\/\/qprn.ca\/fr\/","title":{"rendered":"Accueil"},"content":{"rendered":"\n<p>La vision du R\u00e9seau Douleur est d\u2019\u00eatre un chef de file dans la repr\u00e9sentation d\u2019un large \u00e9ventail de parties prenantes, de d\u00e9cideuses et d\u00e9cideurs visant \u00e0 comprendre les bases cellulaires et mol\u00e9culaires de la douleur, \u00e0 am\u00e9liorer l&rsquo;\u00e9valuation et le traitement (pharmacologique et non pharmacologique) de la douleur, \u00e0 am\u00e9liorer les efforts de pr\u00e9vention, ainsi que d&rsquo;assurer un transfert efficace des connaissances afin d\u2019adopter les meilleures pratiques dans les nombreux secteurs de soins de notre syst\u00e8me de sant\u00e9.<\/p>\n","protected":false},"excerpt":{"rendered":"<p>La vision du R\u00e9seau Douleur est d\u2019\u00eatre un chef de file dans la repr\u00e9sentation d\u2019un&#8230;<\/p>\n","protected":false},"author":2,"featured_media":0,"parent":0,"menu_order":0,"comment_status":"closed","ping_status":"closed","template":"","meta":{"_acf_changed":false,"footnotes":""},"class_list":["post-10","page","type-page","status-publish","hentry"],"acf":[],"_links":{"self":[{"href":"https:\/\/qprn.ca\/fr\/wp-json\/wp\/v2\/pages\/10","targetHints":{"allow":["GET"]}}],"collection":[{"href":"https:\/\/qprn.ca\/fr\/wp-json\/wp\/v2\/pages"}],"about":[{"href":"https:\/\/qprn.ca\/fr\/wp-json\/wp\/v2\/types\/page"}],"author":[{"embeddable":true,"href":"https:\/\/qprn.ca\/fr\/wp-json\/wp\/v2\/users\/2"}],"replies":[{"embeddable":true,"href":"https:\/\/qprn.ca\/fr\/wp-json\/wp\/v2\/comments?post=10"}],"version-history":[{"count":3,"href":"https:\/\/qprn.ca\/fr\/wp-json\/wp\/v2\/pages\/10\/revisions"}],"predecessor-version":[{"id":20701,"href":"https:\/\/qprn.ca\/fr\/wp-json\/wp\/v2\/pages\/10\/revisions\/20701"}],"wp:attachment":[{"href":"https:\/\/qprn.ca\/fr\/wp-json\/wp\/v2\/media?parent=10"}],"curies":[{"name":"wp","href":"https:\/\/api.w.org\/{rel}","templated":true}]}}