{"id":8539,"date":"2022-04-21T11:33:37","date_gmt":"2022-04-21T15:33:37","guid":{"rendered":"https:\/\/qprn.ca\/service-imagerie\/"},"modified":"2024-02-23T14:31:19","modified_gmt":"2024-02-23T19:31:19","slug":"imaging-service","status":"publish","type":"page","link":"https:\/\/qprn.ca\/en\/imaging-service\/","title":{"rendered":"imaging service"},"content":{"rendered":"\n<p>Non-invasive techniques are promoted in order to improve the understanding of the mechanisms underlying pain, but also to meet the needs of preclinical and clinical poles which aim to improve the predictability of diagnostic tools aimed at optimizing care trajectories in a context of chronic diseases. The expert members of the QPRN can train you, help you access state-of-the-art structures and support you in the development of your project, as well as in the collection and interpretation of data.<br><\/p>\n\n\n\n<div style=\"height:20px\" aria-hidden=\"true\" class=\"wp-block-spacer\"><\/div>\n\n\n\n<div class=\"wp-block-columns is-layout-flex wp-container-core-columns-is-layout-9d6595d7 wp-block-columns-is-layout-flex\">\n<div class=\"wp-block-column is-layout-flow wp-block-column-is-layout-flow\">\n<figure class=\"wp-block-image size-full\"><img loading=\"lazy\" decoding=\"async\" width=\"700\" height=\"467\" src=\"https:\/\/qprn.ca\/wp-content\/uploads\/2022\/04\/pexels-cottonbro-5723877-00-1.jpg\" alt=\"\" class=\"wp-image-8390\" title=\"\"><\/figure>\n\n\n\n<h3 class=\"wp-block-heading\">equipment and location<\/h3>\n\n\n\n<p><strong>Magnetic resonance imaging<\/strong><br>&#8211; Universit\u00e9 de Montr\u00e9al, Institut universitaire de g\u00e9riatrie<br>&#8211; Centre Universitaire Sant\u00e9 McGill, Montreal General Hopital<br>&#8211; Universit\u00e9 Laval, CERVO research centre<br>&#8211; Universit\u00e9 Concordia<br>&#8211; Universit\u00e9 de Sherbrooke<br>&#8211; McGill University, Montreal Neurological Institute and Hospital (IRM7T)<\/p>\n\n\n\n<p><strong>Imagerie par r\u00e9sonance magn\u00e9tique humain\/rongeur<\/strong><br>&#8211; Douglas Mental Health University Institute<br>&#8211; McGill University, Montreal Neurological Institute and Hospital (IRM7T)<br><br><strong>Positron emission tomography<\/strong><br>&#8211; Universit\u00e9 McGill, Montreal Neurological Institute and Hospital<br>&#8211; Universit\u00e9 de Montr\u00e9al, Centre hospitalier Universit\u00e9 Montr\u00e9al<br>&#8211; Universit\u00e9 Concordia<br>&#8211; Universit\u00e9 de Sherbrooke<\/p>\n\n\n\n<p><strong>Magnetoencephalography<\/strong><br>&#8211; Universit\u00e9 de Montr\u00e9al, Psychology department<br>&#8211; McGill University, Montreal Neurological Institute and Hospital<br><br><br><br><\/p>\n<\/div>\n\n\n\n<div class=\"wp-block-column is-layout-flow wp-block-column-is-layout-flow\">\n<figure class=\"wp-block-image size-full is-resized\"><img loading=\"lazy\" decoding=\"async\" width=\"700\" height=\"467\" src=\"https:\/\/qprn.ca\/wp-content\/uploads\/2022\/04\/pexels-cottonbro-5723883-00.jpg\" alt=\"\" class=\"wp-image-8393\" style=\"width:557px;height:371px\" title=\"\"><\/figure>\n\n\n\n<h3 class=\"wp-block-heading\">advice\/support and Training<\/h3>\n\n\n\n<p><strong>Advice<\/strong><br>Advice on planning experiments<br>Pilot tests<br>Quality control (MRI sequence test)<br>Analysis and data transfer<br>Grant writing<br><br><strong>Training<\/strong><br>&#8211; Help for students<br>&#8211; Workshops<br><\/p>\n<\/div>\n<\/div>\n\n\n\n<p>The experience of our members can enrich, accelerate and propel your projects.<\/p>\n\n\n\n<p><strong><a href=\"&#x6d;&#x61;&#x69;&#108;&#116;o:&#x6d;&#x61;&#x74;&#104;&#105;eu&#x2e;&#x72;&#x6f;&#121;&#51;&#64;m&#x63;&#x67;&#x69;&#108;&#108;&#46;c&#x61;?subject=RQRD_Service imagerie\" target=\"_blank\" rel=\"noreferrer noopener\">Contact us<\/a><\/strong><\/p>\n","protected":false},"excerpt":{"rendered":"<p>Non-invasive techniques are promoted in order to improve the understanding of the mechanisms underlying pain,&#8230;<\/p>\n","protected":false},"author":3,"featured_media":0,"parent":0,"menu_order":0,"comment_status":"closed","ping_status":"closed","template":"","meta":{"_acf_changed":false,"footnotes":""},"class_list":["post-8539","page","type-page","status-publish","hentry"],"acf":[],"_links":{"self":[{"href":"https:\/\/qprn.ca\/en\/wp-json\/wp\/v2\/pages\/8539","targetHints":{"allow":["GET"]}}],"collection":[{"href":"https:\/\/qprn.ca\/en\/wp-json\/wp\/v2\/pages"}],"about":[{"href":"https:\/\/qprn.ca\/en\/wp-json\/wp\/v2\/types\/page"}],"author":[{"embeddable":true,"href":"https:\/\/qprn.ca\/en\/wp-json\/wp\/v2\/users\/3"}],"replies":[{"embeddable":true,"href":"https:\/\/qprn.ca\/en\/wp-json\/wp\/v2\/comments?post=8539"}],"version-history":[{"count":0,"href":"https:\/\/qprn.ca\/en\/wp-json\/wp\/v2\/pages\/8539\/revisions"}],"wp:attachment":[{"href":"https:\/\/qprn.ca\/en\/wp-json\/wp\/v2\/media?parent=8539"}],"curies":[{"name":"wp","href":"https:\/\/api.w.org\/{rel}","templated":true}]}}