{"id":3565,"date":"2020-10-13T14:07:23","date_gmt":"2020-10-13T18:07:23","guid":{"rendered":"https:\/\/qprn.ca\/notre-mission\/"},"modified":"2026-04-16T10:15:50","modified_gmt":"2026-04-16T14:15:50","slug":"our-mission","status":"publish","type":"page","link":"https:\/\/qprn.ca\/en\/our-mission\/","title":{"rendered":"Our mission"},"content":{"rendered":"\n<h2 class=\"wp-block-heading\">QPRN structure <\/h2>\n\n\n\n<p>We aim at achieving this mission through cohesive efforts of more than 140 researchers from 12 universities in 7 of Quebec\u2019s administrative regions. A great number of trainees from their research teams are key contributors to its work, not to mention the countless collaborations with people living with pain, their families, heathcare teams and various partners in the Quebec, Canadian and international pain ecosystem.<\/p>\n\n\n\n<p>The Pain Network is committed to an equal scientific co-leadership that reflects the diversity of its members&#8217; research approaches. Alongside the executive management, the Pain Network has established a steering committee, a management committee, a scientific committee, and a student committee to meet the needs of its members. All activities are supported by two full-time employees (executive director and scientific coordinator) whose services are available to members. The Pain Network offers three areas of support to its members and the community:<\/p>\n\n\n\n<p><strong>i. Individual support:<\/strong> members members can benefit from several programs (e.g., Registry Access Program, Invited Speaker, Event Support, Knowledge Popularization Support, Pilot Projects, Research Participation Portal), Partners at the Partnering in Pain Research Program (assisting with patient engagement), travel awards, internship grants, and many others.<\/p>\n\n\n\n<p><strong>ii. Support for collaborative projects: <\/strong>Multidisciplinary research consortia have been set up to carry out large-scale projects. The Pain Network also facilitates networking with partners, consortia facilitation, and representation on strategic committees.<\/p>\n\n\n\n<p><strong>iii. Community support:<\/strong> The Pain Network has implemented several knowledge transfer initiatives, including popularized scientific summaries, videos, podcasts, pain awareness campaigns, and many others.<\/p>\n\n\n\n<div style=\"height:30px\" aria-hidden=\"true\" class=\"wp-block-spacer\"><\/div>\n\n\n\n<h2 class=\"wp-block-heading\" id=\"initiatives\">Consortia<\/h2>\n\n\n\n<p>In line with our mission, the interdisciplinary Consortia described below were formed following various consultations with our members and ecosystem stakeholders. Our strategic priorities cover a continuum from preclinical research to knowledge mobilisation with stakeholders. Each consortium is led by three leaders who combine expertise in preclinical and clinical science with people with lived experience of pain.<\/p>\n\n\n\n<div style=\"height:30px\" aria-hidden=\"true\" class=\"wp-block-spacer\"><\/div>\n\n\n\n<h4 class=\"wp-block-heading\">Quebec Consortium on Treatment Efficacy and Safety<\/h4>\n\n\n\n<div class=\"wp-block-columns is-layout-flex wp-container-core-columns-is-layout-9d6595d7 wp-block-columns-is-layout-flex\">\n<div class=\"wp-block-column is-layout-flow wp-block-column-is-layout-flow\">\n<figure class=\"wp-block-image size-full\"><img loading=\"lazy\" decoding=\"async\" width=\"1400\" height=\"934\" src=\"https:\/\/qprn.ca\/wp-content\/uploads\/2025\/03\/1-en.png\" alt=\"\" class=\"wp-image-17292\" title=\"\" srcset=\"https:\/\/qprn.ca\/wp-content\/uploads\/2025\/03\/1-en.png 1400w, https:\/\/qprn.ca\/wp-content\/uploads\/2025\/03\/1-en-700x467.png 700w, https:\/\/qprn.ca\/wp-content\/uploads\/2025\/03\/1-en-768x512.png 768w\" sizes=\"auto, (max-width: 1400px) 100vw, 1400px\" \/><\/figure>\n<\/div>\n\n\n\n<div class=\"wp-block-column is-layout-flow wp-block-column-is-layout-flow\">\n<p><strong>Directors : <a href=\"https:\/\/qprn.ca\/en\/investigator\/eric-troncy\/\" target=\"_blank\" rel=\"noreferrer noopener\">\u00c9ric Troncy<\/a><\/strong>, researcher at Universit\u00e9 de Montr\u00e9al, <strong><a href=\"https:\/\/qprn.ca\/en\/investigator\/melanie-berube\/\" target=\"_blank\" rel=\"noreferrer noopener\">M\u00e9lanie B\u00e9rub\u00e9<\/a><\/strong>, researcher at Universit\u00e9 Laval, <strong><a href=\"https:\/\/qprn.ca\/en\/investigator\/laurent-dupuis\/\" target=\"_blank\" rel=\"noreferrer noopener\">Laurent Dupuis<\/a><\/strong>, patient partner, <strong><a href=\"https:\/\/qprn.ca\/en\/investigator\/annie-levesque\/\" target=\"_blank\" rel=\"noreferrer noopener\">Annie Levesque<\/a><\/strong>, patient partner<\/p>\n\n\n\n<p>Trainee representatives : <strong>Claudie Audet <\/strong>and <strong>Alexa Coulombe-Lev\u00eaque<\/strong> <\/p>\n\n\n\n<p>The opioid crisis, cannabis legalization, self-medication, adverse effects, treatment inefficacy, interindividual variability in treatment response, stigma and misconceptions are just a few of the many challenges related to the pharmacological treatment of pain. The main objective of this multidisciplinary Consortium is to ensure that a wide range of therapeutic approaches, whether pharmacological, alternative or innovative, are tailored to individual needs, while limiting adverse effects. <br><a href=\"https:\/\/qprn.ca\/en\/2025\/05\/15\/quebec-consortium-on-treatment-efficacy-and-safety\/\" target=\"_blank\" rel=\"noreferrer noopener\">View scientific advances<\/a>.<\/p>\n<\/div>\n<\/div>\n\n\n\n<div style=\"height:30px\" aria-hidden=\"true\" class=\"wp-block-spacer\"><\/div>\n\n\n\n<h4 class=\"wp-block-heading\">Quebec Consortium on Eco-Bio-Psycho-Social Therapies and Approaches<\/h4>\n\n\n\n<div class=\"wp-block-columns is-layout-flex wp-container-core-columns-is-layout-9d6595d7 wp-block-columns-is-layout-flex\">\n<div class=\"wp-block-column is-layout-flow wp-block-column-is-layout-flow\">\n<figure class=\"wp-block-image size-full\"><img loading=\"lazy\" decoding=\"async\" width=\"1400\" height=\"934\" src=\"https:\/\/qprn.ca\/wp-content\/uploads\/2025\/03\/2-en.png\" alt=\"\" class=\"wp-image-17295\" title=\"\" srcset=\"https:\/\/qprn.ca\/wp-content\/uploads\/2025\/03\/2-en.png 1400w, https:\/\/qprn.ca\/wp-content\/uploads\/2025\/03\/2-en-700x467.png 700w, https:\/\/qprn.ca\/wp-content\/uploads\/2025\/03\/2-en-768x512.png 768w\" sizes=\"auto, (max-width: 1400px) 100vw, 1400px\" \/><\/figure>\n<\/div>\n\n\n\n<div class=\"wp-block-column is-layout-flow wp-block-column-is-layout-flow\">\n<p><strong>Directors : <a href=\"https:\/\/qprn.ca\/en\/investigator\/audrey-grant\/\">Audrey Grant<\/a><\/strong>, researcher at McGill University, <strong><a href=\"https:\/\/qprn.ca\/en\/investigator\/caroline-arbour\/\" target=\"_blank\" rel=\"noreferrer noopener\">Caroline Arbour<\/a><\/strong>, researcher at Universit\u00e9 de Montr\u00e9al, <strong><a href=\"https:\/\/qprn.ca\/en\/investigator\/kyrie-larcher\/\">Kyrie Larcher<\/a><\/strong>, patient partner and Catherine Lemyze, patient partner<\/p>\n\n\n\n<p>Trainee representatives: <strong>Celina D&#8217;Avila Felipe<\/strong> and <strong>Fr\u00e9d\u00e9rique Dupuis<\/strong> <\/p>\n\n\n\n<p>The main objective of this multidisciplinary Consortium is to ensure that all the factors involved in the experience of pain are take into account at every aspect of pain research and management. We can the diversity of the experience (pain spectrum) by considering the environment, the body and the mind for a holistic management.<br><a href=\"https:\/\/qprn.ca\/en\/2025\/05\/15\/quebec-consortium-on-eco-bio-psycho-social-therapies-and-approaches\/\" rel=\"sponsored\">View scientific advances<\/a>.<\/p>\n<\/div>\n<\/div>\n\n\n\n<div style=\"height:30px\" aria-hidden=\"true\" class=\"wp-block-spacer\"><\/div>\n\n\n\n<h4 class=\"wp-block-heading\">Quebec Consortium on Pain Prevention and Sustainable Health for All<\/h4>\n\n\n\n<div class=\"wp-block-columns is-layout-flex wp-container-core-columns-is-layout-9d6595d7 wp-block-columns-is-layout-flex\">\n<div class=\"wp-block-column is-layout-flow wp-block-column-is-layout-flow\">\n<figure class=\"wp-block-image size-full\"><img loading=\"lazy\" decoding=\"async\" width=\"1400\" height=\"934\" src=\"https:\/\/qprn.ca\/wp-content\/uploads\/2025\/03\/3-en.png\" alt=\"\" class=\"wp-image-17299\" title=\"\" srcset=\"https:\/\/qprn.ca\/wp-content\/uploads\/2025\/03\/3-en.png 1400w, https:\/\/qprn.ca\/wp-content\/uploads\/2025\/03\/3-en-700x467.png 700w, https:\/\/qprn.ca\/wp-content\/uploads\/2025\/03\/3-en-768x512.png 768w\" sizes=\"auto, (max-width: 1400px) 100vw, 1400px\" \/><\/figure>\n<\/div>\n\n\n\n<div class=\"wp-block-column is-layout-flow wp-block-column-is-layout-flow\">\n<p><strong>Directors : <a href=\"https:\/\/qprn.ca\/en\/investigator\/estelle-carde\/\" target=\"_blank\" rel=\"noreferrer noopener\">Estelle Carde<\/a><\/strong>, researcher at Universit\u00e9 de Montr\u00e9al,<strong><a href=\"https:\/\/qprn.ca\/en\/investigator\/jason-bouffard\/\"> Jason Bouffard<\/a><\/strong>, researcher at Universit\u00e9 Laval, <strong><a href=\"https:\/\/qprn.ca\/en\/investigator\/amy-doucet\/\" target=\"_blank\" rel=\"noreferrer noopener\">Amy Doucet<\/a><\/strong>, patient partner, <strong><a href=\"https:\/\/qprn.ca\/en\/investigator\/maripier-arcand-langlois\/\" target=\"_blank\" rel=\"noreferrer noopener\">Maripier Arcand-Langlois<\/a><\/strong>, patient partner<\/p>\n\n\n\n<p>Trainee representatives: <strong>Jos\u00e9anne Desrosiers<\/strong> and <strong>\u00c9milie Fortin <\/strong><\/p>\n\n\n\n<p>This multidisciplinary Consortium will focus on pain prevention, as well as the inclusion of populations disproportionately impacted by pain or marginalized by their social identity, both of which we believe are central to sustainable healthcare. The objective is to promote awareness and communication between actors of change for pain prevention through an inclusive approach.<br><a href=\"https:\/\/qprn.ca\/en\/2025\/05\/16\/quebec-consortium-on-pain-prevention-and-sustainable-health-for-all\/\" target=\"_blank\" rel=\"noreferrer noopener\">View scientific advances<\/a>.<\/p>\n<\/div>\n<\/div>\n\n\n\n<div style=\"height:30px\" aria-hidden=\"true\" class=\"wp-block-spacer\"><\/div>\n\n\n\n<h4 class=\"wp-block-heading\">Quebec Consortium on Continuum and Pain Care Trajectories<\/h4>\n\n\n\n<div class=\"wp-block-columns is-layout-flex wp-container-core-columns-is-layout-9d6595d7 wp-block-columns-is-layout-flex\">\n<div class=\"wp-block-column is-layout-flow wp-block-column-is-layout-flow\">\n<figure class=\"wp-block-image size-full\"><img loading=\"lazy\" decoding=\"async\" width=\"1400\" height=\"934\" src=\"https:\/\/qprn.ca\/wp-content\/uploads\/2025\/03\/4-en.png\" alt=\"\" class=\"wp-image-17301\" title=\"\" srcset=\"https:\/\/qprn.ca\/wp-content\/uploads\/2025\/03\/4-en.png 1400w, https:\/\/qprn.ca\/wp-content\/uploads\/2025\/03\/4-en-700x467.png 700w, https:\/\/qprn.ca\/wp-content\/uploads\/2025\/03\/4-en-768x512.png 768w\" sizes=\"auto, (max-width: 1400px) 100vw, 1400px\" \/><\/figure>\n<\/div>\n\n\n\n<div class=\"wp-block-column is-layout-flow wp-block-column-is-layout-flow\">\n<p><strong>Directors : <a href=\"https:\/\/qprn.ca\/en\/investigator\/gabrielle-page\/\" target=\"_blank\" rel=\"noreferrer noopener\">Gabrielle Pag\u00e9<\/a><\/strong>, researcher at Universit\u00e9 de Montr\u00e9al, <strong><a href=\"https:\/\/qprn.ca\/en\/investigator\/marc-andre-blanchette\/\" target=\"_blank\" rel=\"noreferrer noopener\">Marc-Andr\u00e9 Blanchette<\/a><\/strong>, researcher at Universit\u00e9 du Qu\u00e9bec \u00e0 Trois-Rivi\u00e8res, <strong><a href=\"https:\/\/qprn.ca\/en\/investigator\/lesley-singer\/\" target=\"_blank\" rel=\"noreferrer noopener\">Lesley Norris-Singer<\/a><\/strong>, patient partner<\/p>\n\n\n\n<p>Trainee representatives: <strong>Andr\u00e9anne Bernier<\/strong> and <strong>Genevi\u00e8ve Laporte<\/strong> <\/p>\n\n\n\n<p>It is important to study the journey of people living with chronic pain through the healthcare system, to drive favorable care trajectories through research progress and implement chronic pain self-management in the community. Some of the key aspects of this Consortium are evidence-based data, the development of knowledge mobilisation tools to foster a continuum, high added-value care trajectories focused on needs, timely and equitable service delivery as well as cost-effective outcomes for people living with pain.<br><a href=\"https:\/\/qprn.ca\/en\/2025\/05\/16\/quebec-consortium-on-continuum-and-pain-care-trajectories\/\" target=\"_blank\" rel=\"noreferrer noopener\">View scientific advances<\/a>.<\/p>\n\n\n\n<p><\/p>\n<\/div>\n<\/div>\n\n\n\n<div style=\"height:30px\" aria-hidden=\"true\" class=\"wp-block-spacer\"><\/div>\n\n\n\n<h4 class=\"wp-block-heading\">Quebec Consortium on Veteran\u2019s Health<\/h4>\n\n\n\n<div class=\"wp-block-columns is-layout-flex wp-container-core-columns-is-layout-9d6595d7 wp-block-columns-is-layout-flex\">\n<div class=\"wp-block-column is-layout-flow wp-block-column-is-layout-flow\">\n<figure class=\"wp-block-image size-full\"><img loading=\"lazy\" decoding=\"async\" width=\"1400\" height=\"934\" src=\"https:\/\/qprn.ca\/wp-content\/uploads\/2025\/03\/5-en.png\" alt=\"\" class=\"wp-image-17303\" title=\"\" srcset=\"https:\/\/qprn.ca\/wp-content\/uploads\/2025\/03\/5-en.png 1400w, https:\/\/qprn.ca\/wp-content\/uploads\/2025\/03\/5-en-700x467.png 700w, https:\/\/qprn.ca\/wp-content\/uploads\/2025\/03\/5-en-768x512.png 768w\" sizes=\"auto, (max-width: 1400px) 100vw, 1400px\" \/><\/figure>\n<\/div>\n\n\n\n<div class=\"wp-block-column is-layout-flow wp-block-column-is-layout-flow\">\n<p><strong>Director : <a href=\"https:\/\/qprn.ca\/en\/investigator\/timothy-wideman\/\" target=\"_blank\" rel=\"noreferrer noopener\">Timothy Wideman<\/a><\/strong>, researcher at McGill University,  <strong><a href=\"https:\/\/qprn.ca\/en\/investigator\/pascale-marier-deschenes\/\" target=\"_blank\" rel=\"noreferrer noopener\">Pascale Marier-Desch\u00eanes<\/a><\/strong>, researcher at Universit\u00e9 Laval and <strong>H\u00e9l\u00e8ne LeScelleur<\/strong>, patient partner<\/p>\n\n\n\n<p>Trainee representatives: <strong>Maureen Ahiatsi <\/strong>and <strong>Marim\u00e9e Godbout Parent <\/strong><\/p>\n\n\n\n<p>The objectives of this Consortium are to promote Quebec veterans\u2019 health research, to generate and disseminate knowledge adapted to the realities of this population, and to identify and understand their needs. We are also interested in their reality during the transition from military to civilian life, while facilitating research in French. <br><a href=\"https:\/\/qprn.ca\/en\/2025\/05\/16\/quebec-consortium-on-veterans-health\/\" target=\"_blank\" rel=\"noreferrer noopener\">View scientific advances<\/a>.<\/p>\n<\/div>\n<\/div>\n\n\n\n<div style=\"height:20px\" aria-hidden=\"true\" class=\"wp-block-spacer\"><\/div>\n\n\n\n<h2 class=\"wp-block-heading\">platforms and services<\/h2>\n\n\n\n<p>Platforms are common tools available for members in their individual research projects, the general pain research community, for people living with pain, their family and healthcare professionals. Various services are available via these platforms, which are led by senior researchers.<\/p>\n\n\n\n<p class=\"Read-more\"><strong><a href=\"https:\/\/qprn.ca\/en\/our-solutions\/#platforms\" target=\"_blank\" rel=\"noreferrer noopener\">Read more<\/a><\/strong><\/p>\n","protected":false},"excerpt":{"rendered":"<p>QPRN structure We aim at achieving this mission through cohesive efforts of more than 140&#8230;<\/p>\n","protected":false},"author":2,"featured_media":0,"parent":0,"menu_order":0,"comment_status":"closed","ping_status":"closed","template":"","meta":{"_acf_changed":false,"footnotes":""},"class_list":["post-3565","page","type-page","status-publish","hentry"],"acf":[],"_links":{"self":[{"href":"https:\/\/qprn.ca\/en\/wp-json\/wp\/v2\/pages\/3565","targetHints":{"allow":["GET"]}}],"collection":[{"href":"https:\/\/qprn.ca\/en\/wp-json\/wp\/v2\/pages"}],"about":[{"href":"https:\/\/qprn.ca\/en\/wp-json\/wp\/v2\/types\/page"}],"author":[{"embeddable":true,"href":"https:\/\/qprn.ca\/en\/wp-json\/wp\/v2\/users\/2"}],"replies":[{"embeddable":true,"href":"https:\/\/qprn.ca\/en\/wp-json\/wp\/v2\/comments?post=3565"}],"version-history":[{"count":3,"href":"https:\/\/qprn.ca\/en\/wp-json\/wp\/v2\/pages\/3565\/revisions"}],"predecessor-version":[{"id":21126,"href":"https:\/\/qprn.ca\/en\/wp-json\/wp\/v2\/pages\/3565\/revisions\/21126"}],"wp:attachment":[{"href":"https:\/\/qprn.ca\/en\/wp-json\/wp\/v2\/media?parent=3565"}],"curies":[{"name":"wp","href":"https:\/\/api.w.org\/{rel}","templated":true}]}}