{"id":17773,"date":"2025-04-23T12:33:06","date_gmt":"2025-04-23T16:33:06","guid":{"rendered":"https:\/\/qprn.ca\/financement-conjoint-avec-lassociation-quebecoise-de-physiotherapie\/"},"modified":"2025-06-02T03:23:10","modified_gmt":"2025-06-02T07:23:10","slug":"apq-qprn-clinical-research-partnership-2025-2026","status":"publish","type":"page","link":"https:\/\/qprn.ca\/en\/apq-qprn-clinical-research-partnership-2025-2026\/","title":{"rendered":"APQ-QPRN CLINICAL RESEARCH PARTNERSHIP 2025-2026"},"content":{"rendered":"\n<div style=\"height:20px\" aria-hidden=\"true\" class=\"wp-block-spacer\"><\/div>\n\n\n\n<h2 class=\"wp-block-heading\">Overview<\/h2>\n\n\n\n<p>The main goal of this partnership between the Association qu\u00e9b\u00e9coise de la physioth\u00e9rapie (AQP) and the Quebec Pain Research Network (QPRN) is to promote evidence-informed physiotherapy practice in the context of pain management. It enables physiotherapists and physiotherapy technologists who are members of the AQP (and thus the Canadian Physiotherapy Association \u2013 CPA) and the QPRN to initiate innovative projects with high potential impact. This partnership primarily aims to foster the development of projects that improve access to physiotherapy services and enhance the quality and quantity of services provided to people living with pain in Quebec.<\/p>\n\n\n\n<p>Focused on physiotherapy and pain (acute or chronic), funded projects must address issues related to one of the following themes: organizational and administrative structures of the Quebec healthcare system, care and service trajectories, advanced physiotherapy practices, improvement of patient monitoring and assessment tools, and the implementation of new service delivery models or new interventions. Regardless of the theme, the project must clearly aim to improve access to or interventions in physiotherapy for populations experiencing pain. Projects with demonstrated potential to secure external research funding will be prioritized.<\/p>\n\n\n\n<p>The AQP \u2014 QPRN partnership aims to potentially achieve the following objectives:<\/p>\n\n\n\n<ul class=\"wp-block-list\">\n<li>Support collaborative research in pain that promotes multicenter and multidisciplinary efforts in physiotherapy, both provincially and nationally.<\/li>\n\n\n\n<li>Increase recognition of physiotherapy and foster the full use of its scope and potential in Quebec\u2019s health service delivery.<\/li>\n\n\n\n<li>Support researchers with physiotherapy training working in the field of pain, and promote the development of leading-edge expertise in this area.<\/li>\n\n\n\n<li>Build partnerships among organizations interested in funding strategic areas of physiotherapy research related to pain.<\/li>\n\n\n\n<li>Promote knowledge transfer and exchange, as well as the uptake and use of research data by clinicians in their daily practice.<\/li>\n\n\n\n<li>Highlight and disseminate physiotherapy research results and impacts.<\/li>\n<\/ul>\n\n\n\n<div style=\"height:20px\" aria-hidden=\"true\" class=\"wp-block-spacer\"><\/div>\n\n\n\n<h2 class=\"wp-block-heading\">Eligibility criteria<\/h2>\n\n\n\n<ul class=\"wp-block-list\">\n<li>The principal applicant must have been a member of the Quebec Physiotherapy Association (AQP: <a href=\"https:\/\/www.aqp.quebec\/tarifs\/\" target=\"_blank\" rel=\"noreferrer noopener\">how to become a member<\/a>) for at least three months and a regular member of the QPRN. If the principal applicant is not a QPRN member, they must apply jointly with a co-principal applicant who is. Other co-applicants or collaborators may be from outside Quebec.<\/li>\n\n\n\n<li>The principal applicant must be a physiotherapist or physiotherapy technologist and a member of the OPPQ. Holding a master&#8217;s or doctoral research degree is considered an asset.<\/li>\n\n\n\n<li>The research team must include members from at least two universities, clinical settings, or research centers. The principal applicant will represent the research team and act as the main contact.<\/li>\n\n\n\n<li>Each principal applicant may submit only one proposal as the lead but may participate as a co-applicant on a second submission. A maximum of two submissions per individual (as applicant and\/or co-applicant) is allowed.<\/li>\n\n\n\n<li>Individuals currently holding an AQP research grant may not submit a new proposal as a principal applicant during the grant\u2019s active period.<\/li>\n\n\n\n<li>The project must align with one of the AQP\u2019s strategic goals aimed at improving access to and quality of physiotherapy services in Quebec (AQP Strategic Plan).<\/li>\n\n\n\n<li>The research team must clearly demonstrate the project\u2019s innovative nature and how it differs from any current projects led by the same team.<\/li>\n<\/ul>\n\n\n\n<div style=\"height:20px\" aria-hidden=\"true\" class=\"wp-block-spacer\"><\/div>\n\n\n\n<h2 class=\"wp-block-heading\">Scientific evaluation criteria<\/h2>\n\n\n\n<p>Funding decisions will be based on the following:<\/p>\n\n\n\n<ul class=\"wp-block-list\">\n<li>Clearly articulated project objectives;<\/li>\n\n\n\n<li>Demonstrated complementarity of clinical and research expertise within the team, whether newly formed or already established;<\/li>\n\n\n\n<li>Scientific quality of the project (methodology);<\/li>\n\n\n\n<li>Relevance of the project to the program and its stated research directions;<\/li>\n\n\n\n<li>Project feasibility: physical, human and material resources, timeline, budget;<\/li>\n\n\n\n<li>Demonstration of potential impact on access, quality and volume of care and services, clinical practice and services offered in pain, as well as the potential to lead to external funding;<\/li>\n\n\n\n<li>Quality of the knowledge transfer and uptake plan.<\/li>\n<\/ul>\n\n\n\n<div style=\"height:20px\" aria-hidden=\"true\" class=\"wp-block-spacer\"><\/div>\n\n\n\n<h2 class=\"wp-block-heading\">Application submission<\/h2>\n\n\n\n<p>Applications are submitted online via the \u201cSend application\u201d link at the bottom of the page. You will receive confirmation upon receipt. If you do not receive confirmation within 48 hours, contact the QPRN coordination team at &#103;&#x65;s&#116;&#x69;o&#110;&#x40;q&#112;&#x72;n&#46;&#x63;a.<\/p>\n\n\n\n<ul class=\"wp-block-list\">\n<li>Rational (150 words)<\/li>\n\n\n\n<li>Objectives and hypotheses (if applicable) (150 words)<\/li>\n\n\n\n<li>Methodology (1,200 words)<\/li>\n\n\n\n<li>Scientific, clinical, and\/or social relevance (150 words)<\/li>\n\n\n\n<li>Strategies to promote equity, diversity, and inclusion (150 words)<\/li>\n\n\n\n<li>A justified budget (file to upload), excluding student salaries (only scholarship top-ups are allowed, e.g., for a student hired for one term)<\/li>\n\n\n\n<li>Information on the project\u2019s ethical status (if available)<\/li>\n\n\n\n<li>The Canadian Common CV in CIHR Biosketch format for each involved researcher<\/li>\n\n\n\n<li>In-text citation format is flexible. A reference list and figures may be attached as a separate file under the \u201cOther documents\u201d section<\/li>\n<\/ul>\n\n\n\n<p>Research teams are encouraged to consider the following:<\/p>\n\n\n\n<ul class=\"wp-block-list\">\n<li>The inclusion of trainees (undergraduate to postdoctoral) and\/or clinicians.<\/li>\n\n\n\n<li>Pilot projects should provide training opportunities for students or postdoctoral fellows, and a means of generating data for a larger-scale project in order to apply for funding from a clearly identified funding agency.<\/li>\n\n\n\n<li>The innovative nature of the project must be demonstrated; it must not be a sub-project or a continuation of an existing one.<\/li>\n<\/ul>\n\n\n\n<div style=\"height:20px\" aria-hidden=\"true\" class=\"wp-block-spacer\"><\/div>\n\n\n\n<h2 class=\"wp-block-heading\">Review process<\/h2>\n\n\n\n<p>Applications will be evaluated by a bipartite committee made up of representatives from AQP and RQRD, and two partner organizations. This committee meets on an ad hoc basis.<\/p>\n\n\n\n<p>Eligibility will be determined by representatives of the partner organizations, not the review committee. Only eligible applications will be forwarded to the bipartite committee for evaluation.<\/p>\n\n\n\n<p>The review committee consists of three members: one from the AQP and two QPRN regular members who are physiotherapists or physiotherapy technologists. The AQP representative must be approved by the AQP Executive Committee.<\/p>\n\n\n\n<p>The committee submits its funding recommendation to the AQP Board of Directors and the QPRN Executive Committee, which will award the grant. QPRN will be responsible for transferring the grant to the awarded applicant.<\/p>\n\n\n\n<div style=\"height:20px\" aria-hidden=\"true\" class=\"wp-block-spacer\"><\/div>\n\n\n\n<h2 class=\"wp-block-heading\">Funding details<\/h2>\n\n\n\n<ul class=\"wp-block-list\">\n<li>The maximum amount for the AQP &#8211; QPRN partnership is $30,000. However, the research team may submit a budget in excess of $30,000 by providing proof of additional funding.<\/li>\n\n\n\n<li>Budgets must comply with FRQ eligible and ineligible expense guidelines.<\/li>\n\n\n\n<li>Maximum project duration is two (2) years from the funding date. Extensions are only granted under exceptional circumstances with a clear rationale provided at least six (6) months before the project end date.<\/li>\n\n\n\n<li>Unused funds at the project\u2019s conclusion must be returned to the granting bodies (AQP and QPRN).<\/li>\n<\/ul>\n\n\n\n<div style=\"height:20px\" aria-hidden=\"true\" class=\"wp-block-spacer\"><\/div>\n\n\n\n<h2 class=\"wp-block-heading\">Recipient obligations<\/h2>\n\n\n\n<ul class=\"wp-block-list\">\n<li>A one-page summary of the results obtained will be required and may be published in Physio Canada magazine and on the AQP website, or by other means. The team may be asked to present its results at an AQP event.<\/li>\n\n\n\n<li>Acknowledge the funders (AQP and QPRN) in all presentations and publications related to the funded project.<\/li>\n\n\n\n<li>Carry out the project within 24 months (two years) of the grant payment, with no possibility of extension except for exceptional reasons, as specified in the previous section.<\/li>\n\n\n\n<li>Submit a progress report 2 years after the start of the grant, then an update 4 years after the start of the grant. A link will be sent to the recipient with all the information concerning the desired content.<\/li>\n\n\n\n<li>The recipient and members of the research team will be involved in QPRN activities when requested.<\/li>\n\n\n\n<li>The recipient will act as an evaluating member for the 2026-2027 call for proposals.<\/li>\n<\/ul>\n\n\n\n<div style=\"height:20px\" aria-hidden=\"true\" class=\"wp-block-spacer\"><\/div>\n\n\n\n<h2 class=\"wp-block-heading\">Application deadline for 2025-2026<\/h2>\n\n\n\n<p><strong>Applications must be submitted via the QPRN extranet (online submission) by June 1, 2025.<\/strong><br>For any questions, contact H\u00e9l\u00e8ne Beaudry, Executive Director of the QPRN, at &#x68;e&#x6c;&#101;n&#x65;&#46;&#x62;&#101;a&#x75;&#100;&#x72;&#121;&#64;&#x71;&#112;&#x72;&#x6e;&#46;&#x63;&#97;.<\/p>\n\n\n\n<div style=\"height:20px\" aria-hidden=\"true\" class=\"wp-block-spacer\"><\/div>\n\n\n\n<div class=\"wp-block-buttons is-content-justification-center is-layout-flex wp-container-core-buttons-is-layout-16018d1d wp-block-buttons-is-layout-flex\">\n<div class=\"wp-block-button\"><a class=\"wp-block-button__link wp-element-button\">Send application<\/a><\/div>\n<\/div>\n\n\n\n<p><\/p>\n","protected":false},"excerpt":{"rendered":"<p>Overview The main goal of this partnership between the Association qu\u00e9b\u00e9coise de la physioth\u00e9rapie (AQP)&#8230;<\/p>\n","protected":false},"author":3,"featured_media":0,"parent":0,"menu_order":0,"comment_status":"closed","ping_status":"closed","template":"","meta":{"_acf_changed":false,"footnotes":""},"class_list":["post-17773","page","type-page","status-publish","hentry"],"acf":[],"_links":{"self":[{"href":"https:\/\/qprn.ca\/en\/wp-json\/wp\/v2\/pages\/17773","targetHints":{"allow":["GET"]}}],"collection":[{"href":"https:\/\/qprn.ca\/en\/wp-json\/wp\/v2\/pages"}],"about":[{"href":"https:\/\/qprn.ca\/en\/wp-json\/wp\/v2\/types\/page"}],"author":[{"embeddable":true,"href":"https:\/\/qprn.ca\/en\/wp-json\/wp\/v2\/users\/3"}],"replies":[{"embeddable":true,"href":"https:\/\/qprn.ca\/en\/wp-json\/wp\/v2\/comments?post=17773"}],"version-history":[{"count":0,"href":"https:\/\/qprn.ca\/en\/wp-json\/wp\/v2\/pages\/17773\/revisions"}],"wp:attachment":[{"href":"https:\/\/qprn.ca\/en\/wp-json\/wp\/v2\/media?parent=17773"}],"curies":[{"name":"wp","href":"https:\/\/api.w.org\/{rel}","templated":true}]}}