{"id":17657,"date":"2025-04-11T19:15:23","date_gmt":"2025-04-11T23:15:23","guid":{"rendered":"https:\/\/qprn.ca\/programme-parlons-douleur\/"},"modified":"2026-03-18T11:13:30","modified_gmt":"2026-03-18T15:13:30","slug":"lets-talk-about-pain-program","status":"publish","type":"page","link":"https:\/\/qprn.ca\/en\/lets-talk-about-pain-program\/","title":{"rendered":"&#8220;Let&#8217;s talk about pain&#8221; Program"},"content":{"rendered":"\n<div style=\"height:20px\" aria-hidden=\"true\" class=\"wp-block-spacer\"><\/div>\n\n\n\n<h3 class=\"wp-block-heading\">Program &#8211; Open<\/h3>\n\n\n\n<div style=\"height:20px\" aria-hidden=\"true\" class=\"wp-block-spacer\"><\/div>\n\n\n\n<h2 class=\"wp-block-heading\">Program Overview<\/h2>\n\n\n\n<p>By participating in the program, you\u2019ll have the opportunity to <strong>create one or more science communication podcast episodes<\/strong>, lasting 10 to 30 minutes, on the topic of pain and intended for the general public. The goal of this program is to introduce you to all stages of podcast creation and provide guidance from initial concept to final publication.<\/p>\n\n\n\n<p>The existing episode formats are:<\/p>\n\n\n\n<ul class=\"wp-block-list\">\n<li><strong>Interview with a research supervisor<\/strong>. A student interviews their research supervisor.<\/li>\n\n\n\n<li><strong>Interview-discussion<\/strong>. A student engages in a conversation with one or two guests, such as a patient, a clinician, or a partner.<\/li>\n\n\n\n<li><strong>Peer interview<\/strong>. A student interviews another student from a different research field to discuss their own interests related to pain research.<\/li>\n\n\n\n<li><strong>Conference interview<\/strong>. A student discusses a selected topic with attendees at a scientific conference or presents a summary of the event.<\/li>\n\n\n\n<li><strong>New format<\/strong>. Feel free to suggest your own ideas if you\u2019re interested in exploring a different format.<\/li>\n<\/ul>\n\n\n\n<p>QPRN will guide you through the ideation of your episodes, the development of your interview plan, the interview content itself, and the editing of your episode. This support will provide you with all the tools you need to independently create your own content.<\/p>\n\n\n\n<p>QPRN can also lend you professional recording equipment, including a Zoom H5 recorder and microphones. Please note that if you are affiliated with the Universit\u00e9 de Sherbrooke or the Universit\u00e9 du Qu\u00e9bec en Abitibi-T\u00e9miscamingue, you have access to a professional recording studio, with specialists available to assist you with both recording and editing. We encourage you to look into local resources to give yourself the best chance of success.<\/p>\n\n\n\n<div style=\"height:20px\" aria-hidden=\"true\" class=\"wp-block-spacer\"><\/div>\n\n\n\n<h2 class=\"wp-block-heading\">Exposure<\/h2>\n\n\n\n<p>Your episode will receive <strong>media coverage through the social media channels<\/strong> of the Pain Network and the Quebec Chronic Pain Association. It will be published on our Let\u2019s Talk About Pain podcast channel and distributed across multiple platforms such as Spotify, Deezer, Apple Podcasts, Google Podcasts, and more. Your episode will also be featured on the Pain Network\u2019s YouTube channel, which has nearly 100,000 subscribers.<\/p>\n\n\n\n<p>The Pain Network will handle the publication of your content and create promotional visuals. This will allow you to <strong>showcase your work by easily sharing our posts\u2014designed by a professional communications team<\/strong>.<\/p>\n\n\n\n<div style=\"height:20px\" aria-hidden=\"true\" class=\"wp-block-spacer\"><\/div>\n\n\n\n<h2 class=\"wp-block-heading\">Eligibility Criteria<\/h2>\n\n\n\n<ul class=\"wp-block-list\">\n<li>Being affiliated with a Quebec university and conducting research in a field related to pain;<\/li>\n\n\n\n<li>Being supervised by a regular member of the Quebec Pain Research Network;<\/li>\n\n\n\n<li>Being an active member of the Quebec Network of Junior Pain Investigators (QNJPI) prior to the competition\u2019s opening.<\/li>\n<\/ul>\n\n\n\n<div style=\"height:20px\" aria-hidden=\"true\" class=\"wp-block-spacer\"><\/div>\n\n\n\n<p><strong><a href=\"https:\/\/open.spotify.com\/show\/04P0ALwD7ket86YrJBkJsW\" target=\"_blank\" rel=\"noreferrer noopener\">Explore examples<\/a><\/strong><\/p>\n\n\n\n<div style=\"height:20px\" aria-hidden=\"true\" class=\"wp-block-spacer\"><\/div>\n\n\n\n<div class=\"wp-block-buttons is-content-justification-center is-layout-flex wp-container-core-buttons-is-layout-16018d1d wp-block-buttons-is-layout-flex\">\n<div class=\"wp-block-button\"><a class=\"wp-block-button__link wp-element-button\" href=\"https:\/\/qprn.ca\/en\/demande-de-soutien-a-la-vulgarisation\/\" target=\"_blank\" rel=\"noreferrer noopener\">PARTICIPATE IN THE PROGRAM<\/a><\/div>\n<\/div>\n\n\n\n<p><\/p>\n","protected":false},"excerpt":{"rendered":"<p>Program &#8211; Open Program Overview By participating in the program, you\u2019ll have the opportunity to&#8230;<\/p>\n","protected":false},"author":2,"featured_media":0,"parent":0,"menu_order":0,"comment_status":"closed","ping_status":"closed","template":"","meta":{"_acf_changed":false,"footnotes":""},"class_list":["post-17657","page","type-page","status-publish","hentry"],"acf":[],"_links":{"self":[{"href":"https:\/\/qprn.ca\/en\/wp-json\/wp\/v2\/pages\/17657","targetHints":{"allow":["GET"]}}],"collection":[{"href":"https:\/\/qprn.ca\/en\/wp-json\/wp\/v2\/pages"}],"about":[{"href":"https:\/\/qprn.ca\/en\/wp-json\/wp\/v2\/types\/page"}],"author":[{"embeddable":true,"href":"https:\/\/qprn.ca\/en\/wp-json\/wp\/v2\/users\/2"}],"replies":[{"embeddable":true,"href":"https:\/\/qprn.ca\/en\/wp-json\/wp\/v2\/comments?post=17657"}],"version-history":[{"count":1,"href":"https:\/\/qprn.ca\/en\/wp-json\/wp\/v2\/pages\/17657\/revisions"}],"predecessor-version":[{"id":20768,"href":"https:\/\/qprn.ca\/en\/wp-json\/wp\/v2\/pages\/17657\/revisions\/20768"}],"wp:attachment":[{"href":"https:\/\/qprn.ca\/en\/wp-json\/wp\/v2\/media?parent=17657"}],"curies":[{"name":"wp","href":"https:\/\/api.w.org\/{rel}","templated":true}]}}